{"id":1623,"date":"2024-09-18T13:20:45","date_gmt":"2024-09-18T10:20:45","guid":{"rendered":"https:\/\/texus.fi\/?post_type=product&#038;p=1623"},"modified":"2025-05-19T12:32:35","modified_gmt":"2025-05-19T09:32:35","slug":"oscal-blackview-oscal-powermax-6000-kannettava-virta-asema","status":"publish","type":"product","link":"https:\/\/texus.fi\/fi\/oscal-blackview-oscal-powermax-6000-kannettava-virta-asema\/","title":{"rendered":"Oscal &#8211; PowerMax 6000 Kannettava virta-asema"},"content":{"rendered":"<p>Virtaa kaikkiin suuritehoisiin kodin laitteisiin vaivattomasti.<\/p>\n<p>Jopa 57,6 kWh:n suuri akku, 6000 W korkea teho, 120\/240 V kaksoisj\u00e4nnite.<\/p>\n<p><a href=\"https:\/\/texus.fi\/?attachment_id=1663\" rel=\"attachment wp-att-1663\"><img fetchpriority=\"high\" decoding=\"async\" class=\"aligncenter size-full wp-image-1663\" src=\"https:\/\/texus.fi\/wp-content\/uploads\/2024\/09\/Fall-600.png\" alt=\"\" width=\"507\" height=\"409\" srcset=\"https:\/\/texus.fi\/wp-content\/uploads\/2024\/09\/Fall-600.png 507w, https:\/\/texus.fi\/wp-content\/uploads\/2024\/09\/Fall-600-300x242.png 300w\" sizes=\"(max-width: 507px) 100vw, 507px\" \/><\/a><\/p>\n<p>0.8M pystysuoraan pudotuksen kest\u00e4v\u00e4 muotoilu<\/p>\n<p>PowerMax 6000 on taottu vastaamaan retkiesi karua maastoa, ja se on huolellisesti valmistettu kest\u00e4m\u00e4\u00e4n pystysuoria pudotuksia jopa 0,8 metrin korkeudesta, mik\u00e4 lievitt\u00e4\u00e4 huolta tahattomista pudotuksista otteestasi, kun irrotat sen autosta tai portaista.<\/p>\n<p><a href=\"https:\/\/texus.fi\/?attachment_id=1664\" rel=\"attachment wp-att-1664\"><img decoding=\"async\" class=\"aligncenter size-full wp-image-1664\" src=\"https:\/\/texus.fi\/wp-content\/uploads\/2024\/09\/IP-600_preview_rev_1.png\" alt=\"\" width=\"481\" height=\"520\" srcset=\"https:\/\/texus.fi\/wp-content\/uploads\/2024\/09\/IP-600_preview_rev_1.png 481w, https:\/\/texus.fi\/wp-content\/uploads\/2024\/09\/IP-600_preview_rev_1-278x300.png 278w\" sizes=\"(max-width: 481px) 100vw, 481px\" \/><\/a><\/p>\n<p>Roiske- ja p\u00f6lytiivis runko<\/p>\n<p>Voit ottaa sen huoletta mukaan minne tahansa kasteisen aamun j\u00e4rvenrannalta h\u00e4m\u00e4r\u00e4n p\u00f6lyiseen aavikkoon &#8211; se suojaa vaivattomasti pystysuoria vesipisaroita ja tiettyj\u00e4 kiinteit\u00e4 hiukkasia p\u00e4\u00e4sem\u00e4st\u00e4 koteloon.<\/p>\n<p><a href=\"https:\/\/texus.fi\/?attachment_id=1666\" rel=\"attachment wp-att-1666\"><img decoding=\"async\" class=\"aligncenter size-full wp-image-1666\" src=\"https:\/\/texus.fi\/wp-content\/uploads\/2024\/09\/1_05-1.jpg\" alt=\"\" width=\"438\" height=\"378\" srcset=\"https:\/\/texus.fi\/wp-content\/uploads\/2024\/09\/1_05-1.jpg 438w, https:\/\/texus.fi\/wp-content\/uploads\/2024\/09\/1_05-1-300x259.jpg 300w\" sizes=\"(max-width: 438px) 100vw, 438px\" \/><\/a><\/p>\n<p>Anti-UV&amp;UL94V-0-luokiteltu<\/p>\n<p>Palonkest\u00e4v\u00e4 kotelo<\/p>\n<p>Olipa kyseess\u00e4 sitten pihan trimmaaminen tai aavikon tutkiminen, PowerMax 6000:n Anti-UV-ominaisuus suojaa sit\u00e4 haalistumiselta ja vanhenemiselta, jonka pitk\u00e4aikainen altistuminen auringolle aiheuttaa, ja sen UL94V-0-luokiteltu palonkest\u00e4v\u00e4 kotelo varmistaa, ettei l\u00e4mm\u00f6nmuodostuksesta johtuvaa tulipaloriski\u00e4 ole.<\/p>\n<p><a href=\"https:\/\/texus.fi\/?attachment_id=1665\" rel=\"attachment wp-att-1665\"><img loading=\"lazy\" decoding=\"async\" class=\"aligncenter size-full wp-image-1665\" src=\"https:\/\/texus.fi\/wp-content\/uploads\/2024\/09\/1_06-1.jpg\" alt=\"\" width=\"1139\" height=\"522\" srcset=\"https:\/\/texus.fi\/wp-content\/uploads\/2024\/09\/1_06-1.jpg 1139w, https:\/\/texus.fi\/wp-content\/uploads\/2024\/09\/1_06-1-300x137.jpg 300w, https:\/\/texus.fi\/wp-content\/uploads\/2024\/09\/1_06-1-1024x469.jpg 1024w, https:\/\/texus.fi\/wp-content\/uploads\/2024\/09\/1_06-1-768x352.jpg 768w, https:\/\/texus.fi\/wp-content\/uploads\/2024\/09\/1_06-1-600x275.jpg 600w\" sizes=\"(max-width: 1139px) 100vw, 1139px\" \/><\/a><\/p>\n<p>Ei vain valaistukseen, vaan my\u00f6s h\u00e4t\u00e4viestint\u00e4\u00e4n.<\/p>\n<p>Viiden tavallisen LED-valotilan lis\u00e4ksi tietoja voidaan l\u00e4hett\u00e4\u00e4 valosignaalien avulla vaihtelemalla valojen kirkkautta ja vilkkumismalleja, mik\u00e4 on hy\u00f6dyllist\u00e4 y\u00f6ll\u00e4, huonolla s\u00e4\u00e4ll\u00e4 tai huonon n\u00e4kyvyyden tilanteissa signaalien v\u00e4litt\u00e4miseksi, erityisesti h\u00e4t\u00e4kutsujen v\u00e4litt\u00e4miseksi.<\/p>\n","protected":false},"excerpt":{"rendered":"<p>Nimellisteho: 6000W<\/p>\n<p>1. Kapasiteetti: 3600Wh<\/p>\n<p>2. AC-tulo: 2200W Max, pikalataus<\/p>\n<p>3. AC-latausaika: Noin 1,96 tuntia.<\/p>\n<p>4. Cell Chemistry: LiFePO4<\/p>\n<p>5. Tukee jopa 15 akkupakettia, Max57600wh.<\/p>\n<p>6. Toiminnallinen LED-valo: 5 LED-valotilaa<\/p>\n<p>7. AC-l\u00e4ht\u00f6: Nimellisteho 6000W<\/p>\n<p>8. 4*AC-portti<\/p>\n<p>2*DC-portti + 1*Anderson-liit\u00e4nt\u00e4<\/p>\n<p>2*USB-A (pikalataus QC3.0)+ 2\u00d7USB-A +2\u00d7TYPE-C<\/p>\n<p>1*Sytyttimen ulostulo<\/p>\n<p>9. L\u00e4pivientilataus \/ UPS-tuki<\/p>\n<p>10. App-ohjaus<\/p>\n","protected":false},"featured_media":3243,"comment_status":"open","ping_status":"closed","template":"","meta":[],"product_brand":[],"product_cat":[121,15,34],"product_tag":[],"class_list":{"0":"post-1623","1":"product","2":"type-product","3":"status-publish","4":"has-post-thumbnail","6":"product_cat-muut-tuotteet","7":"product_cat-products","8":"product_cat-virta-asemat","9":"pa_brands-oscal","11":"first","12":"outofstock","13":"taxable","14":"shipping-taxable","15":"purchasable","16":"product-type-simple"},"_links":{"self":[{"href":"https:\/\/texus.fi\/fi\/wp-json\/wp\/v2\/product\/1623","targetHints":{"allow":["GET"]}}],"collection":[{"href":"https:\/\/texus.fi\/fi\/wp-json\/wp\/v2\/product"}],"about":[{"href":"https:\/\/texus.fi\/fi\/wp-json\/wp\/v2\/types\/product"}],"replies":[{"embeddable":true,"href":"https:\/\/texus.fi\/fi\/wp-json\/wp\/v2\/comments?post=1623"}],"wp:featuredmedia":[{"embeddable":true,"href":"https:\/\/texus.fi\/fi\/wp-json\/wp\/v2\/media\/3243"}],"wp:attachment":[{"href":"https:\/\/texus.fi\/fi\/wp-json\/wp\/v2\/media?parent=1623"}],"wp:term":[{"taxonomy":"product_brand","embeddable":true,"href":"https:\/\/texus.fi\/fi\/wp-json\/wp\/v2\/product_brand?post=1623"},{"taxonomy":"product_cat","embeddable":true,"href":"https:\/\/texus.fi\/fi\/wp-json\/wp\/v2\/product_cat?post=1623"},{"taxonomy":"product_tag","embeddable":true,"href":"https:\/\/texus.fi\/fi\/wp-json\/wp\/v2\/product_tag?post=1623"}],"curies":[{"name":"wp","href":"https:\/\/api.w.org\/{rel}","templated":true}]}}