{"id":1777,"date":"2024-10-20T10:48:06","date_gmt":"2024-10-20T07:48:06","guid":{"rendered":"https:\/\/texus.fi\/?post_type=product&#038;p=1777"},"modified":"2025-05-23T12:01:05","modified_gmt":"2025-05-23T09:01:05","slug":"futurasun-fu-250-m-silk-pro-oranssi-250-wp-120-half-cut-mbb-cells","status":"publish","type":"product","link":"https:\/\/texus.fi\/fi\/futurasun-fu-250-m-silk-pro-oranssi-250-wp-120-half-cut-mbb-cells\/","title":{"rendered":"Futurasun &#8211; FU 250 M Silk\u00ae Pro Oranssi &#8211; 250 Wp &#8211; 120 HALF-CUT MBB CELLS"},"content":{"rendered":"<p>Silk\u00ae Colour on FuturaSunin uusin v\u00e4rillisten aurinkos\u00e4hk\u00f6moduulien valikoima. Silk\u00ae Pro Oranssi -valos\u00e4hk\u00f6moduulien ansiosta aurinkos\u00e4hk\u00f6j\u00e4rjestelm\u00e4 sulautuu katon punaisiin tiili- ja terrakottalaattoihin.<\/p>\n<p>Silk\u00ae Pro Oranssi on eritt\u00e4in tehokas monokiteinen moduuli, jossa on 120 PERC-moniv\u00e4yl\u00e4ist\u00e4, puoliksi leikattua kennoa. Tiilenpunaisen oranssin lasin (RAL 8023) ja v\u00e4ris\u00e4vyyn sopivan kehyksen ansiosta n\u00e4m\u00e4 aurinkos\u00e4hk\u00f6moduulit soveltuvat erinomaisesti historiallisten rakennusten kunnostamiseen kaupunkiymp\u00e4rist\u00f6ss\u00e4 ja maisemallisesti rajoitetuilla alueilla.<\/p>\n<p>Mitat: 1755 x 1038 x 35 mm<\/p>\n<p>Paino: 19,7 kg<\/p>\n<p>L\u00e4mp\u00f6tilakerroin Pmax: -0,35 %\/\u00b0C<\/p>\n<p>FuturaSunin oranssien aurinkos\u00e4hk\u00f6moduulien ominaisuudet:<\/p>\n<ul>\n<li>15 vuoden tuotetakuu ja 25 vuoden suorituskykytakuu<\/li>\n<li>Oranssi lasi ja kehys (RAL 8023) arkkitehtonisiin erityisvaatimuksiin.<\/li>\n<li>V\u00e4hemm\u00e4n varjoja ja enemm\u00e4n heijastuvaa valoa kennoon py\u00f6re\u00e4n nauhan ansiosta.<\/li>\n<li>Puoliksi leikattu muotoilu yhdess\u00e4 monivirtajohdon kanssa v\u00e4hent\u00e4\u00e4 k\u00e4ytt\u00f6virtaa ja sis\u00e4ist\u00e4 vastusta.<\/li>\n<\/ul>\n<p>N\u00e4m\u00e4 oranssit aurinkopaneelit ovat t\u00e4ydellisi\u00e4:<\/p>\n<ul>\n<li>Historiallisten rakennusten restaurointi<\/li>\n<li>Uudet rakennukset, joissa on peltikatto<\/li>\n<li>Rakennukset maisemallisesti rajoitetuilla alueilla<\/li>\n<li>Esteettisesti arvokkaat rakennukset<\/li>\n<li>Aurinkos\u00e4hk\u00f6iset julkisivut, joissa on innovatiivisia kokoonpanoja<\/li>\n<\/ul>\n<p><span data-sheets-root=\"1\">Tietolehti: <a href=\"https:\/\/texus.fi\/?attachment_id=1780\" rel=\"attachment wp-att-1780\">FuturaSun_120m_240-255W_Silk_Pro_orange_en<\/a><\/span><\/p>\n","protected":false},"excerpt":{"rendered":"<p>Silk\u00ae Colour on FuturaSunin uusin v\u00e4rillisten aurinkos\u00e4hk\u00f6moduulien valikoima. Silk\u00ae Pro Oranssi -valos\u00e4hk\u00f6moduulien ansiosta aurinkos\u00e4hk\u00f6j\u00e4rjestelm\u00e4 sulautuu katon punaisiin tiili- ja terrakottalaattoihin.<\/p>\n<p>Silk\u00ae Pro Oranssi on eritt\u00e4in tehokas monokiteinen moduuli, jossa on 120 PERC-moniv\u00e4yl\u00e4ist\u00e4, puoliksi leikattua kennoa. Tiilenpunaisen oranssin lasin (RAL 8023) ja v\u00e4ris\u00e4vyyn sopivan kehyksen ansiosta n\u00e4m\u00e4 aurinkos\u00e4hk\u00f6moduulit soveltuvat erinomaisesti historiallisten rakennusten kunnostamiseen kaupunkiymp\u00e4rist\u00f6ss\u00e4 ja maisemallisesti rajoitetuilla alueilla.<\/p>\n","protected":false},"featured_media":3206,"comment_status":"open","ping_status":"closed","template":"","meta":[],"product_brand":[],"product_cat":[27,29,15],"product_tag":[],"class_list":{"0":"post-1777","1":"product","2":"type-product","3":"status-publish","4":"has-post-thumbnail","6":"product_cat-aurinkopaneelit","7":"product_cat-monofacial","8":"product_cat-products","9":"pa_brands-futurasun","11":"first","12":"outofstock","13":"taxable","14":"shipping-taxable","15":"product-type-simple"},"_links":{"self":[{"href":"https:\/\/texus.fi\/fi\/wp-json\/wp\/v2\/product\/1777","targetHints":{"allow":["GET"]}}],"collection":[{"href":"https:\/\/texus.fi\/fi\/wp-json\/wp\/v2\/product"}],"about":[{"href":"https:\/\/texus.fi\/fi\/wp-json\/wp\/v2\/types\/product"}],"replies":[{"embeddable":true,"href":"https:\/\/texus.fi\/fi\/wp-json\/wp\/v2\/comments?post=1777"}],"wp:featuredmedia":[{"embeddable":true,"href":"https:\/\/texus.fi\/fi\/wp-json\/wp\/v2\/media\/3206"}],"wp:attachment":[{"href":"https:\/\/texus.fi\/fi\/wp-json\/wp\/v2\/media?parent=1777"}],"wp:term":[{"taxonomy":"product_brand","embeddable":true,"href":"https:\/\/texus.fi\/fi\/wp-json\/wp\/v2\/product_brand?post=1777"},{"taxonomy":"product_cat","embeddable":true,"href":"https:\/\/texus.fi\/fi\/wp-json\/wp\/v2\/product_cat?post=1777"},{"taxonomy":"product_tag","embeddable":true,"href":"https:\/\/texus.fi\/fi\/wp-json\/wp\/v2\/product_tag?post=1777"}],"curies":[{"name":"wp","href":"https:\/\/api.w.org\/{rel}","templated":true}]}}