{"id":1782,"date":"2024-10-20T10:48:30","date_gmt":"2024-10-20T07:48:30","guid":{"rendered":"https:\/\/texus.fi\/?post_type=product&#038;p=1782"},"modified":"2025-03-05T14:19:31","modified_gmt":"2025-03-05T11:19:31","slug":"futurasun-fu-370-m-silk-nova-punainen-370-w-n-tyyppi","status":"publish","type":"product","link":"https:\/\/texus.fi\/fi\/futurasun-fu-370-m-silk-nova-punainen-370-w-n-tyyppi\/","title":{"rendered":"Futurasun &#8211; FU 370 M Silk\u00ae Nova Punainen &#8211; 370 W &#8211; N-tyyppi"},"content":{"rendered":"<p>Silk\u00ae Colour on FuturaSunin uusin v\u00e4rillisten aurinkos\u00e4hk\u00f6moduulien valikoima. Silk\u00ae Nova Punainen -valos\u00e4hk\u00f6moduulien ansiosta aurinkos\u00e4hk\u00f6j\u00e4rjestelm\u00e4 sulautuu katon punaisiin kattotiileihin.<\/p>\n<p>Silk\u00ae Nova Punainen on eritt\u00e4in tehokas monokiteinen moduuli, jossa on 108 N-tyyppist\u00e4 moniv\u00e4yl\u00e4ist\u00e4, puoliksi leikattua kennoa. Tiilenpunaisen lasin (RAL 3005) ja v\u00e4ris\u00e4vyyn sopivan kehyksen ansiosta n\u00e4m\u00e4 aurinkos\u00e4hk\u00f6moduulit soveltuvat erinomaisesti historiallisten rakennusten kunnostamiseen kaupunkialueilla ja maisemallisesti rajoitetuilla alueilla.<\/p>\n<p>Mitat: 1722 x 1134 x 34 mm<\/p>\n<p>Paino: 20,8 kg<\/p>\n<p>L\u00e4mp\u00f6tilakerroin Pmax: -0,29 %\/\u00b0C<\/p>\n<p>FuturaSunin uusien punaisten aurinkos\u00e4hk\u00f6moduulien ominaisuudet:<\/p>\n<ul>\n<li>15 vuoden tuotetakuu ja 25 vuoden suorituskykytakuu<\/li>\n<li>Punainen lasi (RAL 3005) arkkitehtonisiin erityisvaatimuksiin.<\/li>\n<li>Mahdollisuus muokata kehyksen v\u00e4ri\u00e4<\/li>\n<li>V\u00e4hemm\u00e4n varjoja ja enemm\u00e4n heijastuvaa valoa kennoon py\u00f6re\u00e4n nauhan ansiosta.<\/li>\n<li>Puoliksi leikattu muotoilu yhdess\u00e4 monivirtajohdon kanssa v\u00e4hent\u00e4\u00e4 k\u00e4ytt\u00f6virtaa ja sis\u00e4ist\u00e4 vastusta.<\/li>\n<\/ul>\n<p>N\u00e4m\u00e4 punaiset aurinkos\u00e4hk\u00f6moduulit ovat t\u00e4ydellisi\u00e4:<\/p>\n<ul>\n<li>Historiallisten rakennusten restaurointi<\/li>\n<li>Uudet rakennukset, joissa on peltikatto<\/li>\n<li>Rakennukset maisemallisesti rajoitetuilla alueilla<\/li>\n<li>Esteettisesti arvokkaat rakennukset<\/li>\n<li>Aurinkos\u00e4hk\u00f6iset julkisivut, joissa on innovatiivisia kokoonpanoja<\/li>\n<\/ul>\n<p>Tietolehti: <a href=\"https:\/\/texus.fi\/?attachment_id=1786\" rel=\"attachment wp-att-1786\">FuturaSun_108_370W_Silk-Nova-Red_EN<\/a><\/p>\n<p>&nbsp;<\/p>\n","protected":false},"excerpt":{"rendered":"<p>Silk\u00ae Colour on FuturaSunin uusin v\u00e4rillisten aurinkos\u00e4hk\u00f6moduulien valikoima. Silk\u00ae Nova Punainen -valos\u00e4hk\u00f6moduulien ansiosta aurinkos\u00e4hk\u00f6j\u00e4rjestelm\u00e4 sulautuu katon punaisiin kattotiileihin.<\/p>\n<p>Silk\u00ae Nova Punainen on eritt\u00e4in tehokas monokiteinen moduuli, jossa on 108 N-tyyppist\u00e4 moniv\u00e4yl\u00e4ist\u00e4, puoliksi leikattua kennoa. Tiilenpunaisen lasin (RAL 3005) ja v\u00e4ris\u00e4vyyn sopivan kehyksen ansiosta n\u00e4m\u00e4 aurinkos\u00e4hk\u00f6moduulit soveltuvat erinomaisesti historiallisten rakennusten kunnostamiseen kaupunkialueilla ja maisemallisesti rajoitetuilla alueilla.<\/p>\n","protected":false},"featured_media":3207,"comment_status":"open","ping_status":"closed","template":"","meta":[],"product_brand":[],"product_cat":[27,29,15],"product_tag":[],"class_list":{"0":"post-1782","1":"product","2":"type-product","3":"status-publish","4":"has-post-thumbnail","6":"product_cat-aurinkopaneelit","7":"product_cat-monofacial","8":"product_cat-products","9":"pa_brands-futurasun","11":"first","12":"outofstock","13":"taxable","14":"shipping-taxable","15":"product-type-simple"},"_links":{"self":[{"href":"https:\/\/texus.fi\/fi\/wp-json\/wp\/v2\/product\/1782","targetHints":{"allow":["GET"]}}],"collection":[{"href":"https:\/\/texus.fi\/fi\/wp-json\/wp\/v2\/product"}],"about":[{"href":"https:\/\/texus.fi\/fi\/wp-json\/wp\/v2\/types\/product"}],"replies":[{"embeddable":true,"href":"https:\/\/texus.fi\/fi\/wp-json\/wp\/v2\/comments?post=1782"}],"wp:featuredmedia":[{"embeddable":true,"href":"https:\/\/texus.fi\/fi\/wp-json\/wp\/v2\/media\/3207"}],"wp:attachment":[{"href":"https:\/\/texus.fi\/fi\/wp-json\/wp\/v2\/media?parent=1782"}],"wp:term":[{"taxonomy":"product_brand","embeddable":true,"href":"https:\/\/texus.fi\/fi\/wp-json\/wp\/v2\/product_brand?post=1782"},{"taxonomy":"product_cat","embeddable":true,"href":"https:\/\/texus.fi\/fi\/wp-json\/wp\/v2\/product_cat?post=1782"},{"taxonomy":"product_tag","embeddable":true,"href":"https:\/\/texus.fi\/fi\/wp-json\/wp\/v2\/product_tag?post=1782"}],"curies":[{"name":"wp","href":"https:\/\/api.w.org\/{rel}","templated":true}]}}