{"id":1792,"date":"2024-10-20T10:59:08","date_gmt":"2024-10-20T07:59:08","guid":{"rendered":"https:\/\/texus.fi\/?post_type=product&#038;p=1792"},"modified":"2025-03-05T14:19:28","modified_gmt":"2025-03-05T11:19:28","slug":"futurasun-fu-400-m-silk-plus-all-black-400-w-108-m10-perc-kennoa-puoliksi-leikattuina","status":"publish","type":"product","link":"https:\/\/texus.fi\/fi\/futurasun-fu-400-m-silk-plus-all-black-400-w-108-m10-perc-kennoa-puoliksi-leikattuina\/","title":{"rendered":"Futurasun &#8211; FU 400 M Silk\u00ae Plus All Black &#8211; 400 W &#8211; 108 M10 PERC-kennoa, puoliksi leikattuina"},"content":{"rendered":"<p>Silk\u00ae Plus on sarja yksikiteisi\u00e4 aurinkos\u00e4hk\u00f6moduuleja, joissa on 182 mm:n PERC-kennot. Silk\u00ae Plus All black on uusin ratkaisu niille, jotka etsiv\u00e4t suorituskykyisi\u00e4 t\u00e4ysin mustia aurinkopaneeleita asuin- ja kaupallisiin asennuksiin.<\/p>\n<p>108 kennon konfiguraatio on saatavana t\u00e4ysin mustana versiona, jossa on musta takalevy ja musta runko ja jonka teho on jopa 400 Wp.<\/p>\n<p>Mitat: 1722 x 1134 x 30 mm<\/p>\n<p>Paino: 20,8 kg<\/p>\n<p>Korkea moduulien hy\u00f6tysuhde jopa: 20.48%<\/p>\n<p>L\u00e4mp\u00f6tilakerroin Pmax: -0,35 %\/\u00b0C<\/p>\n<p>15 vuoden tuotetakuu ja 25 vuoden suorituskykytakuu<\/p>\n<p>T\u00e4ydellinen musta ilme erityisi\u00e4 arkkitehtonisia vaatimuksia varten<\/p>\n<p>Suuren pinta-alan PERC-kennot 182 mm<\/p>\n<p>V\u00e4hemm\u00e4n varjoja ja enemm\u00e4n heijastuvaa valoa kennoon py\u00f6re\u00e4n nauhan ansiosta.<\/p>\n<p>2 erillist\u00e4 osiota takaa suuremman energiantuoton varjostuksen sattuessa.<\/p>\n<p>Pienempi kuumien pisteiden ja mikros\u00e4r\u00f6jen riski<\/p>\n<p>Parannettu suorituskyky h\u00e4m\u00e4r\u00e4ss\u00e4<\/p>\n<p>Puoliksi leikattu rakenne yhdess\u00e4 monikiskon kanssa v\u00e4hent\u00e4\u00e4 k\u00e4ytt\u00f6virtaa ja sis\u00e4ist\u00e4 vastusta.<\/p>\n<p>108 kennoa moduulin mitat: 1722 x 1134 x 30 mm, sopii erinomaisesti asuinkatoille.<\/p>\n<p>Paino: 20,8 kg, helppo asentaa.<\/p>\n<p>Tietolehti: <a href=\"https:\/\/texus.fi\/?attachment_id=1796\" rel=\"attachment wp-att-1796\">FuturaSun_108_400W_Silk-Plus-All-Black_EN<\/a><\/p>\n","protected":false},"excerpt":{"rendered":"<p>Silk\u00ae Plus on sarja yksikiteisi\u00e4 aurinkos\u00e4hk\u00f6moduuleja, joissa on 182 mm:n PERC-kennot. Silk\u00ae Plus All black on uusin ratkaisu niille, jotka etsiv\u00e4t suorituskykyisi\u00e4 t\u00e4ysin mustia aurinkopaneeleita asuin- ja kaupallisiin asennuksiin.<\/p>\n<p>108 kennon konfiguraatio on saatavana t\u00e4ysin mustana versiona, jossa on musta takalevy ja musta runko ja jonka teho on jopa 400 Wp.<\/p>\n","protected":false},"featured_media":1794,"comment_status":"open","ping_status":"closed","template":"","meta":[],"product_brand":[],"product_cat":[27,29,15],"product_tag":[],"class_list":{"0":"post-1792","1":"product","2":"type-product","3":"status-publish","4":"has-post-thumbnail","6":"product_cat-aurinkopaneelit","7":"product_cat-monofacial","8":"product_cat-products","9":"pa_brands-futurasun","11":"first","12":"outofstock","13":"taxable","14":"shipping-taxable","15":"product-type-simple"},"_links":{"self":[{"href":"https:\/\/texus.fi\/fi\/wp-json\/wp\/v2\/product\/1792","targetHints":{"allow":["GET"]}}],"collection":[{"href":"https:\/\/texus.fi\/fi\/wp-json\/wp\/v2\/product"}],"about":[{"href":"https:\/\/texus.fi\/fi\/wp-json\/wp\/v2\/types\/product"}],"replies":[{"embeddable":true,"href":"https:\/\/texus.fi\/fi\/wp-json\/wp\/v2\/comments?post=1792"}],"wp:featuredmedia":[{"embeddable":true,"href":"https:\/\/texus.fi\/fi\/wp-json\/wp\/v2\/media\/1794"}],"wp:attachment":[{"href":"https:\/\/texus.fi\/fi\/wp-json\/wp\/v2\/media?parent=1792"}],"wp:term":[{"taxonomy":"product_brand","embeddable":true,"href":"https:\/\/texus.fi\/fi\/wp-json\/wp\/v2\/product_brand?post=1792"},{"taxonomy":"product_cat","embeddable":true,"href":"https:\/\/texus.fi\/fi\/wp-json\/wp\/v2\/product_cat?post=1792"},{"taxonomy":"product_tag","embeddable":true,"href":"https:\/\/texus.fi\/fi\/wp-json\/wp\/v2\/product_tag?post=1792"}],"curies":[{"name":"wp","href":"https:\/\/api.w.org\/{rel}","templated":true}]}}