{"id":1797,"date":"2024-10-20T11:02:02","date_gmt":"2024-10-20T08:02:02","guid":{"rendered":"https:\/\/texus.fi\/?post_type=product&#038;p=1797"},"modified":"2025-03-05T14:19:26","modified_gmt":"2025-03-05T11:19:26","slug":"futurasun-fu-410-m-silk-plus-410-w-108-m10-perc-puolikuvakennoa-puoliksi-leikattuina","status":"publish","type":"product","link":"https:\/\/texus.fi\/fi\/futurasun-fu-410-m-silk-plus-410-w-108-m10-perc-puolikuvakennoa-puoliksi-leikattuina\/","title":{"rendered":"Futurasun &#8211; FU 410 M Silk\u00ae Plus &#8211; 410 W &#8211; 108 M10 PERC-puolikuvakennoa puoliksi leikattuina"},"content":{"rendered":"<p>Silk\u00ae Plus on sarja monokiteisi\u00e4 mustakehyksisi\u00e4 aurinkopaneeleita, joissa on 182 mm:n PERC-kennot, joiden hy\u00f6tysuhde on korkea. Moduulikokoonpano, jossa on 108 kennoa ja 410 Wp:n teho, sopii erinomaisesti asuin- ja kaupallisiin asennuksiin. FU410M Silk\u00ae Plus -valos\u00e4hk\u00f6paneeli erottuu korkealla, jopa 21 %:n hy\u00f6tysuhteella, pienill\u00e4 1722x1134x30 mm:n mitoilla ja erinomaisella l\u00e4mp\u00f6kertoimella &#8211; 0,35 % \/ \u00b0C, joka takaa korkean suorituskyvyn my\u00f6s kuumina p\u00e4ivin\u00e4, jolloin k\u00e4ytt\u00f6l\u00e4mp\u00f6tila on korkea.<\/p>\n<p>108 kennon kokoonpano on saatavana my\u00f6s t\u00e4ysin mustana versiona, jossa on musta takalevy ja musta runko, sek\u00e4 suurempana versiona, jossa on 144 kennoa, kaupallisiin laitteistoihin ja laitosvaakoihin.<\/p>\n<p>Mitat: 1722 x 1134 x 30 mm<\/p>\n<p>Paino: 20,8 kg<\/p>\n<p>Korkea moduulien hy\u00f6tysuhde jopa: 21%<\/p>\n<p>L\u00e4mp\u00f6tilakerroin Pmax: -0,35 %\/\u00b0C<\/p>\n<p>15 vuoden tuotetakuu ja 25 vuoden suorituskykytakuu<\/p>\n<p>Suuren pinta-alan PERC-kennot 182 mm<\/p>\n<p>Musta kehys ja valkoinen taustalehti<\/p>\n<p>V\u00e4hemm\u00e4n varjoja ja enemm\u00e4n heijastuvaa valoa kennoon py\u00f6re\u00e4n nauhan ansiosta.<\/p>\n<p>2 erillist\u00e4 osiorakennetta takaa suuremman energiantuoton varjostuksen sattuessa.<\/p>\n<p>Pienempi kuumien pisteiden ja mikros\u00e4r\u00f6jen riski<\/p>\n<p>Parannettu suorituskyky h\u00e4m\u00e4r\u00e4ss\u00e4<\/p>\n<p>Puoliksi leikattu rakenne yhdess\u00e4 monikiskon kanssa v\u00e4hent\u00e4\u00e4 k\u00e4ytt\u00f6virtaa ja sis\u00e4ist\u00e4 vastusta.<\/p>\n<p>108 solua moduulin mitat: 1722 x 1134 x 30 mm, sopii erinomaisesti asuinkatoille.<\/p>\n<p>Paino: 20,8 kg, helppo asentaa<\/p>\n<p>Tietolehti: <a href=\"https:\/\/texus.fi\/?attachment_id=1798\" rel=\"attachment wp-att-1798\">FuturaSun_108_410W_Silk-Plus_EN<\/a><\/p>\n","protected":false},"excerpt":{"rendered":"<p>Silk\u00ae Plus on sarja monokiteisi\u00e4 mustakehyksisi\u00e4 aurinkopaneeleita, joissa on 182 mm:n PERC-kennot, joiden hy\u00f6tysuhde on korkea. Moduulikokoonpano, jossa on 108 kennoa ja 410 Wp:n teho, sopii erinomaisesti asuin- ja kaupallisiin asennuksiin. FU410M Silk\u00ae Plus -valos\u00e4hk\u00f6paneeli erottuu korkealla, jopa 21 %:n hy\u00f6tysuhteella, pienill\u00e4 1722x1134x30 mm:n mitoilla ja erinomaisella l\u00e4mp\u00f6kertoimella &#8211; 0,35 % \/ \u00b0C, joka takaa korkean suorituskyvyn my\u00f6s kuumina p\u00e4ivin\u00e4, jolloin k\u00e4ytt\u00f6l\u00e4mp\u00f6tila on korkea.<\/p>\n","protected":false},"featured_media":3215,"comment_status":"open","ping_status":"closed","template":"","meta":[],"product_brand":[],"product_cat":[27,29,15],"product_tag":[],"class_list":{"0":"post-1797","1":"product","2":"type-product","3":"status-publish","4":"has-post-thumbnail","6":"product_cat-aurinkopaneelit","7":"product_cat-monofacial","8":"product_cat-products","9":"pa_brands-futurasun","11":"first","12":"outofstock","13":"taxable","14":"shipping-taxable","15":"product-type-simple"},"_links":{"self":[{"href":"https:\/\/texus.fi\/fi\/wp-json\/wp\/v2\/product\/1797","targetHints":{"allow":["GET"]}}],"collection":[{"href":"https:\/\/texus.fi\/fi\/wp-json\/wp\/v2\/product"}],"about":[{"href":"https:\/\/texus.fi\/fi\/wp-json\/wp\/v2\/types\/product"}],"replies":[{"embeddable":true,"href":"https:\/\/texus.fi\/fi\/wp-json\/wp\/v2\/comments?post=1797"}],"wp:featuredmedia":[{"embeddable":true,"href":"https:\/\/texus.fi\/fi\/wp-json\/wp\/v2\/media\/3215"}],"wp:attachment":[{"href":"https:\/\/texus.fi\/fi\/wp-json\/wp\/v2\/media?parent=1797"}],"wp:term":[{"taxonomy":"product_brand","embeddable":true,"href":"https:\/\/texus.fi\/fi\/wp-json\/wp\/v2\/product_brand?post=1797"},{"taxonomy":"product_cat","embeddable":true,"href":"https:\/\/texus.fi\/fi\/wp-json\/wp\/v2\/product_cat?post=1797"},{"taxonomy":"product_tag","embeddable":true,"href":"https:\/\/texus.fi\/fi\/wp-json\/wp\/v2\/product_tag?post=1797"}],"curies":[{"name":"wp","href":"https:\/\/api.w.org\/{rel}","templated":true}]}}