{"id":1802,"date":"2024-10-20T11:04:26","date_gmt":"2024-10-20T08:04:26","guid":{"rendered":"https:\/\/texus.fi\/?post_type=product&#038;p=1802"},"modified":"2025-03-05T14:19:25","modified_gmt":"2025-03-05T11:19:25","slug":"futurasun-fu-420-425-430-m-silk-nova-kaikki-musta","status":"publish","type":"product","link":"https:\/\/texus.fi\/fi\/futurasun-fu-420-425-430-m-silk-nova-kaikki-musta\/","title":{"rendered":"Futurasun &#8211; FU 420 \/ 425 \/ 430 M Silk\u00ae Nova Kaikki musta"},"content":{"rendered":"<p>Silk\u00ae Nova All Black on uusi monokiteisten aurinkopaneelien sarja, jossa on 182 mm:n n-tyypin kennot ja korkea hy\u00f6tysuhde. Moduulikokoonpano, jossa on 108 kennoa, sopii erinomaisesti asuin- ja kaupallisiin asennuksiin. FU420-430M Silk\u00ae Nova All Black -valos\u00e4hk\u00f6paneeli erottuu korkealla, jopa 22 prosentin hy\u00f6tysuhteella, pienill\u00e4 1722 x 1134 x 30 mm:n mitoilla ja erinomaisella l\u00e4mp\u00f6kertoimella &#8211; 0,29 % \/ \u00b0C, joka takaa korkean suorituskyvyn my\u00f6s kuumina p\u00e4ivin\u00e4, jolloin k\u00e4ytt\u00f6l\u00e4mp\u00f6tila on korkea.<\/p>\n<p>Mitat: 1722 x 1134 x 30 mm<\/p>\n<p>Paino: 20,8 kg<\/p>\n<p>Korkea moduulien hy\u00f6tysuhde jopa: 22 %<\/p>\n<p>L\u00e4mp\u00f6tilakerroin Pmax: -0,29 %\/\u00b0C<\/p>\n<p>15 vuoden tuotetakuu ja 25 vuoden suorituskykytakuu<\/p>\n<p>Suuren pinta-alan n-tyypin kennot 182 mm<\/p>\n<p>Korkea moduulien hy\u00f6tysuhde jopa 22 %<\/p>\n<p>Kahden toisistaan riippumattoman osion rakenne takaa suuremman energiantuoton varjostuksen sattuessa.<\/p>\n<p>Pienempi kuumien pisteiden ja mikros\u00e4r\u00f6jen riski<\/p>\n<p>Parannettu suorituskyky h\u00e4m\u00e4r\u00e4ss\u00e4<\/p>\n<p>Puoliksi leikattu muotoilu yhdess\u00e4 monivirtajohdon kanssa v\u00e4hent\u00e4\u00e4 k\u00e4ytt\u00f6virtaa ja sis\u00e4ist\u00e4 vastusta.<\/p>\n<p>T\u00e4ydellinen asuinrakennusten katoille<\/p>\n<p>Paino: 20,8 kg, helppo asentaa<\/p>\n<p>Kest\u00e4\u00e4 LID (Light Induced Degradation, valon aiheuttama hajoaminen) ja LeTID (Light and elevated Temperature Induced Degradation, valon ja kohonneen l\u00e4mp\u00f6tilan aiheuttama hajoaminen).<\/p>\n<p>Tietolehti: <a href=\"https:\/\/texus.fi\/?attachment_id=1806\" rel=\"attachment wp-att-1806\">FuturaSun_108_420-430W_Silk-Nova-All-Black_EN<\/a><\/p>\n","protected":false},"excerpt":{"rendered":"<p>Silk\u00ae Nova All Black on uusi monokiteisten aurinkopaneelien sarja, jossa on 182 mm:n n-tyypin kennot ja korkea hy\u00f6tysuhde. Moduulikokoonpano, jossa on 108 kennoa, sopii erinomaisesti asuin- ja kaupallisiin asennuksiin. FU420-430M Silk\u00ae Nova All Black -valos\u00e4hk\u00f6paneeli erottuu korkealla, jopa 22 prosentin hy\u00f6tysuhteella, pienill\u00e4 1722 x 1134 x 30 mm:n mitoilla ja erinomaisella l\u00e4mp\u00f6kertoimella &#8211; 0,29 % \/ \u00b0C, joka takaa korkean suorituskyvyn my\u00f6s kuumina p\u00e4ivin\u00e4, jolloin k\u00e4ytt\u00f6l\u00e4mp\u00f6tila on korkea.<\/p>\n","protected":false},"featured_media":3220,"comment_status":"open","ping_status":"closed","template":"","meta":[],"product_brand":[],"product_cat":[27,29,15],"product_tag":[],"class_list":{"0":"post-1802","1":"product","2":"type-product","3":"status-publish","4":"has-post-thumbnail","6":"product_cat-aurinkopaneelit","7":"product_cat-monofacial","8":"product_cat-products","9":"pa_brands-futurasun","11":"first","12":"outofstock","13":"taxable","14":"shipping-taxable","15":"product-type-simple"},"_links":{"self":[{"href":"https:\/\/texus.fi\/fi\/wp-json\/wp\/v2\/product\/1802","targetHints":{"allow":["GET"]}}],"collection":[{"href":"https:\/\/texus.fi\/fi\/wp-json\/wp\/v2\/product"}],"about":[{"href":"https:\/\/texus.fi\/fi\/wp-json\/wp\/v2\/types\/product"}],"replies":[{"embeddable":true,"href":"https:\/\/texus.fi\/fi\/wp-json\/wp\/v2\/comments?post=1802"}],"wp:featuredmedia":[{"embeddable":true,"href":"https:\/\/texus.fi\/fi\/wp-json\/wp\/v2\/media\/3220"}],"wp:attachment":[{"href":"https:\/\/texus.fi\/fi\/wp-json\/wp\/v2\/media?parent=1802"}],"wp:term":[{"taxonomy":"product_brand","embeddable":true,"href":"https:\/\/texus.fi\/fi\/wp-json\/wp\/v2\/product_brand?post=1802"},{"taxonomy":"product_cat","embeddable":true,"href":"https:\/\/texus.fi\/fi\/wp-json\/wp\/v2\/product_cat?post=1802"},{"taxonomy":"product_tag","embeddable":true,"href":"https:\/\/texus.fi\/fi\/wp-json\/wp\/v2\/product_tag?post=1802"}],"curies":[{"name":"wp","href":"https:\/\/api.w.org\/{rel}","templated":true}]}}