{"id":1812,"date":"2024-10-20T11:10:37","date_gmt":"2024-10-20T08:10:37","guid":{"rendered":"https:\/\/texus.fi\/?post_type=product&#038;p=1812"},"modified":"2025-03-05T14:19:22","modified_gmt":"2025-03-05T11:19:22","slug":"futurasun-fu-420-425-430-m-silk-nova-duetto-lapinakyva-silk-nova-duetto-lapinakyva","status":"publish","type":"product","link":"https:\/\/texus.fi\/fi\/futurasun-fu-420-425-430-m-silk-nova-duetto-lapinakyva-silk-nova-duetto-lapinakyva\/","title":{"rendered":"Futurasun &#8211; FU 420 \/ 425 \/ 430 M Silk\u00ae Nova Duetto l\u00e4pin\u00e4kyv\u00e4"},"content":{"rendered":"<p>Uusi kaksipuolinen n-tyypin Silk\u00ae Nova Duetto -korkea hy\u00f6tysuhde lasi\/lasipaneeli, jossa on 108 puoliksi leikattua kennoa ja jonka tehoalue on 420-430 wattia, t\u00e4ydent\u00e4\u00e4 FuturaSunin mallivalikoimaa.<\/p>\n<p>Silk\u00ae Nova Duetto -moduuli muuntaa kaksipuoleisten n-tyypin kennojensa ansiosta my\u00f6s takapinnalta heijastuneen valon energiaksi. Riippuen heijastavan pinnan luonteesta ja asennusolosuhteista (esimerkiksi et\u00e4isyys maasta ja seurantalaitteiden k\u00e4ytt\u00f6).<\/p>\n<p>Paneeli on valmistettu 2 mm:n kirkkaasta karkaistusta lasista, ja se takaa maksimaalisen mekaanisen vakauden ja poikkeuksellisen s\u00e4\u00e4nkest\u00e4vyyden. Lasin k\u00e4ytt\u00f6 taustalevyn sijasta tarjoaa toisen edun, sill\u00e4 t\u00e4m\u00e4 materiaali ei levit\u00e4 liekkej\u00e4 tulipalon sattuessa.<\/p>\n<p>Soveltuu erityisesti arkkitehtonisesti arvokkaisiin kohteisiin ja alueille, joilla on suuri lumikuorma.<\/p>\n<p>Mitat: 1722 x 1134 x 30 mm<\/p>\n<p>Paino: 25,4 kg<\/p>\n<p>Korkea moduulien hy\u00f6tysuhde jopa: 22 %<\/p>\n<p>Erinomainen l\u00e4mp\u00f6tilakerroin -0,29 %\/\u00b0C<\/p>\n<p>30 vuoden suorituskykytakuu ja 15 vuoden tuotetakuu<\/p>\n<p>Jopa 22 %:n moduulien hy\u00f6tysuhde, joka vastaa 220 Wp\/m2 :t\u00e4.<\/p>\n<p>Kahden erillisen osan rakenne takaa suuremman energiantuoton varjostetuissa olosuhteissa.<\/p>\n<p>V\u00e4hemm\u00e4n varjoja ja enemm\u00e4n heijastuvaa valoa kennoon py\u00f6re\u00e4n nauhan ansiosta.<\/p>\n<p>Puoliksi leikattu rakenne yhdistettyn\u00e4 monivirtajohtimiin v\u00e4hent\u00e4\u00e4 k\u00e4ytt\u00f6virtaa ja sis\u00e4ist\u00e4 vastusta.<\/p>\n<p>Kest\u00e4\u00e4 LID (Light Induced Degradation, valon aiheuttama hajoaminen) ja LeTID (Light and elevated Temperature Induced Degradation, valon ja kohonneen l\u00e4mp\u00f6tilan aiheuttama hajoaminen).<\/p>\n<p>Pienempi riski mikrohalkeamien ja kuumien pisteiden syntymiselle<\/p>\n<p>Pitk\u00e4 kaapeli vakiona sopii maisemakuvioihin<\/p>\n<p>Parannettu suorituskyky h\u00e4m\u00e4r\u00e4ss\u00e4<\/p>\n<p>Lis\u00e4\u00e4ntynyt valon imeytyminen<\/p>\n<p>Tietolehti: <a href=\"https:\/\/texus.fi\/?attachment_id=1813\" rel=\"attachment wp-att-1813\">FuturaSun_108_420-430W_Silk-Nova-Duetto-Transparent_EN<\/a><\/p>\n","protected":false},"excerpt":{"rendered":"<p>Uusi kaksipuolinen n-tyypin Silk\u00ae Nova Duetto -korkea hy\u00f6tysuhde lasi\/lasipaneeli, jossa on 108 puoliksi leikattua kennoa ja jonka tehoalue on 420-430 wattia, t\u00e4ydent\u00e4\u00e4 FuturaSunin mallivalikoimaa.<\/p>\n<p>Silk\u00ae Nova Duetto -moduuli muuntaa kaksipuoleisten n-tyypin kennojensa ansiosta my\u00f6s takapinnalta heijastuneen valon energiaksi. Riippuen heijastavan pinnan luonteesta ja asennusolosuhteista (esimerkiksi et\u00e4isyys maasta ja seurantalaitteiden k\u00e4ytt\u00f6).<\/p>\n","protected":false},"featured_media":3218,"comment_status":"open","ping_status":"closed","template":"","meta":[],"product_brand":[],"product_cat":[27,28,15],"product_tag":[],"class_list":{"0":"post-1812","1":"product","2":"type-product","3":"status-publish","4":"has-post-thumbnail","6":"product_cat-aurinkopaneelit","7":"product_cat-bifacial","8":"product_cat-products","9":"pa_brands-futurasun","11":"first","12":"outofstock","13":"taxable","14":"shipping-taxable","15":"product-type-simple"},"_links":{"self":[{"href":"https:\/\/texus.fi\/fi\/wp-json\/wp\/v2\/product\/1812","targetHints":{"allow":["GET"]}}],"collection":[{"href":"https:\/\/texus.fi\/fi\/wp-json\/wp\/v2\/product"}],"about":[{"href":"https:\/\/texus.fi\/fi\/wp-json\/wp\/v2\/types\/product"}],"replies":[{"embeddable":true,"href":"https:\/\/texus.fi\/fi\/wp-json\/wp\/v2\/comments?post=1812"}],"wp:featuredmedia":[{"embeddable":true,"href":"https:\/\/texus.fi\/fi\/wp-json\/wp\/v2\/media\/3218"}],"wp:attachment":[{"href":"https:\/\/texus.fi\/fi\/wp-json\/wp\/v2\/media?parent=1812"}],"wp:term":[{"taxonomy":"product_brand","embeddable":true,"href":"https:\/\/texus.fi\/fi\/wp-json\/wp\/v2\/product_brand?post=1812"},{"taxonomy":"product_cat","embeddable":true,"href":"https:\/\/texus.fi\/fi\/wp-json\/wp\/v2\/product_cat?post=1812"},{"taxonomy":"product_tag","embeddable":true,"href":"https:\/\/texus.fi\/fi\/wp-json\/wp\/v2\/product_tag?post=1812"}],"curies":[{"name":"wp","href":"https:\/\/api.w.org\/{rel}","templated":true}]}}