{"id":1817,"date":"2024-10-20T11:13:49","date_gmt":"2024-10-20T08:13:49","guid":{"rendered":"https:\/\/texus.fi\/?post_type=product&#038;p=1817"},"modified":"2025-03-05T14:19:20","modified_gmt":"2025-03-05T11:19:20","slug":"futurasun-fu-420-m-zebra-pro","status":"publish","type":"product","link":"https:\/\/texus.fi\/fi\/futurasun-fu-420-m-zebra-pro\/","title":{"rendered":"Futurasun &#8211; FU 420 M ZEBRA Pro"},"content":{"rendered":"<p>ZEBRA Pro All Black on takakosketus-PV-moduulit (420 Wp). 132 n-tyypin IBC-kennoa, joilla on korkea hy\u00f6tysuhde (166 mm &#8211; M6), on koottu innovatiivisella kennojen asettelulla, jossa on pienempi rako.<\/p>\n<p>T\u00e4m\u00e4 korkean hy\u00f6tysuhteen aurinkos\u00e4hk\u00f6moduuli erottuu edukseen IBC (Interdigitated Back Contact) -tekniikan ansiosta, jossa s\u00e4hk\u00f6kontaktit ovat takana. PV-moduulin takaosassa olevat kontaktit ja nauhan puuttuminen pit\u00e4v\u00e4t kennon vapaana ja est\u00e4v\u00e4t varjostukset, jolloin valon absorptio on mahdollisimman suuri.<\/p>\n<p>ZEBRA Pro All Black soveltuu erityisesti asuin- ja kaupallisiin j\u00e4rjestelmiin. Tyylik\u00e4s t\u00e4ysin musta versio, jossa on musta takalevy ja musta runko, on esteettisesti ainutlaatuinen, koska kennon etupuolella ei ole metallilankoja. T\u00e4m\u00e4n ominaisuuden ansiosta se sopii erinomaisesti arkkitehtonisesti arvokkaisiin rakennuksiin.<\/p>\n<p>Lis\u00e4ksi sen erinomaiset tekniset ominaisuudet tekev\u00e4t tuotteesta suorituskyvylt\u00e4\u00e4n ja tuotannoltaan ylivoimaisen vuosien mittaan. ZEBRA Pro on ihanteellinen moduuli suuriin maahan asennettaviin ja katolle asennettaviin aurinkos\u00e4hk\u00f6j\u00e4rjestelmiin, sill\u00e4 se maksimoi tuoton.<\/p>\n<p>Mitat: 30 mm: 1895 x 1039 x 30 mm<\/p>\n<p>Paino: 21 kg<\/p>\n<p>Korkea moduulien hy\u00f6tysuhde jopa: 21.3%<\/p>\n<p>L\u00e4mp\u00f6tilakerroin Pmax: -0,290 %\/ \u00b0C<\/p>\n<p>25 vuoden tuote- ja suorituskykytakuu<\/p>\n<p>Tehon v\u00e4hennys enint\u00e4\u00e4n 0,25 %\/vuosi toisesta vuodesta alkaen.<\/p>\n<p>132 puoliksi leikattua N-tyyppist\u00e4 ZEBRA IBC-kennoa &#8211; Interdigitated Back Contact (takakosketus)<\/p>\n<p>Euroopassa kehitetty innovatiivinen Zebra-teknologia<\/p>\n<p>T\u00e4ysin musta ilme ilman solujen nauhoja.<\/p>\n<p>Erinomainen l\u00e4mp\u00f6tilakerroin -0,29%\/\u00b0C<\/p>\n<p>Markkinoiden johtava tehon vakaus pitk\u00e4ll\u00e4 aikav\u00e4lill\u00e4 (93 % 25. vuoden kohdalla).<\/p>\n<p>Pienempi hot spot -riski ZEBRA-kennon hajautetun liitoskohdan ansiosta.<\/p>\n<p>Parempi k\u00e4ytt\u00e4ytyminen osittain varjostetuissa olosuhteissa<\/p>\n<p>Kest\u00e4\u00e4 LID (Light Induced Degradation, valon aiheuttama hajoaminen) ja LeTID (Light and elevated Temperature Induced Degradation, valon ja kohonneen l\u00e4mp\u00f6tilan aiheuttama hajoaminen).<\/p>\n<p>Puoliksi leikattu rakenne v\u00e4hent\u00e4\u00e4 sis\u00e4ist\u00e4 vastusta ja lis\u00e4\u00e4 tehoa.<\/p>\n<p>IBC-tekniikan ansiosta kennossa ei ole varjostusta.<\/p>\n<p>Parannettu suorituskyky h\u00e4m\u00e4r\u00e4ss\u00e4<\/p>\n<p>Parempi tuotto eri kallistuksilla<\/p>\n<p>IBC-tekniikan ansiosta kennossa ei ole varjostusta.<\/p>\n<p>Tietolehti: <a href=\"https:\/\/texus.fi\/?attachment_id=1820\" rel=\"attachment wp-att-1820\">FuturaSun_132_420W_ZEBRA-Pro-All-Black_EN<\/a><\/p>\n","protected":false},"excerpt":{"rendered":"<p>ZEBRA Pro All Black on takakosketus-PV-moduulit (420 Wp). 132 n-tyypin IBC-kennoa, joilla on korkea hy\u00f6tysuhde (166 mm &#8211; M6), on koottu innovatiivisella kennojen asettelulla, jossa on pienempi rako.<\/p>\n<p>T\u00e4m\u00e4 korkean hy\u00f6tysuhteen aurinkos\u00e4hk\u00f6moduuli erottuu edukseen IBC (Interdigitated Back Contact) -tekniikan ansiosta, jossa s\u00e4hk\u00f6kontaktit ovat takana. PV-moduulin takaosassa olevat kontaktit ja nauhan puuttuminen pit\u00e4v\u00e4t kennon vapaana ja est\u00e4v\u00e4t varjostukset, jolloin valon absorptio on mahdollisimman suuri.<\/p>\n<p>&nbsp;<\/p>\n","protected":false},"featured_media":3221,"comment_status":"open","ping_status":"closed","template":"","meta":[],"product_brand":[],"product_cat":[27,29,15],"product_tag":[],"class_list":{"0":"post-1817","1":"product","2":"type-product","3":"status-publish","4":"has-post-thumbnail","6":"product_cat-aurinkopaneelit","7":"product_cat-monofacial","8":"product_cat-products","9":"pa_brands-futurasun","11":"first","12":"outofstock","13":"taxable","14":"shipping-taxable","15":"product-type-simple"},"_links":{"self":[{"href":"https:\/\/texus.fi\/fi\/wp-json\/wp\/v2\/product\/1817","targetHints":{"allow":["GET"]}}],"collection":[{"href":"https:\/\/texus.fi\/fi\/wp-json\/wp\/v2\/product"}],"about":[{"href":"https:\/\/texus.fi\/fi\/wp-json\/wp\/v2\/types\/product"}],"replies":[{"embeddable":true,"href":"https:\/\/texus.fi\/fi\/wp-json\/wp\/v2\/comments?post=1817"}],"wp:featuredmedia":[{"embeddable":true,"href":"https:\/\/texus.fi\/fi\/wp-json\/wp\/v2\/media\/3221"}],"wp:attachment":[{"href":"https:\/\/texus.fi\/fi\/wp-json\/wp\/v2\/media?parent=1817"}],"wp:term":[{"taxonomy":"product_brand","embeddable":true,"href":"https:\/\/texus.fi\/fi\/wp-json\/wp\/v2\/product_brand?post=1817"},{"taxonomy":"product_cat","embeddable":true,"href":"https:\/\/texus.fi\/fi\/wp-json\/wp\/v2\/product_cat?post=1817"},{"taxonomy":"product_tag","embeddable":true,"href":"https:\/\/texus.fi\/fi\/wp-json\/wp\/v2\/product_tag?post=1817"}],"curies":[{"name":"wp","href":"https:\/\/api.w.org\/{rel}","templated":true}]}}