{"id":1821,"date":"2024-10-20T11:17:26","date_gmt":"2024-10-20T08:17:26","guid":{"rendered":"https:\/\/texus.fi\/?post_type=product&#038;p=1821"},"modified":"2025-03-05T14:19:19","modified_gmt":"2025-03-05T11:19:19","slug":"futurasun-fu-430-435-440-m-silk-nova-silk-nova","status":"publish","type":"product","link":"https:\/\/texus.fi\/fi\/futurasun-fu-430-435-440-m-silk-nova-silk-nova\/","title":{"rendered":"Futurasun &#8211; FU 430 \/ 435 \/ 440 M Silk\u00ae Nova"},"content":{"rendered":"<p>Silk\u00ae Nova on uusi monokiteisten aurinkopaneelien sarja, jossa on 182 mm:n n-tyypin kennot ja korkea hy\u00f6tysuhde. Moduulikokoonpano, jossa on 108 kennoa ja 440 Wp:n teho, sopii erinomaisesti asuin- ja kaupallisiin asennuksiin. FU430-440M Silk\u00ae Nova -valos\u00e4hk\u00f6paneeli erottuu korkealla, jopa 22,53 prosentin hy\u00f6tysuhteella, pienill\u00e4 1722 x 1134 x 30 mm:n mitoilla ja erinomaisella l\u00e4mp\u00f6kertoimella &#8211; 0,29 % \/ \u00b0C, joka takaa korkean suorituskyvyn my\u00f6s kuumina p\u00e4ivin\u00e4, jolloin k\u00e4ytt\u00f6l\u00e4mp\u00f6tila on korkea.<\/p>\n<p>108 kennon kokoonpano on saatavana my\u00f6s t\u00e4ysin mustana versiona, jossa on musta tai valkoinen takalevy ja musta runko, sek\u00e4 suurempana versiona, jossa on 144 kennoa, joiden teho on 570-580 Wp, kaupallisiin laitteistoihin ja julkisiin laitoksiin.<\/p>\n<p>Mitat: 1722 x 1134 x 30 mm<\/p>\n<p>Paino: 20,8 kg<\/p>\n<p>Korkea moduulien hy\u00f6tysuhde jopa: 22.53%<\/p>\n<p>L\u00e4mp\u00f6tilakerroin Pmax: -0,29 %\/\u00b0C<\/p>\n<p>15 vuoden tuotetakuu ja 25 vuoden suorituskykytakuu<\/p>\n<p>Suuren pinta-alan n-tyypin kennot 182 mm<\/p>\n<p>Korkea moduulien hy\u00f6tysuhde jopa 22,53 %<\/p>\n<p>Py\u00f6re\u00e4n nauhan ansiosta v\u00e4hemm\u00e4n s\u00e4vyj\u00e4 ja enemm\u00e4n heijastuvaa valoa kennoon.<\/p>\n<p>Kahden toisistaan riippumattoman osion rakenne takaa suuremman energiantuoton varjostuksen sattuessa.<\/p>\n<p>Pienempi kuumien pisteiden ja mikros\u00e4r\u00f6jen riski<\/p>\n<p>Pitk\u00e4 kaapeli vakiona sopii maisemakuvioihin<\/p>\n<p>Parannettu suorituskyky h\u00e4m\u00e4r\u00e4ss\u00e4<\/p>\n<p>Puoliksi leikattu muotoilu yhdess\u00e4 monivirtajohdon kanssa v\u00e4hent\u00e4\u00e4 k\u00e4ytt\u00f6virtaa ja sis\u00e4ist\u00e4 vastusta.<\/p>\n<p>108 n-tyypin kennoa<\/p>\n<p>T\u00e4ydellinen asuinrakennusten katoille<\/p>\n<p>Paino: 20,8 kg, helppo asentaa<\/p>\n<p>Kest\u00e4\u00e4 LID (Light Induced Degradation, valon aiheuttama hajoaminen) ja LeTID (Light and elevated Temperature Induced Degradation, valon ja kohonneen l\u00e4mp\u00f6tilan aiheuttama hajoaminen).<\/p>\n<p>Tietolehti: <a href=\"https:\/\/texus.fi\/?attachment_id=1826\" rel=\"attachment wp-att-1826\">FuturaSun_108_430-440W_Silk-Nova_EN<\/a><\/p>\n","protected":false},"excerpt":{"rendered":"<p>Silk\u00ae Nova on uusi monokiteisten aurinkopaneelien sarja, jossa on 182 mm:n n-tyypin kennot ja korkea hy\u00f6tysuhde. Moduulikokoonpano, jossa on 108 kennoa ja 440 Wp:n teho, sopii erinomaisesti asuin- ja kaupallisiin asennuksiin. FU430-440M Silk\u00ae Nova -valos\u00e4hk\u00f6paneeli erottuu korkealla, jopa 22,53 prosentin hy\u00f6tysuhteella, pienill\u00e4 1722 x 1134 x 30 mm:n mitoilla ja erinomaisella l\u00e4mp\u00f6kertoimella &#8211; 0,29 % \/ \u00b0C, joka takaa korkean suorituskyvyn my\u00f6s kuumina p\u00e4ivin\u00e4, jolloin k\u00e4ytt\u00f6l\u00e4mp\u00f6tila on korkea.<\/p>\n<p>108 kennon kokoonpano on saatavana my\u00f6s t\u00e4ysin mustana versiona, jossa on musta tai valkoinen takalevy ja musta runko, sek\u00e4 suurempana versiona, jossa on 144 kennoa, joiden teho on 570-580 Wp, kaupallisiin laitteistoihin ja julkisiin laitoksiin.<\/p>\n","protected":false},"featured_media":3223,"comment_status":"open","ping_status":"closed","template":"","meta":[],"product_brand":[],"product_cat":[27,29,15],"product_tag":[],"class_list":{"0":"post-1821","1":"product","2":"type-product","3":"status-publish","4":"has-post-thumbnail","6":"product_cat-aurinkopaneelit","7":"product_cat-monofacial","8":"product_cat-products","9":"pa_brands-futurasun","11":"first","12":"outofstock","13":"taxable","14":"shipping-taxable","15":"product-type-simple"},"_links":{"self":[{"href":"https:\/\/texus.fi\/fi\/wp-json\/wp\/v2\/product\/1821","targetHints":{"allow":["GET"]}}],"collection":[{"href":"https:\/\/texus.fi\/fi\/wp-json\/wp\/v2\/product"}],"about":[{"href":"https:\/\/texus.fi\/fi\/wp-json\/wp\/v2\/types\/product"}],"replies":[{"embeddable":true,"href":"https:\/\/texus.fi\/fi\/wp-json\/wp\/v2\/comments?post=1821"}],"wp:featuredmedia":[{"embeddable":true,"href":"https:\/\/texus.fi\/fi\/wp-json\/wp\/v2\/media\/3223"}],"wp:attachment":[{"href":"https:\/\/texus.fi\/fi\/wp-json\/wp\/v2\/media?parent=1821"}],"wp:term":[{"taxonomy":"product_brand","embeddable":true,"href":"https:\/\/texus.fi\/fi\/wp-json\/wp\/v2\/product_brand?post=1821"},{"taxonomy":"product_cat","embeddable":true,"href":"https:\/\/texus.fi\/fi\/wp-json\/wp\/v2\/product_cat?post=1821"},{"taxonomy":"product_tag","embeddable":true,"href":"https:\/\/texus.fi\/fi\/wp-json\/wp\/v2\/product_tag?post=1821"}],"curies":[{"name":"wp","href":"https:\/\/api.w.org\/{rel}","templated":true}]}}