{"id":1827,"date":"2024-10-20T11:20:48","date_gmt":"2024-10-20T08:20:48","guid":{"rendered":"https:\/\/texus.fi\/?post_type=product&#038;p=1827"},"modified":"2025-03-05T14:19:17","modified_gmt":"2025-03-05T11:19:17","slug":"futurasun-fu-430-m-silk-nova-eu","status":"publish","type":"product","link":"https:\/\/texus.fi\/fi\/futurasun-fu-430-m-silk-nova-eu\/","title":{"rendered":"Futurasun &#8211; FU 430 M Silk\u00ae Nova EU"},"content":{"rendered":"<p>Silk\u00ae Nova EU on uusi Euroopassa valmistettu monokiteisten aurinkopaneelien sarja, jossa on korkean hy\u00f6tysuhteen n-tyypin kennoja. Moduulikokoonpano, jossa on 108 kennoa ja 430 Wp:n teho, sopii erinomaisesti asuin- ja kaupallisiin asennuksiin. FU430M Silk\u00ae Nova EU -valos\u00e4hk\u00f6paneeli erottuu moduulin korkealla hy\u00f6tysuhteella, joka on jopa 22 %, pienill\u00e4 mitoilla (1722 x 1134 x 30 mm) ja erinomaisella l\u00e4mp\u00f6kertoimella (- 0,29 % \/ \u00b0C), joka takaa korkean suorituskyvyn my\u00f6s kuumina p\u00e4ivin\u00e4, jolloin k\u00e4ytt\u00f6l\u00e4mp\u00f6tila on korkea.<\/p>\n<p>Mitat: 1722 x 1134 x 30 mm<\/p>\n<p>Paino: 20,8 kg<\/p>\n<p>Korkea moduulien hy\u00f6tysuhde jopa: 22 %<\/p>\n<p>L\u00e4mp\u00f6tilakerroin Pmax: -0,29 %\/ \u00b0C<\/p>\n<p>Valmistettu Euroopassa<\/p>\n<p>108 n-tyypin kennoa<\/p>\n<p>Korkea moduulien hy\u00f6tysuhde jopa 22 %<\/p>\n<p>Kahden toisistaan riippumattoman osion rakenne takaa suuremman energiantuoton varjostuksen sattuessa.<\/p>\n<p>Pienempi kuumien pisteiden ja mikros\u00e4r\u00f6jen riski<\/p>\n<p>Puoliksi leikattu muotoilu yhdess\u00e4 monivirtajohdon kanssa v\u00e4hent\u00e4\u00e4 k\u00e4ytt\u00f6virtaa ja sis\u00e4ist\u00e4 vastusta.<\/p>\n<p>Paino: 20,8 kg, helppo asentaa<\/p>\n<p>Pitk\u00e4 kaapeli vakiona sopii maisemakuvioihin<\/p>\n<p>Tietolehti: <a href=\"https:\/\/texus.fi\/?attachment_id=1831\" rel=\"attachment wp-att-1831\">2024_FuturaSun_108_430W_Silk-Nova-EU_EN<\/a><\/p>\n","protected":false},"excerpt":{"rendered":"<p>Silk\u00ae Nova EU on uusi Euroopassa valmistettu monokiteisten aurinkopaneelien sarja, jossa on korkean hy\u00f6tysuhteen n-tyypin kennoja. Moduulikokoonpano, jossa on 108 kennoa ja 430 Wp:n teho, sopii erinomaisesti asuin- ja kaupallisiin asennuksiin. FU430M Silk\u00ae Nova EU -valos\u00e4hk\u00f6paneeli erottuu moduulin korkealla hy\u00f6tysuhteella, joka on jopa 22 %, pienill\u00e4 mitoilla (1722 x 1134 x 30 mm) ja erinomaisella l\u00e4mp\u00f6kertoimella (- 0,29 % \/ \u00b0C), joka takaa korkean suorituskyvyn my\u00f6s kuumina p\u00e4ivin\u00e4, jolloin k\u00e4ytt\u00f6l\u00e4mp\u00f6tila on korkea.<\/p>\n","protected":false},"featured_media":3225,"comment_status":"open","ping_status":"closed","template":"","meta":[],"product_brand":[],"product_cat":[27,29,15],"product_tag":[],"class_list":{"0":"post-1827","1":"product","2":"type-product","3":"status-publish","4":"has-post-thumbnail","6":"product_cat-aurinkopaneelit","7":"product_cat-monofacial","8":"product_cat-products","9":"pa_brands-futurasun","11":"first","12":"outofstock","13":"taxable","14":"shipping-taxable","15":"product-type-simple"},"_links":{"self":[{"href":"https:\/\/texus.fi\/fi\/wp-json\/wp\/v2\/product\/1827","targetHints":{"allow":["GET"]}}],"collection":[{"href":"https:\/\/texus.fi\/fi\/wp-json\/wp\/v2\/product"}],"about":[{"href":"https:\/\/texus.fi\/fi\/wp-json\/wp\/v2\/types\/product"}],"replies":[{"embeddable":true,"href":"https:\/\/texus.fi\/fi\/wp-json\/wp\/v2\/comments?post=1827"}],"wp:featuredmedia":[{"embeddable":true,"href":"https:\/\/texus.fi\/fi\/wp-json\/wp\/v2\/media\/3225"}],"wp:attachment":[{"href":"https:\/\/texus.fi\/fi\/wp-json\/wp\/v2\/media?parent=1827"}],"wp:term":[{"taxonomy":"product_brand","embeddable":true,"href":"https:\/\/texus.fi\/fi\/wp-json\/wp\/v2\/product_brand?post=1827"},{"taxonomy":"product_cat","embeddable":true,"href":"https:\/\/texus.fi\/fi\/wp-json\/wp\/v2\/product_cat?post=1827"},{"taxonomy":"product_tag","embeddable":true,"href":"https:\/\/texus.fi\/fi\/wp-json\/wp\/v2\/product_tag?post=1827"}],"curies":[{"name":"wp","href":"https:\/\/api.w.org\/{rel}","templated":true}]}}