{"id":1838,"date":"2024-10-20T11:28:12","date_gmt":"2024-10-20T08:28:12","guid":{"rendered":"https:\/\/texus.fi\/?post_type=product&#038;p=1838"},"modified":"2025-03-05T14:19:14","modified_gmt":"2025-03-05T11:19:14","slug":"futurasun-fu-540-545-550-m-silk-plus","status":"publish","type":"product","link":"https:\/\/texus.fi\/fi\/futurasun-fu-540-545-550-m-silk-plus\/","title":{"rendered":"Futurasun &#8211; FU 540 \/ 545 \/ 550 M Silk\u00ae Plus"},"content":{"rendered":"<p>Silk\u00ae Plus on sarja yksikiteisi\u00e4 aurinkos\u00e4hk\u00f6moduuleja, joissa on 182 mm:n suuruisia 144 PERC-puolileikattuja kennoja, joiden teho on jopa 550 Wp. Silk\u00ae Plus saavuttaa korkean hy\u00f6tysuhteen ja on uusin ratkaisu niille, jotka etsiv\u00e4t tehokkaita aurinkopaneeleita kaupallisiin ja yleishy\u00f6dyllisiin laitoksiin.<\/p>\n<p>Mitat: 2279 x 1134 x 35 mm<\/p>\n<p>Paino: 28,2 kg<\/p>\n<p>Korkea moduulien hy\u00f6tysuhde jopa: 21.28%<\/p>\n<p>L\u00e4mp\u00f6tilakerroin Pmax: -0,35 %\/\u00b0C<\/p>\n<p>15 vuoden tuotetakuu ja 25 vuoden suorituskykytakuu<\/p>\n<p>144 suuren pinta-alan PERC-kennoa 182 mm<\/p>\n<p>Korkea moduulien hy\u00f6tysuhde jopa 21,28 %<\/p>\n<p>Alhaisempi LCOE (Levelized Cost Of Energy), alhaisemmat BOS (Balance Of System) kustannukset, lyhyempi takaisinmaksuaika.<\/p>\n<p>V\u00e4hemm\u00e4n varjoja ja enemm\u00e4n heijastuvaa valoa kennoon py\u00f6re\u00e4n nauhan ansiosta.<\/p>\n<p>Kahden erillisen osan rakenne takaa suuremman energiantuoton varjostuksen sattuessa.<\/p>\n<p>Matala NMOT, parantaa s\u00e4hk\u00f6ntuotannon tehokkuutta<\/p>\n<p>Pienempi kuumien pisteiden ja mikros\u00e4r\u00f6jen riski<\/p>\n<p>Puoliksi leikattu rakenne yhdess\u00e4 monikiskon kanssa v\u00e4hent\u00e4\u00e4 k\u00e4ytt\u00f6virtaa ja sis\u00e4ist\u00e4 vastusta.<\/p>\n<p>Sopii t\u00e4ydellisesti yleishy\u00f6dyllisiin laitoksiin<\/p>\n<p>Tietolehti: <a href=\"https:\/\/texus.fi\/?attachment_id=1842\" rel=\"attachment wp-att-1842\">FuturaSun_144_540-550W_Silk-Plus_EN<\/a><\/p>\n","protected":false},"excerpt":{"rendered":"<p>Silk\u00ae Plus on sarja yksikiteisi\u00e4 aurinkos\u00e4hk\u00f6moduuleja, joissa on 182 mm:n suuruisia 144 PERC-puolileikattuja kennoja, joiden teho on jopa 550 Wp. Silk\u00ae Plus saavuttaa korkean hy\u00f6tysuhteen ja on uusin ratkaisu niille, jotka etsiv\u00e4t tehokkaita aurinkopaneeleita kaupallisiin ja yleishy\u00f6dyllisiin laitoksiin.<\/p>\n","protected":false},"featured_media":3228,"comment_status":"open","ping_status":"closed","template":"","meta":[],"product_brand":[],"product_cat":[27,29,15],"product_tag":[],"class_list":{"0":"post-1838","1":"product","2":"type-product","3":"status-publish","4":"has-post-thumbnail","6":"product_cat-aurinkopaneelit","7":"product_cat-monofacial","8":"product_cat-products","9":"pa_brands-futurasun","11":"first","12":"outofstock","13":"taxable","14":"shipping-taxable","15":"product-type-simple"},"_links":{"self":[{"href":"https:\/\/texus.fi\/fi\/wp-json\/wp\/v2\/product\/1838","targetHints":{"allow":["GET"]}}],"collection":[{"href":"https:\/\/texus.fi\/fi\/wp-json\/wp\/v2\/product"}],"about":[{"href":"https:\/\/texus.fi\/fi\/wp-json\/wp\/v2\/types\/product"}],"replies":[{"embeddable":true,"href":"https:\/\/texus.fi\/fi\/wp-json\/wp\/v2\/comments?post=1838"}],"wp:featuredmedia":[{"embeddable":true,"href":"https:\/\/texus.fi\/fi\/wp-json\/wp\/v2\/media\/3228"}],"wp:attachment":[{"href":"https:\/\/texus.fi\/fi\/wp-json\/wp\/v2\/media?parent=1838"}],"wp:term":[{"taxonomy":"product_brand","embeddable":true,"href":"https:\/\/texus.fi\/fi\/wp-json\/wp\/v2\/product_brand?post=1838"},{"taxonomy":"product_cat","embeddable":true,"href":"https:\/\/texus.fi\/fi\/wp-json\/wp\/v2\/product_cat?post=1838"},{"taxonomy":"product_tag","embeddable":true,"href":"https:\/\/texus.fi\/fi\/wp-json\/wp\/v2\/product_tag?post=1838"}],"curies":[{"name":"wp","href":"https:\/\/api.w.org\/{rel}","templated":true}]}}