{"id":1856,"date":"2024-10-20T11:45:10","date_gmt":"2024-10-20T08:45:10","guid":{"rendered":"https:\/\/texus.fi\/?post_type=product&#038;p=1856"},"modified":"2025-03-05T14:19:10","modified_gmt":"2025-03-05T11:19:10","slug":"futurasun-fu-420-425-430-m-silk-rhino-all-black","status":"publish","type":"product","link":"https:\/\/texus.fi\/fi\/futurasun-fu-420-425-430-m-silk-rhino-all-black\/","title":{"rendered":"Futurasun &#8211; FU 420 \/ 425 \/ 430 M Silk\u00ae Rhino All Black &#8211; 7000 Pa lumikuorma"},"content":{"rendered":"<p>&#8211; 7000 Pa lumikuorma<\/p>\n<p>Silk\u00ae Rhino All Black on uusi sarja monokiteisi\u00e4 aurinkos\u00e4hk\u00f6moduuleja, jotka kest\u00e4v\u00e4t raekuuroja ja suuria lumikuormia takana olevien kahden ylim\u00e4\u00e4r\u00e4isen alumiinipalkin ja suuremman lasipaksuuden ansiosta. Silk\u00ae Rhino All Black on korkean hy\u00f6tysuhteen moduuleja, joissa on 182 mm:n n-tyypin kennot.<\/p>\n<p>Moduulikokoonpano, jossa on 108 kennoa ja 430 Wp:n teho, soveltuu erinomaisesti asuin- ja kaupallisiin asennuksiin. FU420-430M Silk\u00ae Rhino All Black -valos\u00e4hk\u00f6paneeli erottuu moduulin korkealla, jopa 22 %:n hy\u00f6tysuhteella, sen pienill\u00e4 mitoilla 1722 x 1134 x 30 mm ja erinomaisella l\u00e4mp\u00f6kertoimella &#8211; 0,29 % \/ \u00b0C, joka takaa korkean suorituskyvyn my\u00f6s kuumina p\u00e4ivin\u00e4, jolloin k\u00e4ytt\u00f6l\u00e4mp\u00f6tila on korkea.<\/p>\n<p>Mitat: 1722 x 1134 x 30 mm<\/p>\n<p>Paino: 26 kg<\/p>\n<p>Korkea moduulien hy\u00f6tysuhde jopa: 22 %<\/p>\n<p>L\u00e4mp\u00f6tilakerroin Pmax: -0,29 %\/ \u00b0C<\/p>\n<p>Korkea raekest\u00e4vyys, jopa 45 mm:n j\u00e4\u00e4pallojen halkaisija 30 m\/s nopeudella<\/p>\n<p>Jopa 7000 Pa:n lumikuorman kest\u00e4vyys kahden ylim\u00e4\u00e4r\u00e4isen alumiinitangon ansiosta.<\/p>\n<p>15 vuoden tuotetakuu ja 25 vuoden suorituskykytakuu<\/p>\n<p>108 n-tyypin kennoa<\/p>\n<p>Korkea moduulien hy\u00f6tysuhde jopa 22 %<\/p>\n<p>Parannettu suorituskyky h\u00e4m\u00e4r\u00e4ss\u00e4<\/p>\n<p>Pienempi kuumien pisteiden ja mikros\u00e4r\u00f6jen riski<\/p>\n<p>Kahden toisistaan riippumattoman osion rakenne takaa suuremman energiantuoton varjostuksen sattuessa.<\/p>\n<p>Py\u00f6re\u00e4n nauhan ansiosta v\u00e4hemm\u00e4n s\u00e4vyj\u00e4 ja enemm\u00e4n heijastuvaa valoa kennoon.<\/p>\n<p>Puoliksi leikattu muotoilu yhdess\u00e4 monivirtajohdon kanssa v\u00e4hent\u00e4\u00e4 k\u00e4ytt\u00f6virtaa ja sis\u00e4ist\u00e4 vastusta.<\/p>\n<p>T\u00e4ydellinen asuinrakennusten katoille<\/p>\n<p>Kest\u00e4\u00e4 LID (Light Induced Degradation, valon aiheuttama hajoaminen) ja LeTID (Light and elevated Temperature Induced Degradation, valon ja kohonneen l\u00e4mp\u00f6tilan aiheuttama hajoaminen).<\/p>\n<p>Tietolehti: <a href=\"https:\/\/texus.fi\/?attachment_id=1859\" rel=\"attachment wp-att-1859\">FuturaSun_108_420-430-W_Silk-Rhino-All-Black_EN<\/a><\/p>\n","protected":false},"excerpt":{"rendered":"<p>&#8211; 7000 Pa lumikuorma<\/p>\n<p>Silk\u00ae Rhino All Black on uusi sarja monokiteisi\u00e4 aurinkos\u00e4hk\u00f6moduuleja, jotka kest\u00e4v\u00e4t raekuuroja ja suuria lumikuormia takana olevien kahden ylim\u00e4\u00e4r\u00e4isen alumiinipalkin ja suuremman lasipaksuuden ansiosta. Silk\u00ae Rhino All Black on korkean hy\u00f6tysuhteen moduuleja, joissa on 182 mm:n n-tyypin kennot.<\/p>\n<p>Moduulikokoonpano, jossa on 108 kennoa ja 430 Wp:n teho, soveltuu erinomaisesti asuin- ja kaupallisiin asennuksiin. FU420-430M Silk\u00ae Rhino All Black -valos\u00e4hk\u00f6paneeli erottuu moduulin korkealla, jopa 22 %:n hy\u00f6tysuhteella, sen pienill\u00e4 mitoilla 1722 x 1134 x 30 mm ja erinomaisella l\u00e4mp\u00f6kertoimella &#8211; 0,29 % \/ \u00b0C, joka takaa korkean suorituskyvyn my\u00f6s kuumina p\u00e4ivin\u00e4, jolloin k\u00e4ytt\u00f6l\u00e4mp\u00f6tila on korkea.<\/p>\n","protected":false},"featured_media":3213,"comment_status":"open","ping_status":"closed","template":"","meta":[],"product_brand":[],"product_cat":[27,29,15],"product_tag":[],"class_list":{"0":"post-1856","1":"product","2":"type-product","3":"status-publish","4":"has-post-thumbnail","6":"product_cat-aurinkopaneelit","7":"product_cat-monofacial","8":"product_cat-products","9":"pa_brands-futurasun","11":"first","12":"outofstock","13":"taxable","14":"shipping-taxable","15":"product-type-simple"},"_links":{"self":[{"href":"https:\/\/texus.fi\/fi\/wp-json\/wp\/v2\/product\/1856","targetHints":{"allow":["GET"]}}],"collection":[{"href":"https:\/\/texus.fi\/fi\/wp-json\/wp\/v2\/product"}],"about":[{"href":"https:\/\/texus.fi\/fi\/wp-json\/wp\/v2\/types\/product"}],"replies":[{"embeddable":true,"href":"https:\/\/texus.fi\/fi\/wp-json\/wp\/v2\/comments?post=1856"}],"wp:featuredmedia":[{"embeddable":true,"href":"https:\/\/texus.fi\/fi\/wp-json\/wp\/v2\/media\/3213"}],"wp:attachment":[{"href":"https:\/\/texus.fi\/fi\/wp-json\/wp\/v2\/media?parent=1856"}],"wp:term":[{"taxonomy":"product_brand","embeddable":true,"href":"https:\/\/texus.fi\/fi\/wp-json\/wp\/v2\/product_brand?post=1856"},{"taxonomy":"product_cat","embeddable":true,"href":"https:\/\/texus.fi\/fi\/wp-json\/wp\/v2\/product_cat?post=1856"},{"taxonomy":"product_tag","embeddable":true,"href":"https:\/\/texus.fi\/fi\/wp-json\/wp\/v2\/product_tag?post=1856"}],"curies":[{"name":"wp","href":"https:\/\/api.w.org\/{rel}","templated":true}]}}