{"id":3492,"date":"2025-07-17T17:33:26","date_gmt":"2025-07-17T14:33:26","guid":{"rendered":"https:\/\/texus.fi\/?post_type=product&#038;p=3492"},"modified":"2025-12-03T10:52:25","modified_gmt":"2025-12-03T07:52:25","slug":"zyc-simpo-hv-bms-unit","status":"publish","type":"product","link":"https:\/\/texus.fi\/fi\/zyc-simpo-hv-bms-unit\/","title":{"rendered":"ZYC &#8211; SIMPO HV BMS-Unit"},"content":{"rendered":"<p style=\"font-weight: 400;\">Langaton, ruuviton, huoleton &#8211; n\u00e4in toimii ZYCin uuden SIMPO HV -varastoj\u00e4rjestelm\u00e4n asennus. Hyv\u00e4ksi todettu pinoamiskonsepti mahdollistaa jopa 28,8 kWh:n k\u00e4ytt\u00f6kapasiteetin yksikk\u00f6\u00e4 kohden. Eik\u00e4 siin\u00e4 viel\u00e4 kaikki &#8211; jopa 8 tornia, joissa on yhteens\u00e4 230,4 kWh, voidaan kytke\u00e4 rinnakkain. Soveltamisala ulottuu siis asuinrakennuksista pieniin kaupallisiin j\u00e4rjestelmiin.<\/p>\n<p style=\"font-weight: 400;\">Tuotteen ominaisuudet:<\/p>\n<p style=\"font-weight: 400;\">&#8211; Ty\u00f6j\u00e4nnite: 100 &#8211; 700 V DC<\/p>\n<p style=\"font-weight: 400;\">&#8211; Latausvirta: 30 A<\/p>\n<p style=\"font-weight: 400;\">&#8211; Liit\u00e4nn\u00e4t: RS485, Modbus RS485.<\/p>\n<p style=\"font-weight: 400;\">&#8211; J\u00e4rjestelm\u00e4kokoonpano: 2 &#8211; 9 tallennusmoduulia<\/p>\n<p style=\"font-weight: 400;\">&#8211; Kaskadoitavissa: jopa 8 tornia rinnakkain.<\/p>\n<p style=\"font-weight: 400;\">&#8211; Suojausluokka: IP65<\/p>\n<p style=\"font-weight: 400;\">&#8211; J\u00e4\u00e4hdytys: passiivinen<\/p>\n<p style=\"font-weight: 400;\">&#8211; Mitat (BMS + pohja): 290 x 610 x 240 mm (korkeus x leveys x syvyys).<\/p>\n<p style=\"font-weight: 400;\">&#8211; Paino (BMS + pohja): 20,0 kg<\/p>\n<p><span style=\"font-weight: 400;\">&#8211; Takuu. 10 vuotta<\/span><\/p>\n<p><strong>LATAUKSET:<\/strong><\/p>\n<p><a href=\"https:\/\/texus.fi\/?attachment_id=3490\" rel=\"attachment noopener wp-att-3490\">Datasheet<\/a><\/p>\n<p><a href=\"https:\/\/texus.fi\/?attachment_id=3489\" rel=\"attachment wp-att-3489\">Operation Manuals<\/a><\/p>\n<p><a href=\"https:\/\/texus.fi\/?attachment_id=3488\" rel=\"attachment wp-att-3488\">Mounting Instructions<\/a><\/p>\n","protected":false},"excerpt":{"rendered":"<p>Langaton, ruuviton, huoleton &#8211; n\u00e4in toimii ZYCin uuden SIMPO HV -varastoj\u00e4rjestelm\u00e4n asennus. Hyv\u00e4ksi todettu pinoamiskonsepti mahdollistaa jopa 28,8 kWh:n k\u00e4ytt\u00f6kapasiteetin yksikk\u00f6\u00e4 kohden. Eik\u00e4 siin\u00e4 viel\u00e4 kaikki &#8211; jopa 8 tornia, joissa on yhteens\u00e4 230,4 kWh, voidaan kytke\u00e4 rinnakkain. Soveltamisala ulottuu siis asuinrakennuksista pieniin kaupallisiin j\u00e4rjestelmiin.<\/p>\n","protected":false},"featured_media":3493,"comment_status":"open","ping_status":"closed","template":"","meta":[],"product_brand":[],"product_cat":[35,15],"product_tag":[],"class_list":{"0":"post-3492","1":"product","2":"type-product","3":"status-publish","4":"has-post-thumbnail","6":"product_cat-ess-ratkaisut","7":"product_cat-products","8":"product_shipping_class-heavy-packages","9":"pa_brands-zyc","11":"first","12":"instock","13":"taxable","14":"shipping-taxable","15":"purchasable","16":"product-type-simple"},"_links":{"self":[{"href":"https:\/\/texus.fi\/fi\/wp-json\/wp\/v2\/product\/3492","targetHints":{"allow":["GET"]}}],"collection":[{"href":"https:\/\/texus.fi\/fi\/wp-json\/wp\/v2\/product"}],"about":[{"href":"https:\/\/texus.fi\/fi\/wp-json\/wp\/v2\/types\/product"}],"replies":[{"embeddable":true,"href":"https:\/\/texus.fi\/fi\/wp-json\/wp\/v2\/comments?post=3492"}],"wp:featuredmedia":[{"embeddable":true,"href":"https:\/\/texus.fi\/fi\/wp-json\/wp\/v2\/media\/3493"}],"wp:attachment":[{"href":"https:\/\/texus.fi\/fi\/wp-json\/wp\/v2\/media?parent=3492"}],"wp:term":[{"taxonomy":"product_brand","embeddable":true,"href":"https:\/\/texus.fi\/fi\/wp-json\/wp\/v2\/product_brand?post=3492"},{"taxonomy":"product_cat","embeddable":true,"href":"https:\/\/texus.fi\/fi\/wp-json\/wp\/v2\/product_cat?post=3492"},{"taxonomy":"product_tag","embeddable":true,"href":"https:\/\/texus.fi\/fi\/wp-json\/wp\/v2\/product_tag?post=3492"}],"curies":[{"name":"wp","href":"https:\/\/api.w.org\/{rel}","templated":true}]}}