{"id":3496,"date":"2024-03-28T03:49:33","date_gmt":"2024-03-28T00:49:33","guid":{"rendered":"https:\/\/texus.fi\/?post_type=product&#038;p=3496"},"modified":"2025-12-03T11:21:02","modified_gmt":"2025-12-03T08:21:02","slug":"zyc-simpo-hv-12-8","status":"publish","type":"product","link":"https:\/\/texus.fi\/fi\/zyc-simpo-hv-12-8\/","title":{"rendered":"ZYC &#8211; SIMPO HV 12.8"},"content":{"rendered":"<p style=\"font-weight: 400\">Langaton, ruuviton, huoleton &#8211; n\u00e4in toimii ZYCin uuden SIMPO HV -varastoj\u00e4rjestelm\u00e4n asennus. Hyv\u00e4ksi todettu pinoamiskonsepti mahdollistaa jopa 28,8 kWh:n k\u00e4ytt\u00f6kapasiteetin yksikk\u00f6\u00e4 kohden. Eik\u00e4 siin\u00e4 viel\u00e4 kaikki &#8211; jopa 8 tornia, joissa on yhteens\u00e4 230,4 kWh, voidaan kytke\u00e4 rinnakkain. Soveltamisala ulottuu siis asuinrakennuksista pieniin kaupallisiin j\u00e4rjestelmiin.<\/p>\n<p style=\"font-weight: 400\">Tuotteen edut:<\/p>\n<p style=\"font-weight: 400\">&#8211; Tehokas, kompakti pinottu rakenne<\/p>\n<p style=\"font-weight: 400\">&#8211; Kaapeli ja ruuviton rakenne<\/p>\n<p style=\"font-weight: 400\">&#8211; Jopa 8 tornia voidaan kaskadoida (230,8 kWh).<\/p>\n<p style=\"font-weight: 400\">&#8211; Sertifioitu akkujen turvallisuus VDE 2510-50:n mukaisesti.<\/p>\n<p style=\"font-weight: 400\">Tuotteen ominaisuudet Varastointi:<\/p>\n<p style=\"font-weight: 400\">&#8211; Akun kapasiteetti (k\u00e4ytt\u00f6kelpoinen): 12,8 kWh<\/p>\n<p style=\"font-weight: 400\">&#8211; Jatkoaikaikkuna: rajoittamaton<\/p>\n<p style=\"font-weight: 400\">&#8211; Solukemia: LFP<\/p>\n<p style=\"font-weight: 400\">&#8211; Liit\u00e4nn\u00e4t: RS485, Modbus RS485.<\/p>\n<p style=\"font-weight: 400\">&#8211; J\u00e4rjestelm\u00e4kokoonpano: 2 &#8211; 9 tallennusmoduulia<\/p>\n<p style=\"font-weight: 400\">&#8211; Kaskadoitavissa: jopa 8 tornia rinnakkain.<\/p>\n<p style=\"font-weight: 400\">&#8211; Nimellisj\u00e4nnite: 256 V<\/p>\n<p style=\"font-weight: 400\">&#8211; Suojausluokka: IP65<\/p>\n<p style=\"font-weight: 400\">&#8211; Mitat: (korkeus x leveys x syvyys): 1050 x 450 x 296 mm.<\/p>\n<p style=\"font-weight: 400\">&#8211; Paino: BMS + pohja: 20,0 kg, 4 x s\u00e4ilytysyksikk\u00f6 36,0 kg kukin.<\/p>\n<p style=\"font-weight: 400\">&#8211; Takuu: 10 vuotta<\/p>\n<p style=\"font-weight: 400\">Toimituksen laajuus:<\/p>\n<p style=\"font-weight: 400\">&#8211; 1 x ZYC SIMPO HV HV akunhallintaj\u00e4rjestelm\u00e4 (tuote 0157730)<\/p>\n<p><span style=\"font-weight: 400\">&#8211; 4 x ZYC SIMPO HV -varastointimoduuli (nimike 0157729).<\/span><\/p>\n<p><strong>LATAUKSET:<\/strong><\/p>\n<p><a href=\"https:\/\/texus.fi\/?attachment_id=3491\" rel=\"attachment wp-att-3491\">Warranty Terms<\/a><\/p>\n<p><a href=\"https:\/\/texus.fi\/?attachment_id=3490\" rel=\"attachment wp-att-3490\">Datasheet<\/a><\/p>\n<p><a href=\"https:\/\/texus.fi\/?attachment_id=3489\" rel=\"attachment wp-att-3489\">Operation Manuals<\/a><\/p>\n<p><a href=\"https:\/\/texus.fi\/?attachment_id=3488\" rel=\"attachment wp-att-3488\">Mounting Instructions<\/a><\/p>\n<div style=\"width: 800px;\" class=\"wp-video\"><video class=\"wp-video-shortcode\" id=\"video-3496-1\" width=\"800\" height=\"450\" preload=\"metadata\" controls=\"controls\"><source type=\"video\/mp4\" src=\"https:\/\/texus.fi\/wp-content\/uploads\/2024\/08\/video2.mp4?_=1\" \/><a href=\"https:\/\/texus.fi\/wp-content\/uploads\/2024\/08\/video2.mp4\">https:\/\/texus.fi\/wp-content\/uploads\/2024\/08\/video2.mp4<\/a><\/video><\/div>\n","protected":false},"excerpt":{"rendered":"<p>Langaton, ruuviton, huoleton &#8211; n\u00e4in toimii ZYCin uuden SIMPO HV -varastoj\u00e4rjestelm\u00e4n asennus. Hyv\u00e4ksi todettu pinoamiskonsepti mahdollistaa jopa 28,8 kWh:n k\u00e4ytt\u00f6kapasiteetin yksikk\u00f6\u00e4 kohden. Eik\u00e4 siin\u00e4 viel\u00e4 kaikki &#8211; jopa 8 tornia, joissa on yhteens\u00e4 230,4 kWh, voidaan kytke\u00e4 rinnakkain. Soveltamisala ulottuu siis asuinrakennuksista pieniin kaupallisiin j\u00e4rjestelmiin.<\/p>\n","protected":false},"featured_media":3483,"comment_status":"open","ping_status":"closed","template":"","meta":[],"product_brand":[],"product_cat":[35,15],"product_tag":[],"class_list":{"0":"post-3496","1":"product","2":"type-product","3":"status-publish","4":"has-post-thumbnail","6":"product_cat-ess-ratkaisut","7":"product_cat-products","8":"product_shipping_class-heavy-packages","9":"pa_brands-zyc","11":"first","12":"instock","13":"taxable","14":"shipping-taxable","15":"purchasable","16":"product-type-simple"},"_links":{"self":[{"href":"https:\/\/texus.fi\/fi\/wp-json\/wp\/v2\/product\/3496","targetHints":{"allow":["GET"]}}],"collection":[{"href":"https:\/\/texus.fi\/fi\/wp-json\/wp\/v2\/product"}],"about":[{"href":"https:\/\/texus.fi\/fi\/wp-json\/wp\/v2\/types\/product"}],"replies":[{"embeddable":true,"href":"https:\/\/texus.fi\/fi\/wp-json\/wp\/v2\/comments?post=3496"}],"wp:featuredmedia":[{"embeddable":true,"href":"https:\/\/texus.fi\/fi\/wp-json\/wp\/v2\/media\/3483"}],"wp:attachment":[{"href":"https:\/\/texus.fi\/fi\/wp-json\/wp\/v2\/media?parent=3496"}],"wp:term":[{"taxonomy":"product_brand","embeddable":true,"href":"https:\/\/texus.fi\/fi\/wp-json\/wp\/v2\/product_brand?post=3496"},{"taxonomy":"product_cat","embeddable":true,"href":"https:\/\/texus.fi\/fi\/wp-json\/wp\/v2\/product_cat?post=3496"},{"taxonomy":"product_tag","embeddable":true,"href":"https:\/\/texus.fi\/fi\/wp-json\/wp\/v2\/product_tag?post=3496"}],"curies":[{"name":"wp","href":"https:\/\/api.w.org\/{rel}","templated":true}]}}