{"id":360,"date":"2024-07-16T14:58:10","date_gmt":"2024-07-16T11:58:10","guid":{"rendered":"https:\/\/texus.fi\/?post_type=product&#038;p=360"},"modified":"2025-05-23T12:01:05","modified_gmt":"2025-05-23T09:01:05","slug":"bird-blocker-bb200","status":"publish","type":"product","link":"https:\/\/texus.fi\/fi\/bird-blocker-bb200\/","title":{"rendered":"Bird Blocker &#8211; BB200"},"content":{"rendered":"<p>Katon tyyppi, alusrakenteen korkeus ja asennustapa m\u00e4\u00e4r\u00e4\u00e4v\u00e4t, mik\u00e4 lintueste sopii parhaiten. On elint\u00e4rke\u00e4\u00e4, ett\u00e4 BirdBlockerin neulat istuvat tiukasti katolle, sill\u00e4 linnut k\u00e4ytt\u00e4v\u00e4t hyv\u00e4kseen jokaista aukkoa. Liiallinen paine ei my\u00f6sk\u00e4\u00e4n ole ihanteellinen. Jokaiseen tilanteeseen on olemassa optimaalinen BirdBlocker-tyyppi.<\/p>\n<p>TEKNISET TIEDOT<\/p>\n<ul>\n<li>Neulojen pituus: 200 mm (Neulat on yhdistetty toisiinsa sillalla vakauden lis\u00e4\u00e4miseksi)<\/li>\n<li>Kannen maksimikorkeus: 195 mm<\/li>\n<li>BirdBlocker-nauhat: 50 cm leve\u00e4<\/li>\n<li>Materiaali: musta UV-kest\u00e4v\u00e4 ja kierr\u00e4tett\u00e4v\u00e4 HDPE<\/li>\n<li>Kiinnityspidikkeet: ruostumaton ter\u00e4s<\/li>\n<\/ul>\n<div style=\"width: 800px;\" class=\"wp-video\"><video class=\"wp-video-shortcode\" id=\"video-360-1\" width=\"800\" height=\"450\" preload=\"metadata\" controls=\"controls\"><source type=\"video\/mp4\" src=\"https:\/\/texus.fi\/wp-content\/uploads\/2024\/07\/BirdBlocker-Promocartoon.mp4?_=1\" \/><a href=\"https:\/\/texus.fi\/wp-content\/uploads\/2024\/07\/BirdBlocker-Promocartoon.mp4\">https:\/\/texus.fi\/wp-content\/uploads\/2024\/07\/BirdBlocker-Promocartoon.mp4<\/a><\/video><\/div>\n","protected":false},"excerpt":{"rendered":"<p>Katon tyyppi, alusrakenteen korkeus ja asennustapa m\u00e4\u00e4r\u00e4\u00e4v\u00e4t, mik\u00e4 lintueste sopii parhaiten. On elint\u00e4rke\u00e4\u00e4, ett\u00e4 BirdBlockerin neulat istuvat tiukasti katolle, sill\u00e4 linnut k\u00e4ytt\u00e4v\u00e4t hyv\u00e4kseen jokaista aukkoa. Liiallinen paine ei my\u00f6sk\u00e4\u00e4n ole ihanteellinen. Jokaiseen tilanteeseen on olemassa optimaalinen BirdBlocker-tyyppi.<\/p>\n","protected":false},"featured_media":361,"comment_status":"open","ping_status":"closed","template":"","meta":[],"product_brand":[],"product_cat":[15,30],"product_tag":[],"class_list":{"0":"post-360","1":"product","2":"type-product","3":"status-publish","4":"has-post-thumbnail","6":"product_cat-products","7":"product_cat-suojaavat-tuotteet","8":"pa_brands-bird-blocker","10":"first","11":"outofstock","12":"taxable","13":"shipping-taxable","14":"product-type-simple"},"_links":{"self":[{"href":"https:\/\/texus.fi\/fi\/wp-json\/wp\/v2\/product\/360","targetHints":{"allow":["GET"]}}],"collection":[{"href":"https:\/\/texus.fi\/fi\/wp-json\/wp\/v2\/product"}],"about":[{"href":"https:\/\/texus.fi\/fi\/wp-json\/wp\/v2\/types\/product"}],"replies":[{"embeddable":true,"href":"https:\/\/texus.fi\/fi\/wp-json\/wp\/v2\/comments?post=360"}],"wp:featuredmedia":[{"embeddable":true,"href":"https:\/\/texus.fi\/fi\/wp-json\/wp\/v2\/media\/361"}],"wp:attachment":[{"href":"https:\/\/texus.fi\/fi\/wp-json\/wp\/v2\/media?parent=360"}],"wp:term":[{"taxonomy":"product_brand","embeddable":true,"href":"https:\/\/texus.fi\/fi\/wp-json\/wp\/v2\/product_brand?post=360"},{"taxonomy":"product_cat","embeddable":true,"href":"https:\/\/texus.fi\/fi\/wp-json\/wp\/v2\/product_cat?post=360"},{"taxonomy":"product_tag","embeddable":true,"href":"https:\/\/texus.fi\/fi\/wp-json\/wp\/v2\/product_tag?post=360"}],"curies":[{"name":"wp","href":"https:\/\/api.w.org\/{rel}","templated":true}]}}