{"id":3631,"date":"2024-01-28T18:27:44","date_gmt":"2024-01-28T15:27:44","guid":{"rendered":"https:\/\/texus.fi\/?post_type=product&#038;p=3631"},"modified":"2025-03-05T14:22:37","modified_gmt":"2025-03-05T11:22:37","slug":"phono-solar-meteor-moduuli-48-cells-440-460w","status":"publish","type":"product","link":"https:\/\/texus.fi\/fi\/phono-solar-meteor-moduuli-48-cells-440-460w\/","title":{"rendered":"Phono Solar &#8211; Meteor Moduuli &#8211; 48 Cells &#8211; 440-460W"},"content":{"rendered":"<p style=\"font-weight: 400\">Eritt\u00e4in kevyt<\/p>\n<p style=\"font-weight: 400\">35 %:n painonpudotus<\/p>\n<p style=\"font-weight: 400\">Mikrohalkeamien kest\u00e4vyys<\/p>\n<p style=\"font-weight: 400\">Minimoitu mikrohalkeamien ja etanoiden j\u00e4lkien riski.<\/p>\n<p style=\"font-weight: 400\">Anti-aging<\/p>\n<p style=\"font-weight: 400\">Ilman moduulin v\u00e4rin ja valonl\u00e4p\u00e4isykyvyn heikkenemist\u00e4, mik\u00e4 takaa j\u00e4rjestelm\u00e4n luotettavuuden.<\/p>\n<p style=\"font-weight: 400\">Vakaat sijoitustuotot<\/p>\n<p style=\"font-weight: 400\">Luotettava rakenne ja erinomainen suorituskyky takaavat vakaat investointituotot.<\/p>\n<p style=\"font-weight: 400\">Helppo puhdistaa<\/p>\n<p style=\"font-weight: 400\">Tasainen pintarakenne, v\u00e4hemm\u00e4n p\u00f6lyn kertymist\u00e4<\/p>\n<p style=\"font-weight: 400\">Luotettava laatu ja luotettavuus<\/p>\n<p style=\"font-weight: 400\">Optimoitu s\u00e4hk\u00f6suunnittelu pienent\u00e4\u00e4 kuumien pisteiden riski\u00e4 ja k\u00e4ytt\u00f6virtaa.<\/p>\n<p style=\"font-weight: 400\">Moduulin j\u00e4ykkyys tekee siit\u00e4 turvallisemman kuljettaa.<\/p>\n<p><strong>Tietolehti:<\/strong><\/p>\n<p><strong><span style=\"color: #008000\"><a style=\"color: #008000\" href=\"https:\/\/texus.fi\/?attachment_id=3634\" rel=\"attachment wp-att-3634\">Meteor Module<\/a><\/span><\/strong><\/p>\n","protected":false},"excerpt":{"rendered":"<p style=\"font-weight: 400\">Eritt\u00e4in kevyt<\/p>\n<p style=\"font-weight: 400\">35 %:n painonpudotus<\/p>\n<p style=\"font-weight: 400\">Mikrohalkeamien kest\u00e4vyys<\/p>\n<p style=\"font-weight: 400\">Minimoitu mikrohalkeamien ja etanoiden j\u00e4lkien riski.<\/p>\n<p style=\"font-weight: 400\">Anti-aging<\/p>\n<p style=\"font-weight: 400\">Ilman moduulin v\u00e4rin ja valonl\u00e4p\u00e4isykyvyn heikkenemist\u00e4, mik\u00e4 takaa j\u00e4rjestelm\u00e4n luotettavuuden.<\/p>\n<p style=\"font-weight: 400\">Vakaat sijoitustuotot<\/p>\n<p style=\"font-weight: 400\">Luotettava rakenne ja erinomainen suorituskyky takaavat vakaat investointituotot.<\/p>\n","protected":false},"featured_media":3632,"comment_status":"open","ping_status":"closed","template":"","meta":[],"product_brand":[],"product_cat":[27,29,15],"product_tag":[],"class_list":{"0":"post-3631","1":"product","2":"type-product","3":"status-publish","4":"has-post-thumbnail","6":"product_cat-aurinkopaneelit","7":"product_cat-monofacial","8":"product_cat-products","9":"pa_brands-phono-solar","11":"first","12":"outofstock","13":"taxable","14":"shipping-taxable","15":"product-type-simple"},"_links":{"self":[{"href":"https:\/\/texus.fi\/fi\/wp-json\/wp\/v2\/product\/3631","targetHints":{"allow":["GET"]}}],"collection":[{"href":"https:\/\/texus.fi\/fi\/wp-json\/wp\/v2\/product"}],"about":[{"href":"https:\/\/texus.fi\/fi\/wp-json\/wp\/v2\/types\/product"}],"replies":[{"embeddable":true,"href":"https:\/\/texus.fi\/fi\/wp-json\/wp\/v2\/comments?post=3631"}],"wp:featuredmedia":[{"embeddable":true,"href":"https:\/\/texus.fi\/fi\/wp-json\/wp\/v2\/media\/3632"}],"wp:attachment":[{"href":"https:\/\/texus.fi\/fi\/wp-json\/wp\/v2\/media?parent=3631"}],"wp:term":[{"taxonomy":"product_brand","embeddable":true,"href":"https:\/\/texus.fi\/fi\/wp-json\/wp\/v2\/product_brand?post=3631"},{"taxonomy":"product_cat","embeddable":true,"href":"https:\/\/texus.fi\/fi\/wp-json\/wp\/v2\/product_cat?post=3631"},{"taxonomy":"product_tag","embeddable":true,"href":"https:\/\/texus.fi\/fi\/wp-json\/wp\/v2\/product_tag?post=3631"}],"curies":[{"name":"wp","href":"https:\/\/api.w.org\/{rel}","templated":true}]}}