{"id":364,"date":"2024-07-16T14:58:10","date_gmt":"2024-07-16T11:58:10","guid":{"rendered":"https:\/\/texus.fi\/?post_type=product&#038;p=364"},"modified":"2025-05-23T12:01:05","modified_gmt":"2025-05-23T09:01:05","slug":"bird-blocker-bb-boxclip-50s","status":"publish","type":"product","link":"https:\/\/texus.fi\/fi\/bird-blocker-bb-boxclip-50s\/","title":{"rendered":"Bird Blocker &#8211; BB-BoxClip-50s"},"content":{"rendered":"<p><span data-sheets-root=\"1\">BirdBlocker-klipsit on suunniteltu niin, ett\u00e4 ne sopivat kest\u00e4v\u00e4ll\u00e4 ja turvallisella tavalla kaikkiin aurinkopaneeleihin. Ainutlaatuinen keskittyminen yksinomaan aurinkolintujen est\u00e4miseen, k\u00e4yt\u00e4nn\u00f6n testaus ja vuosikymmenien kokemus todellisesta asennuksesta m\u00e4\u00e4rittelev\u00e4t pyrkimyksemme luoda markkinoiden paras ratkaisu.<\/span><\/p>\n<p><span data-sheets-root=\"1\">Klipsit<\/span><\/p>\n<p><span data-sheets-root=\"1\">Laipalla \/ alareunalla varustettujen paneelikehysten k\u00e4ytt\u00f6 oli johtavien valmistajien (l\u00e4hes) yksinomainen standardi vuoteen 2021 asti. Aurinkoenergiateollisuudessa on tapahtunut muutos paneelirunkojen suunnittelussa, jossa on siirrytty laippapohjaisista kehyksist\u00e4 lyhyiden sivujen laatikkoprofiileihin. BirdBlocker mukautuu t\u00e4h\u00e4n muutokseen BB-BoxClip-50:ll\u00e4 ja varmistaa yhteensopivuuden eri paneelikokojen kanssa.<\/span><\/p>\n<p><span data-sheets-root=\"1\">BB125- ja BB200-pakkausten mukana toimitetaan vakioklipsit.<\/span><\/p>\n","protected":false},"excerpt":{"rendered":"<p><span data-sheets-root=\"1\">BirdBlocker-klipsit on suunniteltu niin, ett\u00e4 ne sopivat kest\u00e4v\u00e4ll\u00e4 ja turvallisella tavalla kaikkiin aurinkopaneeleihin. Ainutlaatuinen keskittyminen yksinomaan aurinkolintujen est\u00e4miseen, k\u00e4yt\u00e4nn\u00f6n testaus ja vuosikymmenien kokemus todellisesta asennuksesta m\u00e4\u00e4rittelev\u00e4t pyrkimyksemme luoda markkinoiden paras ratkaisu.<\/span><\/p>\n<p><span data-sheets-root=\"1\">Klipsit<\/span><\/p>\n<p><span data-sheets-root=\"1\">Laipalla \/ alareunalla varustettujen paneelikehysten k\u00e4ytt\u00f6 oli johtavien valmistajien (l\u00e4hes) yksinomainen standardi vuoteen 2021 asti. Aurinkoenergiateollisuudessa on tapahtunut muutos paneelirunkojen suunnittelussa, jossa on siirrytty laippapohjaisista kehyksist\u00e4 lyhyiden sivujen laatikkoprofiileihin. BirdBlocker mukautuu t\u00e4h\u00e4n muutokseen BB-BoxClip-50:ll\u00e4 ja varmistaa yhteensopivuuden eri paneelikokojen kanssa.<\/span><\/p>\n<p><span data-sheets-root=\"1\">BB125- ja BB200-pakkausten mukana toimitetaan vakioklipsit.<\/span><\/p>\n<p>&nbsp;<\/p>\n","protected":false},"featured_media":365,"comment_status":"open","ping_status":"closed","template":"","meta":[],"product_brand":[],"product_cat":[15,30],"product_tag":[],"class_list":{"0":"post-364","1":"product","2":"type-product","3":"status-publish","4":"has-post-thumbnail","6":"product_cat-products","7":"product_cat-suojaavat-tuotteet","8":"pa_brands-bird-blocker","10":"first","11":"outofstock","12":"taxable","13":"shipping-taxable","14":"product-type-simple"},"_links":{"self":[{"href":"https:\/\/texus.fi\/fi\/wp-json\/wp\/v2\/product\/364","targetHints":{"allow":["GET"]}}],"collection":[{"href":"https:\/\/texus.fi\/fi\/wp-json\/wp\/v2\/product"}],"about":[{"href":"https:\/\/texus.fi\/fi\/wp-json\/wp\/v2\/types\/product"}],"replies":[{"embeddable":true,"href":"https:\/\/texus.fi\/fi\/wp-json\/wp\/v2\/comments?post=364"}],"wp:featuredmedia":[{"embeddable":true,"href":"https:\/\/texus.fi\/fi\/wp-json\/wp\/v2\/media\/365"}],"wp:attachment":[{"href":"https:\/\/texus.fi\/fi\/wp-json\/wp\/v2\/media?parent=364"}],"wp:term":[{"taxonomy":"product_brand","embeddable":true,"href":"https:\/\/texus.fi\/fi\/wp-json\/wp\/v2\/product_brand?post=364"},{"taxonomy":"product_cat","embeddable":true,"href":"https:\/\/texus.fi\/fi\/wp-json\/wp\/v2\/product_cat?post=364"},{"taxonomy":"product_tag","embeddable":true,"href":"https:\/\/texus.fi\/fi\/wp-json\/wp\/v2\/product_tag?post=364"}],"curies":[{"name":"wp","href":"https:\/\/api.w.org\/{rel}","templated":true}]}}