{"id":3653,"date":"2024-01-28T18:46:49","date_gmt":"2024-01-28T15:46:49","guid":{"rendered":"https:\/\/texus.fi\/?post_type=product&#038;p=3653"},"modified":"2025-03-05T14:22:32","modified_gmt":"2025-03-05T11:22:32","slug":"phono-solar-twinplus-moduuli","status":"publish","type":"product","link":"https:\/\/texus.fi\/fi\/phono-solar-twinplus-moduuli\/","title":{"rendered":"Phono Solar &#8211; TwinPlus Moduuli"},"content":{"rendered":"<p style=\"font-weight: 400\">Erinomainen tuotteen suorituskyky<\/p>\n<p style=\"font-weight: 400\">Kilpailukykyinen korkean l\u00e4mp\u00f6tilan suorituskyky ja parannettu l\u00e4mp\u00f6tilakerroin<\/p>\n<p style=\"font-weight: 400\">Minimoitu tehoh\u00e4vi\u00f6 soluliit\u00e4nn\u00e4ss\u00e4<\/p>\n<p style=\"font-weight: 400\">Parempi suorituskyky varjostuksen vaikutuksesta<\/p>\n<p style=\"font-weight: 400\">Alennettu kennon nimellisk\u00e4ytt\u00f6l\u00e4mp\u00f6tila 45 \u00b1 2 \u00b0C:ssa.<\/p>\n<p style=\"font-weight: 400\">Suurempi tehontuotanto moniv\u00e4yl\u00e4- ja puolileikkaustekniikan avulla<\/p>\n<p style=\"font-weight: 400\">Luotettava laatu ja luotettavuus<\/p>\n<p style=\"font-weight: 400\">Optimoitu s\u00e4hk\u00f6suunnittelu pienent\u00e4\u00e4 kuumien pisteiden riski\u00e4 ja k\u00e4ytt\u00f6virtaa.<\/p>\n<p style=\"font-weight: 400\">Moduulin j\u00e4ykkyys tekee siit\u00e4 turvallisemman kuljettaa.<\/p>\n<p style=\"font-weight: 400\">PID-kest\u00e4v\u00e4<\/p>\n<p style=\"font-weight: 400\">Teollisuuden johtava kennojen k\u00e4sittelytekniikka ja s\u00e4hk\u00f6suunnittelu takaavat vankan PID-kest\u00e4vyyden.<\/p>\n<p style=\"font-weight: 400\"><strong>Tietolehti:<\/strong><\/p>\n<p style=\"font-weight: 400\"><strong>54 Cells<\/strong> &#8211; Mono-M6<\/p>\n<p style=\"font-weight: 400\"><a href=\"https:\/\/texus.fi\/?attachment_id=3654\" rel=\"attachment wp-att-3654\">TwinPlus Module &#8211; 54 Cells<\/a><\/p>\n<p style=\"font-weight: 400\"><strong>60 Cells<\/strong> &#8211; Mono-M6<\/p>\n<p style=\"font-weight: 400\"><a href=\"https:\/\/texus.fi\/?attachment_id=3655\" rel=\"attachment wp-att-3655\">TwinPlus Module &#8211; 60 Cells<\/a><\/p>\n<p style=\"font-weight: 400\"><strong>66 Cells<\/strong> &#8211; Mono-M6<\/p>\n<p style=\"font-weight: 400\"><a href=\"https:\/\/texus.fi\/?attachment_id=3656\" rel=\"attachment wp-att-3656\">TwinPlus Module &#8211; 66 Cells<\/a><\/p>\n<p style=\"font-weight: 400\"><strong>72 Cells<\/strong> &#8211; Mono-M6<\/p>\n<p><a href=\"https:\/\/texus.fi\/?attachment_id=3657\" rel=\"attachment wp-att-3657\">TwinPlus Module &#8211; 72 Cells<\/a><\/p>\n","protected":false},"excerpt":{"rendered":"<p style=\"font-weight: 400\">Erinomainen tuotteen suorituskyky<\/p>\n<p style=\"font-weight: 400\">Kilpailukykyinen korkean l\u00e4mp\u00f6tilan suorituskyky ja parannettu l\u00e4mp\u00f6tilakerroin<\/p>\n<p style=\"font-weight: 400\">Minimoitu tehoh\u00e4vi\u00f6 soluliit\u00e4nn\u00e4ss\u00e4<\/p>\n<p style=\"font-weight: 400\">Parempi suorituskyky varjostuksen vaikutuksesta<\/p>\n<p style=\"font-weight: 400\">Alennettu kennon nimellisk\u00e4ytt\u00f6l\u00e4mp\u00f6tila 45 \u00b1 2 \u00b0C:ssa.<\/p>\n<p style=\"font-weight: 400\">Suurempi tehontuotanto moniv\u00e4yl\u00e4- ja puolileikkaustekniikan avulla<\/p>\n","protected":false},"featured_media":3658,"comment_status":"open","ping_status":"closed","template":"","meta":[],"product_brand":[],"product_cat":[27,29,15],"product_tag":[],"class_list":{"0":"post-3653","1":"product","2":"type-product","3":"status-publish","4":"has-post-thumbnail","6":"product_cat-aurinkopaneelit","7":"product_cat-monofacial","8":"product_cat-products","9":"pa_brands-phono-solar","11":"first","12":"outofstock","13":"taxable","14":"shipping-taxable","15":"product-type-simple"},"_links":{"self":[{"href":"https:\/\/texus.fi\/fi\/wp-json\/wp\/v2\/product\/3653","targetHints":{"allow":["GET"]}}],"collection":[{"href":"https:\/\/texus.fi\/fi\/wp-json\/wp\/v2\/product"}],"about":[{"href":"https:\/\/texus.fi\/fi\/wp-json\/wp\/v2\/types\/product"}],"replies":[{"embeddable":true,"href":"https:\/\/texus.fi\/fi\/wp-json\/wp\/v2\/comments?post=3653"}],"wp:featuredmedia":[{"embeddable":true,"href":"https:\/\/texus.fi\/fi\/wp-json\/wp\/v2\/media\/3658"}],"wp:attachment":[{"href":"https:\/\/texus.fi\/fi\/wp-json\/wp\/v2\/media?parent=3653"}],"wp:term":[{"taxonomy":"product_brand","embeddable":true,"href":"https:\/\/texus.fi\/fi\/wp-json\/wp\/v2\/product_brand?post=3653"},{"taxonomy":"product_cat","embeddable":true,"href":"https:\/\/texus.fi\/fi\/wp-json\/wp\/v2\/product_cat?post=3653"},{"taxonomy":"product_tag","embeddable":true,"href":"https:\/\/texus.fi\/fi\/wp-json\/wp\/v2\/product_tag?post=3653"}],"curies":[{"name":"wp","href":"https:\/\/api.w.org\/{rel}","templated":true}]}}