{"id":383,"date":"2024-07-16T14:58:10","date_gmt":"2024-07-16T11:58:10","guid":{"rendered":"https:\/\/texus.fi\/?post_type=product&#038;p=383"},"modified":"2025-05-23T12:01:04","modified_gmt":"2025-05-23T09:01:04","slug":"bird-blocker-starter-kit","status":"publish","type":"product","link":"https:\/\/texus.fi\/fi\/bird-blocker-starter-kit\/","title":{"rendered":"Bird Blocker &#8211; Aloituspakkaus"},"content":{"rendered":"<p><span data-sheets-root=\"1\">Helpota BirdBlockerin asennusta aloituspakkauksellamme. Yhteisty\u00f6ss\u00e4 BirdBlockeria p\u00e4ivitt\u00e4in asentavien ammattilaisten kanssa olemme keksineet t\u00e4ydellisen j\u00e4rjestelm\u00e4n, joka koostuu korkealaatuisista ty\u00f6kaluista, jotka helpottavat sinua. K\u00e4yt\u00e4 aloituspakkausta asentaaksesi tuotteemme tehokkaammin, nopeammin ja tarkemmin.<\/span><\/p>\n","protected":false},"excerpt":{"rendered":"<p><span data-sheets-root=\"1\">Helpota BirdBlockerin asennusta aloituspakkauksellamme. Yhteisty\u00f6ss\u00e4 BirdBlockeria p\u00e4ivitt\u00e4in asentavien ammattilaisten kanssa olemme keksineet t\u00e4ydellisen j\u00e4rjestelm\u00e4n, joka koostuu korkealaatuisista ty\u00f6kaluista, jotka helpottavat sinua. K\u00e4yt\u00e4 aloituspakkausta asentaaksesi tuotteemme tehokkaammin, nopeammin ja tarkemmin.<\/span><\/p>\n<p>&nbsp;<\/p>\n","protected":false},"featured_media":384,"comment_status":"open","ping_status":"closed","template":"","meta":[],"product_brand":[],"product_cat":[15,30],"product_tag":[],"class_list":{"0":"post-383","1":"product","2":"type-product","3":"status-publish","4":"has-post-thumbnail","6":"product_cat-products","7":"product_cat-suojaavat-tuotteet","8":"pa_brands-bird-blocker","10":"first","11":"outofstock","12":"taxable","13":"shipping-taxable","14":"product-type-simple"},"_links":{"self":[{"href":"https:\/\/texus.fi\/fi\/wp-json\/wp\/v2\/product\/383","targetHints":{"allow":["GET"]}}],"collection":[{"href":"https:\/\/texus.fi\/fi\/wp-json\/wp\/v2\/product"}],"about":[{"href":"https:\/\/texus.fi\/fi\/wp-json\/wp\/v2\/types\/product"}],"replies":[{"embeddable":true,"href":"https:\/\/texus.fi\/fi\/wp-json\/wp\/v2\/comments?post=383"}],"wp:featuredmedia":[{"embeddable":true,"href":"https:\/\/texus.fi\/fi\/wp-json\/wp\/v2\/media\/384"}],"wp:attachment":[{"href":"https:\/\/texus.fi\/fi\/wp-json\/wp\/v2\/media?parent=383"}],"wp:term":[{"taxonomy":"product_brand","embeddable":true,"href":"https:\/\/texus.fi\/fi\/wp-json\/wp\/v2\/product_brand?post=383"},{"taxonomy":"product_cat","embeddable":true,"href":"https:\/\/texus.fi\/fi\/wp-json\/wp\/v2\/product_cat?post=383"},{"taxonomy":"product_tag","embeddable":true,"href":"https:\/\/texus.fi\/fi\/wp-json\/wp\/v2\/product_tag?post=383"}],"curies":[{"name":"wp","href":"https:\/\/api.w.org\/{rel}","templated":true}]}}