{"id":3858,"date":"2025-05-19T16:06:20","date_gmt":"2025-05-19T13:06:20","guid":{"rendered":"https:\/\/texus.fi\/?post_type=product&#038;p=3858"},"modified":"2026-03-10T10:59:43","modified_gmt":"2026-03-10T07:59:43","slug":"sajn-akkualusta-hs2-ja-b2-jarjestelmia-varten","status":"publish","type":"product","link":"https:\/\/texus.fi\/fi\/sajn-akkualusta-hs2-ja-b2-jarjestelmia-varten\/","title":{"rendered":"SAJ:n akkualusta HS2- ja B2-j\u00e4rjestelmi\u00e4 varten"},"content":{"rendered":"<p>SAJ:n akkualusta HS2- ja B2-j\u00e4rjestelmi\u00e4 varten<\/p>\n<p><a href=\"https:\/\/texus.fi\/?attachment_id=3857\" rel=\"attachment wp-att-3857\">B2-datablad<\/a><\/p>\n<p><a href=\"https:\/\/texus.fi\/?attachment_id=3856\" rel=\"attachment wp-att-3856\">B2-5.0_manual<\/a><\/p>\n","protected":false},"excerpt":{"rendered":"<div id=\"main-container\">\n<div id=\"content\" class=\"shopping-layout-content\" tabindex=\"-1\">\n<div id=\"ProductDetails.Full.View\" class=\"view product-detail\" data-root-component-id=\"ProductDetails.Full.View\">\n<div class=\"product-details-full\">\n<article class=\"product-details-full-content\">\n<div class=\"product-detail-full-tab-container\">\n<div id=\"product-detail-full-tabs\" class=\"product-detail-full-tabs-body collapse in\" data-target=\"#product-detail-full-tabs\">\n<div class=\"product-detail-full-tabs-content\">\n<div id=\"tab2\" class=\"product-detail-full-tab-each PDP-tab-two\">\n<div class=\"product-info-container\">\u00a0SAJ:n akkualusta HS2- ja B2-j\u00e4rjestelmi\u00e4 varten<\/div>\n<\/div>\n<\/div>\n<\/div>\n<\/div>\n<\/article>\n<\/div>\n<\/div>\n<\/div>\n<\/div>\n","protected":false},"featured_media":3859,"comment_status":"open","ping_status":"closed","template":"","meta":[],"product_brand":[],"product_cat":[35,15],"product_tag":[],"class_list":{"0":"post-3858","1":"product","2":"type-product","3":"status-publish","4":"has-post-thumbnail","6":"product_cat-ess-ratkaisut","7":"product_cat-products","8":"product_shipping_class-standard-delivery","9":"pa_brands-saj","11":"first","12":"outofstock","13":"taxable","14":"shipping-taxable","15":"purchasable","16":"product-type-simple"},"_links":{"self":[{"href":"https:\/\/texus.fi\/fi\/wp-json\/wp\/v2\/product\/3858","targetHints":{"allow":["GET"]}}],"collection":[{"href":"https:\/\/texus.fi\/fi\/wp-json\/wp\/v2\/product"}],"about":[{"href":"https:\/\/texus.fi\/fi\/wp-json\/wp\/v2\/types\/product"}],"replies":[{"embeddable":true,"href":"https:\/\/texus.fi\/fi\/wp-json\/wp\/v2\/comments?post=3858"}],"wp:featuredmedia":[{"embeddable":true,"href":"https:\/\/texus.fi\/fi\/wp-json\/wp\/v2\/media\/3859"}],"wp:attachment":[{"href":"https:\/\/texus.fi\/fi\/wp-json\/wp\/v2\/media?parent=3858"}],"wp:term":[{"taxonomy":"product_brand","embeddable":true,"href":"https:\/\/texus.fi\/fi\/wp-json\/wp\/v2\/product_brand?post=3858"},{"taxonomy":"product_cat","embeddable":true,"href":"https:\/\/texus.fi\/fi\/wp-json\/wp\/v2\/product_cat?post=3858"},{"taxonomy":"product_tag","embeddable":true,"href":"https:\/\/texus.fi\/fi\/wp-json\/wp\/v2\/product_tag?post=3858"}],"curies":[{"name":"wp","href":"https:\/\/api.w.org\/{rel}","templated":true}]}}