{"id":3867,"date":"2025-05-19T16:25:58","date_gmt":"2025-05-19T13:25:58","guid":{"rendered":"https:\/\/texus.fi\/?post_type=product&#038;p=3867"},"modified":"2025-05-21T11:13:26","modified_gmt":"2025-05-21T08:13:26","slug":"saj-akkumoduuli-ja-jalusta-hs3-jarjestelmiin","status":"publish","type":"product","link":"https:\/\/texus.fi\/fi\/saj-akkumoduuli-ja-jalusta-hs3-jarjestelmiin\/","title":{"rendered":"SAJ-akkumoduuli ja -jalusta HS3-j\u00e4rjestelmiin"},"content":{"rendered":"<h2>SAJ HS3 All-in-one -j\u00e4rjestelm\u00e4<\/h2>\n<p>SAJ HS3 on All-in-one-j\u00e4rjestelm\u00e4, jossa on invertteri, akku ja s\u00e4hk\u00f6auton latauslaite, ja siin\u00e4 on my\u00f6s sis\u00e4\u00e4nrakennettu teko\u00e4lyohjaus SAJ:n Elixin kautta. J\u00e4rjestelm\u00e4 sis\u00e4lt\u00e4\u00e4 \u00e4lymittarin (virranmuuntajien kanssa) sek\u00e4 dataloggerin \u2013 SAJ AIO Dongle, jossa on tuki sek\u00e4 WiFi:lle ett\u00e4 Ethernetille.<\/p>\n<h3>Ominaisuudet<\/h3>\n<ul>\n<li>1\u20138 akkuyksikk\u00f6\u00e4 (5\u201340 kWh)<\/li>\n<li>Invertteri 5\u201312 kW<\/li>\n<li>2 MPPT:t\u00e4 (20A kumpikin)<\/li>\n<li>Kapea muotoilu (vain 17 cm syv\u00e4)<\/li>\n<li>Sis\u00e4\u00e4nrakennettu l\u00e4mmitys \u2013 ulkoasennus jopa -30 \u00b0C<\/li>\n<li>IP65-luokitus vaativiin olosuhteisiin<\/li>\n<li>Integroitu s\u00e4hk\u00f6auton lataus (AC) \u2013 11 kW \u2013 Lis\u00e4varuste<\/li>\n<li>DC-DC-optimoija modulaariseen laajennettavuuteen<\/li>\n<li>Sis\u00e4\u00e4nrakennetut luokan II ylij\u00e4nnitesuojat DC- ja AC-puolella<\/li>\n<li>Ulkoinen ohjaus EMS-j\u00e4rjestelmien kautta kuten Flower Hub, Enequi, Checkwatt jne.<\/li>\n<\/ul>\n<p>Datalehdet:<\/p>\n<p><a href=\"https:\/\/texus.fi\/?attachment_id=3861\" rel=\"attachment wp-att-3861\">SAJ HS3 Data Sheet ENG<\/a><\/p>\n<p><a href=\"https:\/\/texus.fi\/?attachment_id=3876\" rel=\"attachment wp-att-3876\">SAJ HS3 Battery Module Data Sheet ENG<\/a><\/p>\n<p>Manuaalit:<br \/>\n<a href=\"https:\/\/texus.fi\/?attachment_id=3862\" rel=\"attachment wp-att-3862\">SAJ Quick Guide HS3(5K-12K) ENG<\/a><\/p>\n<p><a href=\"https:\/\/texus.fi\/?attachment_id=3863\" rel=\"attachment wp-att-3863\">SAJ User Manual HS3(5K-12K) ENG<\/a><\/p>\n","protected":false},"excerpt":{"rendered":"<div id=\"main-container\">\n<div id=\"content\" class=\"shopping-layout-content\" tabindex=\"-1\">\n<div id=\"ProductDetails.Full.View\" class=\"view product-detail\" data-root-component-id=\"ProductDetails.Full.View\">\n<div class=\"product-details-full\">\n<article class=\"product-details-full-content\">\n<div class=\"product-detail-full-tab-container\">\n<div id=\"product-detail-full-tabs\" class=\"product-detail-full-tabs-body collapse in\" data-target=\"#product-detail-full-tabs\">\n<div class=\"product-detail-full-tabs-content\">\n<div id=\"tab2\" class=\"product-detail-full-tab-each PDP-tab-two\">\n<div class=\"product-info-container\">\n<div class=\"product-details-full-short-description\">\n<p class=\"alt-desc\">SAJ HS3 on All-in-one-j\u00e4rjestelm\u00e4, jossa on invertteri, akku ja s\u00e4hk\u00f6auton latauslaite, ja siin\u00e4 on my\u00f6s sis\u00e4\u00e4nrakennettu teko\u00e4lyohjaus SAJ:n Elixin kautta. J\u00e4rjestelm\u00e4 sis\u00e4lt\u00e4\u00e4 \u00e4lymittarin (virranmuuntajien kanssa) sek\u00e4 dataloggerin \u2013 SAJ AIO Dongle, jossa on tuki sek\u00e4 WiFi:lle ett\u00e4 Ethernetille.<\/p>\n<\/div>\n<div class=\"product-details-full-stock-comapre-container\"><\/div>\n<div class=\"product-detail-full-custom-stock-reserved-qty-container\">\n<div class=\"stock-info\" data-view=\"Stock.Info\" data-itemid=\"15090\" data-itemname=\"\">\n<div class=\"item-details-custom-stock-availability pdp currentStock15090\" data-itemid=\"15090\">\n<div class=\"current-stock\"><\/div>\n<\/div>\n<\/div>\n<\/div>\n<\/div>\n<\/div>\n<\/div>\n<\/div>\n<\/div>\n<\/article>\n<\/div>\n<\/div>\n<\/div>\n<\/div>\n","protected":false},"featured_media":3870,"comment_status":"open","ping_status":"closed","template":"","meta":[],"product_brand":[],"product_cat":[35,15],"product_tag":[],"class_list":{"0":"post-3867","1":"product","2":"type-product","3":"status-publish","4":"has-post-thumbnail","6":"product_cat-ess-ratkaisut","7":"product_cat-products","8":"product_shipping_class-heavy-packages","9":"pa_brands-saj","11":"first","12":"instock","13":"taxable","14":"shipping-taxable","15":"purchasable","16":"product-type-simple"},"_links":{"self":[{"href":"https:\/\/texus.fi\/fi\/wp-json\/wp\/v2\/product\/3867","targetHints":{"allow":["GET"]}}],"collection":[{"href":"https:\/\/texus.fi\/fi\/wp-json\/wp\/v2\/product"}],"about":[{"href":"https:\/\/texus.fi\/fi\/wp-json\/wp\/v2\/types\/product"}],"replies":[{"embeddable":true,"href":"https:\/\/texus.fi\/fi\/wp-json\/wp\/v2\/comments?post=3867"}],"wp:featuredmedia":[{"embeddable":true,"href":"https:\/\/texus.fi\/fi\/wp-json\/wp\/v2\/media\/3870"}],"wp:attachment":[{"href":"https:\/\/texus.fi\/fi\/wp-json\/wp\/v2\/media?parent=3867"}],"wp:term":[{"taxonomy":"product_brand","embeddable":true,"href":"https:\/\/texus.fi\/fi\/wp-json\/wp\/v2\/product_brand?post=3867"},{"taxonomy":"product_cat","embeddable":true,"href":"https:\/\/texus.fi\/fi\/wp-json\/wp\/v2\/product_cat?post=3867"},{"taxonomy":"product_tag","embeddable":true,"href":"https:\/\/texus.fi\/fi\/wp-json\/wp\/v2\/product_tag?post=3867"}],"curies":[{"name":"wp","href":"https:\/\/api.w.org\/{rel}","templated":true}]}}