{"id":3889,"date":"2025-05-21T12:54:18","date_gmt":"2025-05-21T09:54:18","guid":{"rendered":"https:\/\/texus.fi\/?post_type=product&#038;p=3889"},"modified":"2025-05-23T11:54:31","modified_gmt":"2025-05-23T08:54:31","slug":"zendure-solar-flow-ace-1500","status":"publish","type":"product","link":"https:\/\/texus.fi\/fi\/zendure-solar-flow-ace-1500\/","title":{"rendered":"Zendure Solar Flow Ace 1500"},"content":{"rendered":"<p class=\"p1\">Zendure Ace 1500 on tehokas ja monipuolinen virtaratkaisu, joka on suunniteltu tukemaan sek\u00e4 verkkoon kytkettyj\u00e4 ett\u00e4 verkkoon kytkem\u00e4tt\u00f6mi\u00e4 j\u00e4rjestelmi\u00e4. T\u00e4m\u00e4 pistorasiaan kytkett\u00e4v\u00e4 kotiakku soveltuu h\u00e4t\u00e4virtaan, ulkoiluun sek\u00e4 oman kodin energianhallintaan. Voidaan k\u00e4ytt\u00e4\u00e4 my\u00f6s yhdess\u00e4 aurinkopaneelien kanssa.<\/p>\n<ul class=\"ul1\">\n<li class=\"li2\">T\u00e4m\u00e4 <b>plug &amp; play <\/b>-aurinkoparisto\u00a0<span class=\"Apple-converted-space\">\u00a0 <\/span>soveltuu verkkoon kytkettyihin sovelluksiin, mutta se soveltuu my\u00f6s verkon ulkopuolisiin sovelluksiin. Joten ihanteellinen kotiin, retkeilyyn tai h\u00e4t\u00e4virtal\u00e4hteeksi.<\/li>\n<li class=\"li2\"><b>Helpon asennuksen <\/b>ansiosta laitteet voidaan liitt\u00e4\u00e4 v\u00e4litt\u00f6m\u00e4sti koti-akkuun ilman monimutkaisia johdotuksia. Voit kytke\u00e4 aurinkopaneelit ja akut, ja sinulla on heti virtaa.<\/li>\n<li class=\"li2\">Toimii yhdess\u00e4 Zendure AB2000S:n ja Zendure AB1000S:n kanssa.<\/li>\n<li class=\"li2\">Voidaan vaihtaa nopeasti varavoimaan. Se on ihanteellinen laitteille, jotka tarvitsevat jatkuvaa virtaa, kuten j\u00e4\u00e4kaappi tai pakastin.<\/li>\n<li class=\"li2\">Sen huipputeho on <b>3000 W<\/b>, joten se sopii my\u00f6s paljon tehoa vaativiin laitteisiin, kuten ilmastointilaitteeseen.<\/li>\n<li class=\"li2\">Voidaan ladata <b>verkkovirralla <\/b>tai aurinkopaneeleilla. Tarjoaa my\u00f6s mahdollisuuden yhdist\u00e4\u00e4 <b>molemmat tavat<\/b>.<\/li>\n<li class=\"li2\">Akun kapasiteetti on 0,96 kWh-3,84 kWh.<\/li>\n<li class=\"li2\">Siin\u00e4 on USB-C-l\u00e4ht\u00f6, joka mahdollistaa jopa 65 W:n latauksen.<\/li>\n<li class=\"li2\">Suojausluokitus: <b>IP31 <\/b>(suojattu p\u00f6lylt\u00e4 ja roiskevedelt\u00e4).<\/li>\n<li class=\"li2\">Paino: 4 KG<\/li>\n<li class=\"li2\">Mitat: 326 x 200 x 108 mm.<\/li>\n<li class=\"li2\">5 vuoden takuu<\/li>\n<li class=\"li2\">Sis\u00e4lt\u00e4\u00e4 AC-kaapelin ja liitinklipsin AB1000S:n tai AB2000S:n laajentamista varten.<\/li>\n<\/ul>\n","protected":false},"excerpt":{"rendered":"<p>Zendure Ace 1500 on tehokas ja monipuolinen virtaratkaisu, joka on suunniteltu tukemaan sek\u00e4 verkkoon kytkettyj\u00e4 ett\u00e4 verkkoon kytkem\u00e4tt\u00f6mi\u00e4 j\u00e4rjestelmi\u00e4. T\u00e4m\u00e4 pistorasiaan kytkett\u00e4v\u00e4 kotiakku soveltuu h\u00e4t\u00e4virtaan, ulkoiluun sek\u00e4 oman kodin energianhallintaan. Voidaan k\u00e4ytt\u00e4\u00e4 my\u00f6s yhdess\u00e4 aurinkopaneelien kanssa.<\/p>\n","protected":false},"featured_media":3891,"comment_status":"open","ping_status":"closed","template":"","meta":[],"product_brand":[],"product_cat":[35,15],"product_tag":[],"class_list":{"0":"post-3889","1":"product","2":"type-product","3":"status-publish","4":"has-post-thumbnail","6":"product_cat-ess-ratkaisut","7":"product_cat-products","8":"product_shipping_class-heavy-packages","9":"pa_brands-zendure","11":"first","12":"instock","13":"taxable","14":"shipping-taxable","15":"purchasable","16":"product-type-simple"},"_links":{"self":[{"href":"https:\/\/texus.fi\/fi\/wp-json\/wp\/v2\/product\/3889","targetHints":{"allow":["GET"]}}],"collection":[{"href":"https:\/\/texus.fi\/fi\/wp-json\/wp\/v2\/product"}],"about":[{"href":"https:\/\/texus.fi\/fi\/wp-json\/wp\/v2\/types\/product"}],"replies":[{"embeddable":true,"href":"https:\/\/texus.fi\/fi\/wp-json\/wp\/v2\/comments?post=3889"}],"wp:featuredmedia":[{"embeddable":true,"href":"https:\/\/texus.fi\/fi\/wp-json\/wp\/v2\/media\/3891"}],"wp:attachment":[{"href":"https:\/\/texus.fi\/fi\/wp-json\/wp\/v2\/media?parent=3889"}],"wp:term":[{"taxonomy":"product_brand","embeddable":true,"href":"https:\/\/texus.fi\/fi\/wp-json\/wp\/v2\/product_brand?post=3889"},{"taxonomy":"product_cat","embeddable":true,"href":"https:\/\/texus.fi\/fi\/wp-json\/wp\/v2\/product_cat?post=3889"},{"taxonomy":"product_tag","embeddable":true,"href":"https:\/\/texus.fi\/fi\/wp-json\/wp\/v2\/product_tag?post=3889"}],"curies":[{"name":"wp","href":"https:\/\/api.w.org\/{rel}","templated":true}]}}