{"id":3893,"date":"2024-05-20T18:27:49","date_gmt":"2024-05-20T15:27:49","guid":{"rendered":"https:\/\/texus.fi\/?post_type=product&#038;p=3893"},"modified":"2025-05-21T15:58:11","modified_gmt":"2025-05-21T12:58:11","slug":"zendure-solar-flow-hub-2000","status":"publish","type":"product","link":"https:\/\/texus.fi\/fi\/zendure-solar-flow-hub-2000\/","title":{"rendered":"Zendure Solar Flow Hub 2000"},"content":{"rendered":"<p class=\"p1\">Uuden SolarFlow HUB2000 -laitteen avulla voit nyt asentaa useita aurinkopaneeleja, joiden enimm\u00e4isteho on 2400 W, ja varastoida p\u00e4iv\u00e4n aikana tuotetun s\u00e4hk\u00f6n, jotta et luovuta mit\u00e4\u00e4n verkonhaltijalle. Zendure-sovelluksessa voit m\u00e4\u00e4ritt\u00e4\u00e4, kuinka paljon s\u00e4hk\u00f6\u00e4 sy\u00f6tet\u00e4\u00e4n kotiverkkoon\/vertteriin. Jos s\u00e4hk\u00f6\u00e4 tuotetaan enemm\u00e4n kuin kotiverkkoon sy\u00f6tet\u00e4\u00e4n, se varastoidaan akkuun ja voidaan k\u00e4ytt\u00e4\u00e4 my\u00f6hemmin. IP65-suojauksen ja integroidun l\u00e4mmitysfolion ansiosta varastoj\u00e4rjestelm\u00e4\u00e4 voidaan k\u00e4ytt\u00e4\u00e4 my\u00f6s ulkona talvella jopa -10\u00b0 C:een asti.<\/p>\n<p class=\"p1\"><b>Shelly-yhteensopiva:<\/b><\/p>\n<p class=\"p1\">Voidaan my\u00f6s yhdist\u00e4\u00e4 &#8221;Shellyn&#8221; \u00e4lykk\u00e4isiin mittareihin tai muihin SmartPlug-j\u00e4rjestelmiin, jolloin s\u00e4hk\u00f6nsy\u00f6tt\u00f6\u00e4 voidaan ohjata automaattisesti kulloisenkin s\u00e4hk\u00f6ntarpeen mukaan.<\/p>\n<p class=\"p1\"><b>PV-keskitin:<\/b><\/p>\n<ul class=\"ul1\">\n<li class=\"li2\">Mitat: 64 mm: 363\u00d7 246\u00d7 64 mm<\/li>\n<li class=\"li2\">Paino: 4,7 kg<\/li>\n<li class=\"li2\">Kaksinkertainen PV-tulo: 2*900 W, 1800 W MPPT<\/li>\n<li class=\"li2\">Tuloj\u00e4nnite: 16 V-60 V<\/li>\n<li class=\"li2\">Max. Tulovirta: 2*26 A<\/li>\n<li class=\"li2\">L\u00e4ht\u00f6virta: max. 30 A<\/li>\n<li class=\"li2\">L\u00e4ht\u00f6j\u00e4nnite: 16-60 V<\/li>\n<li class=\"li2\">Suojausluokka: IP65<\/li>\n<\/ul>\n<p class=\"p1\"><b>Takuu:<\/b><\/p>\n<p class=\"p1\">Jopa 10 vuoden valmistajan takuu &#8211; Tarkista takuuehdot ennen ostamista.<\/p>\n","protected":false},"excerpt":{"rendered":"<p>Uuden SolarFlow HUB2000 -laitteen avulla voit nyt asentaa useita aurinkopaneeleja, joiden enimm\u00e4isteho on 2400 W, ja varastoida p\u00e4iv\u00e4n aikana tuotetun s\u00e4hk\u00f6n, jotta et luovuta mit\u00e4\u00e4n verkonhaltijalle. Zendure-sovelluksessa voit m\u00e4\u00e4ritt\u00e4\u00e4, kuinka paljon s\u00e4hk\u00f6\u00e4 sy\u00f6tet\u00e4\u00e4n kotiverkkoon\/vertteriin. Jos s\u00e4hk\u00f6\u00e4 tuotetaan enemm\u00e4n kuin kotiverkkoon sy\u00f6tet\u00e4\u00e4n, se varastoidaan akkuun ja voidaan k\u00e4ytt\u00e4\u00e4 my\u00f6hemmin. IP65-suojauksen ja integroidun l\u00e4mmitysfolion ansiosta varastoj\u00e4rjestelm\u00e4\u00e4 voidaan k\u00e4ytt\u00e4\u00e4 my\u00f6s ulkona talvella jopa -10\u00b0 C:een asti.<\/p>\n","protected":false},"featured_media":3895,"comment_status":"open","ping_status":"closed","template":"","meta":[],"product_brand":[],"product_cat":[35,15],"product_tag":[],"class_list":{"0":"post-3893","1":"product","2":"type-product","3":"status-publish","4":"has-post-thumbnail","6":"product_cat-ess-ratkaisut","7":"product_cat-products","8":"product_shipping_class-standard-delivery","9":"pa_brands-zendure","11":"first","12":"instock","13":"taxable","14":"shipping-taxable","15":"purchasable","16":"product-type-simple"},"_links":{"self":[{"href":"https:\/\/texus.fi\/fi\/wp-json\/wp\/v2\/product\/3893","targetHints":{"allow":["GET"]}}],"collection":[{"href":"https:\/\/texus.fi\/fi\/wp-json\/wp\/v2\/product"}],"about":[{"href":"https:\/\/texus.fi\/fi\/wp-json\/wp\/v2\/types\/product"}],"replies":[{"embeddable":true,"href":"https:\/\/texus.fi\/fi\/wp-json\/wp\/v2\/comments?post=3893"}],"wp:featuredmedia":[{"embeddable":true,"href":"https:\/\/texus.fi\/fi\/wp-json\/wp\/v2\/media\/3895"}],"wp:attachment":[{"href":"https:\/\/texus.fi\/fi\/wp-json\/wp\/v2\/media?parent=3893"}],"wp:term":[{"taxonomy":"product_brand","embeddable":true,"href":"https:\/\/texus.fi\/fi\/wp-json\/wp\/v2\/product_brand?post=3893"},{"taxonomy":"product_cat","embeddable":true,"href":"https:\/\/texus.fi\/fi\/wp-json\/wp\/v2\/product_cat?post=3893"},{"taxonomy":"product_tag","embeddable":true,"href":"https:\/\/texus.fi\/fi\/wp-json\/wp\/v2\/product_tag?post=3893"}],"curies":[{"name":"wp","href":"https:\/\/api.w.org\/{rel}","templated":true}]}}