{"id":3905,"date":"2024-05-21T11:30:40","date_gmt":"2024-05-21T08:30:40","guid":{"rendered":"https:\/\/texus.fi\/?post_type=product&#038;p=3905"},"modified":"2025-05-21T16:04:26","modified_gmt":"2025-05-21T13:04:26","slug":"zendure-460w230w2-flexible-solar-panel","status":"publish","type":"product","link":"https:\/\/texus.fi\/fi\/zendure-460w230w2-flexible-solar-panel\/","title":{"rendered":"Zendure 460W (230W * 2) joustava aurinkopaneeli"},"content":{"rendered":"<p class=\"p1\">Eritt\u00e4in tehokas aurinkopaneeli: Valmistettu aurinkokennoista, joiden korkea muuntokyky on jopa 22,6 %, ja kehittyneest\u00e4 valmistusmenetelm\u00e4st\u00e4. Hukkatilaa kennojonojen v\u00e4lill\u00e4 on v\u00e4hennetty huomattavasti, ja n\u00e4in paneelin hy\u00f6tysuhde on kasvanut merkitt\u00e4v\u00e4sti.<\/p>\n<p class=\"p1\">20 % pienempi: Moduuliemme suorituskyky on sama, mutta niiden koko on vain noin 80 % tavanomaisista taipuisista aurinkopaneeleista. Pienempi koko tekee asennuksesta helpompaa ja joustavampaa erityisesti ahtaissa tiloissa, kuten ajoneuvojen katoilla tai veneiden kansilla.<\/p>\n<p class=\"p2\">Kevyt ja erinomainen joustavuus: Taipuisan aurinkopaneelin paino on pienentynyt 70~80 % verrattuna perinteisiin lasikehys-aurinkopaneeleihin. Kevyt paino tekee kuljetuksesta tai asennuksesta paljon helpompaa. Aurinkopaneelit voidaan asentaa my\u00f6s hieman kaareville pinnoille. Paneeli soveltuu matkailuautoihin, veneisiin, retkeilyyn ja mink\u00e4 tahansa muunlaiseen verkon ulkopuoliseen s\u00e4hk\u00f6j\u00e4rjestelm\u00e4\u00e4n.<\/p>\n<p class=\"p1\">Luotettava s\u00e4hk\u00f6katkos: 100 % positiivinen ulostulotoleranssi . Ainutlaatuisen sis\u00e4isen ohituslaminointiteknologiamme ansiosta, kun osa paneelista on varjossa, j\u00e4ljelle j\u00e4\u00e4v\u00e4n osan tuottama energia virtaa sis\u00e4isen ohitusliit\u00e4nn\u00e4n kautta minimoidakseen energiah\u00e4vi\u00f6n ja parantaakseen paneelin suorituskyky\u00e4.<\/p>\n<p class=\"p2\">Kest\u00e4vyys ja takuu: Se on tunnettu ominaisuuksistaan, kuten korkeasta valonl\u00e4p\u00e4isevyydest\u00e4, kest\u00e4vyydest\u00e4 ja pitk\u00e4st\u00e4 k\u00e4ytt\u00f6i\u00e4st\u00e4. IP67-liit\u00e4nt\u00e4kotelo ja MC4-liittimet takaavat luotettavuuden vaativissa ymp\u00e4rist\u00f6iss\u00e4.<\/p>\n","protected":false},"excerpt":{"rendered":"<p>Eritt\u00e4in tehokas aurinkopaneeli: Valmistettu aurinkokennoista, joiden korkea muuntokyky on jopa 22,6 %, ja kehittyneest\u00e4 valmistusmenetelm\u00e4st\u00e4. Hukkatilaa kennojonojen v\u00e4lill\u00e4 on v\u00e4hennetty huomattavasti, ja n\u00e4in paneelin hy\u00f6tysuhde on kasvanut merkitt\u00e4v\u00e4sti.<\/p>\n","protected":false},"featured_media":3906,"comment_status":"open","ping_status":"closed","template":"","meta":[],"product_brand":[],"product_cat":[35,15],"product_tag":[],"class_list":{"0":"post-3905","1":"product","2":"type-product","3":"status-publish","4":"has-post-thumbnail","6":"product_cat-ess-ratkaisut","7":"product_cat-products","8":"product_shipping_class-standard-delivery","9":"pa_brands-zendure","11":"first","12":"instock","13":"taxable","14":"shipping-taxable","15":"purchasable","16":"product-type-simple"},"_links":{"self":[{"href":"https:\/\/texus.fi\/fi\/wp-json\/wp\/v2\/product\/3905","targetHints":{"allow":["GET"]}}],"collection":[{"href":"https:\/\/texus.fi\/fi\/wp-json\/wp\/v2\/product"}],"about":[{"href":"https:\/\/texus.fi\/fi\/wp-json\/wp\/v2\/types\/product"}],"replies":[{"embeddable":true,"href":"https:\/\/texus.fi\/fi\/wp-json\/wp\/v2\/comments?post=3905"}],"wp:featuredmedia":[{"embeddable":true,"href":"https:\/\/texus.fi\/fi\/wp-json\/wp\/v2\/media\/3906"}],"wp:attachment":[{"href":"https:\/\/texus.fi\/fi\/wp-json\/wp\/v2\/media?parent=3905"}],"wp:term":[{"taxonomy":"product_brand","embeddable":true,"href":"https:\/\/texus.fi\/fi\/wp-json\/wp\/v2\/product_brand?post=3905"},{"taxonomy":"product_cat","embeddable":true,"href":"https:\/\/texus.fi\/fi\/wp-json\/wp\/v2\/product_cat?post=3905"},{"taxonomy":"product_tag","embeddable":true,"href":"https:\/\/texus.fi\/fi\/wp-json\/wp\/v2\/product_tag?post=3905"}],"curies":[{"name":"wp","href":"https:\/\/api.w.org\/{rel}","templated":true}]}}