{"id":3916,"date":"2025-05-21T12:58:32","date_gmt":"2025-05-21T09:58:32","guid":{"rendered":"https:\/\/texus.fi\/?post_type=product&#038;p=3916"},"modified":"2025-05-21T15:59:48","modified_gmt":"2025-05-21T12:59:48","slug":"zendure-solarflow-2400-ac","status":"publish","type":"product","link":"https:\/\/texus.fi\/fi\/zendure-solarflow-2400-ac\/","title":{"rendered":"Zendure SolarFlow 2400 AC"},"content":{"rendered":"<div id=\"Feature\">\n<div class=\"col-md-12\">\n<p class=\"p1\"><b>Uusi tuote &#8211; voit ennakkotilata! &#8211; Se tulee varastoon hein\u00e4kuussa!<\/b><\/p>\n<p class=\"p1\"><b>Ominaisuudet<\/b><\/p>\n<ul class=\"ul1\">\n<li class=\"li2\">Modulaarinen varastointiratkaisu, jossa on 2,88 kWh, laajennettavissa 17,28 kWh:iin asti.<\/li>\n<li class=\"li2\">96,5 % energiatehokkuus<\/li>\n<li class=\"li2\">Teko\u00e4lyavusteinen energianhallinta<\/li>\n<li class=\"li2\">Yksinkertainen plug-and-play-asennus<\/li>\n<li class=\"li2\">2400-W kaksisuuntainen lataus ja purku vaihtovirralla.<\/li>\n<li class=\"li2\">Itsen\u00e4inen 2400 W:n pistorasia<\/li>\n<li class=\"li2\">Nopea tehon s\u00e4\u00e4t\u00f6 0-2400 W 2 sekunnissa<\/li>\n<li class=\"li2\">GanZen galliumnitriditekniikka<\/li>\n<li class=\"li2\">48 V:n akku, jossa on korkea muuntohy\u00f6tysuhde ja itsen\u00e4inen akunhallintaj\u00e4rjestelm\u00e4.<\/li>\n<\/ul>\n<p class=\"p1\"><b>Johdanto<\/b><\/p>\n<p class=\"p3\">Zenduren SolarFlow 2400 AC on innovatiivinen energian varastointiratkaisu kotitalouksille, joissa on aurinkos\u00e4hk\u00f6j\u00e4rjestelm\u00e4 katolla. J\u00e4rjestelm\u00e4n peruskapasiteetti on 2,88 kWh, jota voidaan modulaaristen laajennusten ansiosta laajentaa 17,28 kWh:iin, ja sen hy\u00f6tysuhde on 96,5 %. Teko\u00e4lyn avulla toimiva ZENKI Home Energy Management System analysoi k\u00e4ytt\u00f6tietoja, s\u00e4\u00e4ennusteita ja s\u00e4hk\u00f6tariffeja optimoidakseen energiavirtoja ja s\u00e4\u00e4st\u00e4en jopa 42 % s\u00e4hk\u00f6kustannuksista.<\/p>\n<\/div>\n<\/div>\n","protected":false},"excerpt":{"rendered":"<p><b>Uusi tuote &#8211; voit ennakkotilata! &#8211; Se tulee varastoon hein\u00e4kuussa!<\/b><\/p>\n<p>Zenduren SolarFlow 2400 AC on innovatiivinen energian varastointiratkaisu kotitalouksille, joissa on aurinkos\u00e4hk\u00f6j\u00e4rjestelm\u00e4 katolla. J\u00e4rjestelm\u00e4n peruskapasiteetti on 2,88 kWh, jota voidaan modulaaristen laajennusten ansiosta laajentaa 17,28 kWh:iin, ja sen hy\u00f6tysuhde on 96,5 %. Teko\u00e4lyn avulla toimiva ZENKI Home Energy Management System analysoi k\u00e4ytt\u00f6tietoja, s\u00e4\u00e4ennusteita ja s\u00e4hk\u00f6tariffeja optimoidakseen energiavirtoja ja s\u00e4\u00e4st\u00e4en jopa 42 % s\u00e4hk\u00f6kustannuksista.<\/p>\n","protected":false},"featured_media":3918,"comment_status":"open","ping_status":"closed","template":"","meta":[],"product_brand":[],"product_cat":[35,15],"product_tag":[],"class_list":{"0":"post-3916","1":"product","2":"type-product","3":"status-publish","4":"has-post-thumbnail","6":"product_cat-ess-ratkaisut","7":"product_cat-products","8":"product_shipping_class-heavy-packages","9":"pa_brands-zendure","11":"first","12":"onbackorder","13":"taxable","14":"shipping-taxable","15":"purchasable","16":"product-type-simple"},"_links":{"self":[{"href":"https:\/\/texus.fi\/fi\/wp-json\/wp\/v2\/product\/3916","targetHints":{"allow":["GET"]}}],"collection":[{"href":"https:\/\/texus.fi\/fi\/wp-json\/wp\/v2\/product"}],"about":[{"href":"https:\/\/texus.fi\/fi\/wp-json\/wp\/v2\/types\/product"}],"replies":[{"embeddable":true,"href":"https:\/\/texus.fi\/fi\/wp-json\/wp\/v2\/comments?post=3916"}],"wp:featuredmedia":[{"embeddable":true,"href":"https:\/\/texus.fi\/fi\/wp-json\/wp\/v2\/media\/3918"}],"wp:attachment":[{"href":"https:\/\/texus.fi\/fi\/wp-json\/wp\/v2\/media?parent=3916"}],"wp:term":[{"taxonomy":"product_brand","embeddable":true,"href":"https:\/\/texus.fi\/fi\/wp-json\/wp\/v2\/product_brand?post=3916"},{"taxonomy":"product_cat","embeddable":true,"href":"https:\/\/texus.fi\/fi\/wp-json\/wp\/v2\/product_cat?post=3916"},{"taxonomy":"product_tag","embeddable":true,"href":"https:\/\/texus.fi\/fi\/wp-json\/wp\/v2\/product_tag?post=3916"}],"curies":[{"name":"wp","href":"https:\/\/api.w.org\/{rel}","templated":true}]}}