{"id":3928,"date":"2025-05-21T13:15:56","date_gmt":"2025-05-21T10:15:56","guid":{"rendered":"https:\/\/texus.fi\/?post_type=product&#038;p=3928"},"modified":"2025-05-23T11:58:32","modified_gmt":"2025-05-23T08:58:32","slug":"ab2000x-expansion-battery-for-solarflow-1920wh-add-on-lifepo4","status":"publish","type":"product","link":"https:\/\/texus.fi\/fi\/ab2000x-expansion-battery-for-solarflow-1920wh-add-on-lifepo4\/","title":{"rendered":"Zendure &#8211; AB2000X- Laajennusakku SolarFlow 1920Wh Add-On LiFePO4-akkuun"},"content":{"rendered":"<div id=\"Feature\">\n<div class=\"col-md-12\">\n<h3>Uusi tuote &#8211; voit ennakkotilata! &#8211; Se tulee varastoon hein\u00e4kuussa!<\/h3>\n<p class=\"p1\">Zenduren AB2000X on tehokas, viimeisimm\u00e4n sukupolven LiFePO\u2084-akku, joka on kehitetty parvekevoimalaitoksen ylim\u00e4\u00e4r\u00e4isen energian tehokkaaseen varastointiin. Se on varustettu uusimmilla suojamekanismeilla, automaattisella l\u00e4mmitysj\u00e4rjestelm\u00e4ll\u00e4 ja integroidulla palosuojauksella, joten se tarjoaa maksimaalisen turvallisuuden, kest\u00e4vyyden ja saumattoman yhteensopivuuden koko SolarFlow-j\u00e4rjestelm\u00e4n kanssa.<\/p>\n<p class=\"p1\">Etusi yhdell\u00e4 silm\u00e4yksell\u00e4<\/p>\n<p class=\"p1\">Integroitu aerosolisammutusj\u00e4rjestelm\u00e4<\/p>\n<p class=\"p1\">Automaattinen itsel\u00e4mmitystoiminto jopa -20\u00b0 C:een asti<\/p>\n<p class=\"p1\">\u00c4lyk\u00e4s akunhallintaj\u00e4rjestelm\u00e4 (BMS)<\/p>\n<p class=\"p1\">Modulaarisesti laajennettavissa jopa 6 akkuun (max. 11,52 kWh).<\/p>\n<p class=\"p1\">Unibody-alumiinikotelo IP65-suojausluokalla<\/p>\n<p class=\"p1\">Yhteensopiva AB1000-, AB2000- ja AB2000S-mallien kanssa.<\/p>\n<p class=\"p1\">Ohjaus ja valvonta Zendure-sovelluksen kautta<\/p>\n<p class=\"p1\">Miten SolarFlow-j\u00e4rjestelm\u00e4 toimii?<\/p>\n<p class=\"p1\">P\u00e4iv\u00e4n aikana aurinkos\u00e4hk\u00f6moduulien tuottama energia sy\u00f6tet\u00e4\u00e4n mikroinvertteriin aurinkos\u00e4hk\u00f6keskuksen kautta. Ylij\u00e4\u00e4m\u00e4energia virtaa akkuun &#8211; t\u00e4ydellinen ratkaisu y\u00f6aikaan tai silloin, kun auringonvalo on v\u00e4h\u00e4ist\u00e4. PV-keskitin tuottaa vakiona 600 W:n tehon, mutta sit\u00e4 voidaan s\u00e4\u00e4t\u00e4\u00e4 joustavasti 100-1200 W:n v\u00e4lill\u00e4. N\u00e4in j\u00e4rjestelm\u00e4 kattaa luotettavasti my\u00f6s kuormitushuiput ja takaa jopa 32 prosentin s\u00e4\u00e4st\u00f6t s\u00e4hk\u00f6laskussa.<\/p>\n<p class=\"p1\">Y\u00f6ll\u00e4 varastoitu energia sy\u00f6tt\u00e4\u00e4 luotettavasti kaikenlaisia laitteita ilmastointilaitteista ja j\u00e4\u00e4kaapeista WLAN-reitittimiin, kannettaviin tietokoneisiin ja lamppuihin.<\/p>\n<p class=\"p1\">Kattavat suojaustoiminnot<\/p>\n<p class=\"p1\">Itsel\u00e4mmitystoiminto<\/p>\n<p class=\"p1\">Akku aktivoi automaattisesti l\u00e4mmittimens\u00e4 kylmiss\u00e4 l\u00e4mp\u00f6tiloissa, jotta se toimii jopa -20\u00b0 C:n l\u00e4mp\u00f6tilassa.<\/p>\n<p class=\"p1\">Automaattinen sammutusj\u00e4rjestelm\u00e4<\/p>\n<p class=\"p1\">Integroitu aerosolisammutusj\u00e4rjestelm\u00e4 havaitsee ylikuumenemisen aiheuttamat palovaarat ja sammuttaa ne v\u00e4litt\u00f6m\u00e4sti &#8211; ilman haitallisia kaasuja tai j\u00e4\u00e4mi\u00e4.<\/p>\n<p class=\"p1\">\u00c4lyk\u00e4s ohjaus sovelluksen kautta<\/p>\n<p class=\"p1\">Zendure-sovelluksen avulla voit seurata j\u00e4rjestelm\u00e4si tilaa reaaliajassa, s\u00e4\u00e4t\u00e4\u00e4 asetuksia, hakea s\u00e4\u00e4tietoja ja optimoida energiankulutusta &#8211; kaikki yhdell\u00e4 silm\u00e4yksell\u00e4.<\/p>\n<p class=\"p1\">Tekniset tiedot<\/p>\n<p class=\"p1\">Akun kemia: LiFePO\u2084.<\/p>\n<p class=\"p1\">Kapasiteetti: 1920 Wh (40 Ah, 48 V)<\/p>\n<p class=\"p1\">Max. Kokonaiskapasiteetti: 11,52 kWh<\/p>\n<p class=\"p1\">Nimellisl\u00e4ht\u00f6virta: 25 A<\/p>\n<p class=\"p1\">Syklin vakaus:<\/p>\n<p class=\"p1\">3000 sykli\u00e4 @ DOD80 %<\/p>\n<p class=\"p1\">6000 sykli\u00e4 @ DOD70 %<\/p>\n<p class=\"p1\">Suojausluokka: IP65<\/p>\n<\/div>\n<\/div>\n","protected":false},"excerpt":{"rendered":"<h3>Uusi tuote &#8211; voit ennakkotilata! &#8211; Se tulee varastoon hein\u00e4kuussa!<\/h3>\n<p>Zenduren AB2000X on tehokas, viimeisimm\u00e4n sukupolven LiFePO\u2084-akku, joka on kehitetty parvekevoimalaitoksen ylim\u00e4\u00e4r\u00e4isen energian tehokkaaseen varastointiin. Se on varustettu uusimmilla suojamekanismeilla, automaattisella l\u00e4mmitysj\u00e4rjestelm\u00e4ll\u00e4 ja integroidulla palosuojauksella, joten se tarjoaa maksimaalisen turvallisuuden, kest\u00e4vyyden ja saumattoman yhteensopivuuden koko SolarFlow-j\u00e4rjestelm\u00e4n kanssa.<\/p>\n","protected":false},"featured_media":3932,"comment_status":"open","ping_status":"closed","template":"","meta":[],"product_brand":[],"product_cat":[35,15],"product_tag":[],"class_list":{"0":"post-3928","1":"product","2":"type-product","3":"status-publish","4":"has-post-thumbnail","6":"product_cat-ess-ratkaisut","7":"product_cat-products","8":"product_shipping_class-heavy-packages","9":"pa_brands-zendure","11":"first","12":"onbackorder","13":"taxable","14":"shipping-taxable","15":"purchasable","16":"product-type-simple"},"_links":{"self":[{"href":"https:\/\/texus.fi\/fi\/wp-json\/wp\/v2\/product\/3928","targetHints":{"allow":["GET"]}}],"collection":[{"href":"https:\/\/texus.fi\/fi\/wp-json\/wp\/v2\/product"}],"about":[{"href":"https:\/\/texus.fi\/fi\/wp-json\/wp\/v2\/types\/product"}],"replies":[{"embeddable":true,"href":"https:\/\/texus.fi\/fi\/wp-json\/wp\/v2\/comments?post=3928"}],"wp:featuredmedia":[{"embeddable":true,"href":"https:\/\/texus.fi\/fi\/wp-json\/wp\/v2\/media\/3932"}],"wp:attachment":[{"href":"https:\/\/texus.fi\/fi\/wp-json\/wp\/v2\/media?parent=3928"}],"wp:term":[{"taxonomy":"product_brand","embeddable":true,"href":"https:\/\/texus.fi\/fi\/wp-json\/wp\/v2\/product_brand?post=3928"},{"taxonomy":"product_cat","embeddable":true,"href":"https:\/\/texus.fi\/fi\/wp-json\/wp\/v2\/product_cat?post=3928"},{"taxonomy":"product_tag","embeddable":true,"href":"https:\/\/texus.fi\/fi\/wp-json\/wp\/v2\/product_tag?post=3928"}],"curies":[{"name":"wp","href":"https:\/\/api.w.org\/{rel}","templated":true}]}}