{"id":400,"date":"2024-07-16T14:58:10","date_gmt":"2024-07-16T11:58:10","guid":{"rendered":"https:\/\/texus.fi\/?post_type=product&#038;p=400"},"modified":"2025-03-05T14:22:21","modified_gmt":"2025-03-05T11:22:21","slug":"peimar-sa455m-bf","status":"publish","type":"product","link":"https:\/\/texus.fi\/fi\/peimar-sa455m-bf\/","title":{"rendered":"PEIMAR &#8211; SA455M (BF)"},"content":{"rendered":"<p class=\"p2\"><span data-sheets-root=\"1\">Peimarin monokiteiset aurinkopaneelit, jotka on valmistettu innovatiivisten tuotantoprosessien ja kehittyneiden tekniikoiden yhdistelm\u00e4ll\u00e4, tarjoavat asiakkaille maksimaalisen tehon ja eritt\u00e4in korkean suorituskyvyn.<\/span><\/p>\n<p class=\"p3\"><span data-sheets-root=\"1\">N\u00e4in voidaan tuottaa enemm\u00e4n energiaa pienemm\u00e4ll\u00e4 m\u00e4\u00e4r\u00e4ll\u00e4 paneeleita, mik\u00e4 on ihanteellista, jos tilaa on v\u00e4h\u00e4n tai ymp\u00e4rist\u00f6olosuhteet ovat haastavat. Nykyaikainen muotoilu, yhteensopivat mustat kennot ja kehykset sek\u00e4 eritt\u00e4in pitk\u00e4 k\u00e4ytt\u00f6ik\u00e4 takaavat, ett\u00e4 n\u00e4m\u00e4 monokiteiset paneelit ovat erinomainen vaihtoehto.<\/span><\/p>\n<p><strong>Tietolehti: <\/strong><a href=\"https:\/\/texus.fi\/wp-content\/uploads\/2024\/07\/Peimar_EN_SA455M-BF.pdf\">Peimar_EN_SA455M (BF)<\/a><\/p>\n","protected":false},"excerpt":{"rendered":"<p class=\"p2\"><span data-sheets-root=\"1\">Peimarin monokiteiset aurinkopaneelit, jotka on valmistettu innovatiivisten tuotantoprosessien ja kehittyneiden tekniikoiden yhdistelm\u00e4ll\u00e4, tarjoavat asiakkaille maksimaalisen tehon ja eritt\u00e4in korkean suorituskyvyn.<\/span><\/p>\n<p class=\"p3\"><span data-sheets-root=\"1\">N\u00e4in voidaan tuottaa enemm\u00e4n energiaa pienemm\u00e4ll\u00e4 m\u00e4\u00e4r\u00e4ll\u00e4 paneeleita, mik\u00e4 on ihanteellista, jos tilaa on v\u00e4h\u00e4n tai ymp\u00e4rist\u00f6olosuhteet ovat haastavat. Nykyaikainen muotoilu, yhteensopivat mustat kennot ja kehykset sek\u00e4 eritt\u00e4in pitk\u00e4 k\u00e4ytt\u00f6ik\u00e4 takaavat, ett\u00e4 n\u00e4m\u00e4 monokiteiset paneelit ovat erinomainen vaihtoehto.<\/span><\/p>\n","protected":false},"featured_media":391,"comment_status":"open","ping_status":"closed","template":"","meta":[],"product_brand":[],"product_cat":[27,29,15],"product_tag":[],"class_list":{"0":"post-400","1":"product","2":"type-product","3":"status-publish","4":"has-post-thumbnail","6":"product_cat-aurinkopaneelit","7":"product_cat-monofacial","8":"product_cat-products","9":"pa_brands-peimar","11":"first","12":"outofstock","13":"taxable","14":"shipping-taxable","15":"product-type-simple"},"_links":{"self":[{"href":"https:\/\/texus.fi\/fi\/wp-json\/wp\/v2\/product\/400","targetHints":{"allow":["GET"]}}],"collection":[{"href":"https:\/\/texus.fi\/fi\/wp-json\/wp\/v2\/product"}],"about":[{"href":"https:\/\/texus.fi\/fi\/wp-json\/wp\/v2\/types\/product"}],"replies":[{"embeddable":true,"href":"https:\/\/texus.fi\/fi\/wp-json\/wp\/v2\/comments?post=400"}],"wp:featuredmedia":[{"embeddable":true,"href":"https:\/\/texus.fi\/fi\/wp-json\/wp\/v2\/media\/391"}],"wp:attachment":[{"href":"https:\/\/texus.fi\/fi\/wp-json\/wp\/v2\/media?parent=400"}],"wp:term":[{"taxonomy":"product_brand","embeddable":true,"href":"https:\/\/texus.fi\/fi\/wp-json\/wp\/v2\/product_brand?post=400"},{"taxonomy":"product_cat","embeddable":true,"href":"https:\/\/texus.fi\/fi\/wp-json\/wp\/v2\/product_cat?post=400"},{"taxonomy":"product_tag","embeddable":true,"href":"https:\/\/texus.fi\/fi\/wp-json\/wp\/v2\/product_tag?post=400"}],"curies":[{"name":"wp","href":"https:\/\/api.w.org\/{rel}","templated":true}]}}