{"id":404,"date":"2024-07-17T16:05:10","date_gmt":"2024-07-17T13:05:10","guid":{"rendered":"https:\/\/texus.fi\/?post_type=product&#038;p=404"},"modified":"2025-03-05T14:22:06","modified_gmt":"2025-03-05T11:22:06","slug":"peimar-sf360m-fr","status":"publish","type":"product","link":"https:\/\/texus.fi\/fi\/peimar-sf360m-fr\/","title":{"rendered":"PEIMAR &#8211; SF360M (FR)"},"content":{"rendered":"<p class=\"p2\"><span data-sheets-root=\"1\">Teknologia yhdistyy estetiikkaan uudessa Peimarin punav\u00e4risten monokiteisten moduulien sarjassa, joka auttaa s\u00e4ilytt\u00e4m\u00e4\u00e4n ymp\u00e4rist\u00f6n luonnon kauneuden ilman, ett\u00e4 suorituskyky k\u00e4rsii. Punainen v\u00e4ri saadaan k\u00e4ytt\u00e4m\u00e4ll\u00e4 karkaistua lasia, jossa on nanoteknologian pigmentti, joka on sijoitettu eritt\u00e4in suorituskykyisten monokiteisten perk-kennojen p\u00e4\u00e4lle. Red line sulautuu t\u00e4ydellisesti ymp\u00e4r\u00f6iv\u00e4\u00e4n ymp\u00e4rist\u00f6\u00f6n, joten se soveltuu erityisen hyvin asennettavaksi alueille, joilla on maisemallisia rajoituksia, ilman ett\u00e4 siit\u00e4 on haittaa laadun ja tehokkuuden kannalta.<\/span><\/p>\n<p><strong>Tietolehti: <\/strong><a href=\"https:\/\/texus.fi\/wp-content\/uploads\/2024\/07\/Peimar_EN_SF360MFR.pdf\">Peimar_EN_SF360M(FR)<\/a><\/p>\n","protected":false},"excerpt":{"rendered":"<p><span data-sheets-root=\"1\">Teknologia yhdistyy estetiikkaan uudessa Peimarin punav\u00e4risten monokiteisten moduulien sarjassa, joka auttaa s\u00e4ilytt\u00e4m\u00e4\u00e4n ymp\u00e4rist\u00f6n luonnon kauneuden ilman, ett\u00e4 suorituskyky k\u00e4rsii. Punainen v\u00e4ri saadaan k\u00e4ytt\u00e4m\u00e4ll\u00e4 karkaistua lasia, jossa on nanoteknologian pigmentti, joka on sijoitettu eritt\u00e4in suorituskykyisten monokiteisten perk-kennojen p\u00e4\u00e4lle. Red line sulautuu t\u00e4ydellisesti ymp\u00e4r\u00f6iv\u00e4\u00e4n ymp\u00e4rist\u00f6\u00f6n, joten se soveltuu erityisen hyvin asennettavaksi alueille, joilla on maisemallisia rajoituksia, ilman ett\u00e4 siit\u00e4 on haittaa laadun ja tehokkuuden kannalta.<\/span><\/p>\n","protected":false},"featured_media":393,"comment_status":"open","ping_status":"closed","template":"","meta":[],"product_brand":[],"product_cat":[27,29,15],"product_tag":[],"class_list":{"0":"post-404","1":"product","2":"type-product","3":"status-publish","4":"has-post-thumbnail","6":"product_cat-aurinkopaneelit","7":"product_cat-monofacial","8":"product_cat-products","9":"pa_brands-peimar","11":"first","12":"outofstock","13":"taxable","14":"shipping-taxable","15":"product-type-simple"},"_links":{"self":[{"href":"https:\/\/texus.fi\/fi\/wp-json\/wp\/v2\/product\/404","targetHints":{"allow":["GET"]}}],"collection":[{"href":"https:\/\/texus.fi\/fi\/wp-json\/wp\/v2\/product"}],"about":[{"href":"https:\/\/texus.fi\/fi\/wp-json\/wp\/v2\/types\/product"}],"replies":[{"embeddable":true,"href":"https:\/\/texus.fi\/fi\/wp-json\/wp\/v2\/comments?post=404"}],"wp:featuredmedia":[{"embeddable":true,"href":"https:\/\/texus.fi\/fi\/wp-json\/wp\/v2\/media\/393"}],"wp:attachment":[{"href":"https:\/\/texus.fi\/fi\/wp-json\/wp\/v2\/media?parent=404"}],"wp:term":[{"taxonomy":"product_brand","embeddable":true,"href":"https:\/\/texus.fi\/fi\/wp-json\/wp\/v2\/product_brand?post=404"},{"taxonomy":"product_cat","embeddable":true,"href":"https:\/\/texus.fi\/fi\/wp-json\/wp\/v2\/product_cat?post=404"},{"taxonomy":"product_tag","embeddable":true,"href":"https:\/\/texus.fi\/fi\/wp-json\/wp\/v2\/product_tag?post=404"}],"curies":[{"name":"wp","href":"https:\/\/api.w.org\/{rel}","templated":true}]}}