{"id":4068,"date":"2025-05-31T13:35:29","date_gmt":"2025-05-31T10:35:29","guid":{"rendered":"https:\/\/texus.fi\/?post_type=product&#038;p=4068"},"modified":"2025-12-16T13:01:54","modified_gmt":"2025-12-16T10:01:54","slug":"ecoflow-delta-pro-virta-asema","status":"publish","type":"product","link":"https:\/\/texus.fi\/fi\/ecoflow-delta-pro-virta-asema\/","title":{"rendered":"EcoFlow DELTA Pro Virta-asema"},"content":{"rendered":"<p>EcoFlow Delta Pro virta-asema &#8211; Delta sarjan lippulaiva 3600W kapasiteetillaan. Eritt\u00e4in monipuolisilla toiminnoillaan sek\u00e4 laajennusmahdollisuuksillaan t\u00e4m\u00e4 yksil\u00f6 on nykyaikaisten virta-asemien ykk\u00f6nen.<\/p>\n<p><strong>Ominaisuuksia<\/strong><br \/>\n\u2022 Ensimm\u00e4inen kannettava virta-asema, joka on suunniteltu niin kotik\u00e4ytt\u00f6\u00f6n kuin matkailu-\/retkeilyauto k\u00e4ytt\u00f6\u00f6n<br \/>\n\u2022 3,6-25 kWh laajennettavissa oleva kapasiteetti<br \/>\n\u2022 3600W\u20137200W AC-l\u00e4ht\u00f6 99 %:lle laitteista<br \/>\n\u2022 Helppo ja k\u00e4tev\u00e4 liikutella rullien ansiosta<br \/>\n\u2022 Uskomaton 6500W MultiCharge, 2,7 tunnin vaihtovirtalataus<br \/>\n\u2022 Lataa asuntoautosi ja s\u00e4hk\u00f6autosi milloin tahansa ja miss\u00e4 tahansa<br \/>\n\u2022 Latausmahdollisuus tuhansilla s\u00e4hk\u00f6autoasemilla maailmanlaajuisesti<br \/>\n\u2022 Pitk\u00e4kestoinen LFP-akku tukee jopa 10 vuotta<br \/>\n\u2022 Yhdistett\u00e4viss\u00e4 EcoFlow Smart Generaattoriin<br \/>\n\u2022 Ohjattavissa EcoFlow puhelinsovelluksella<\/p>\n<p><strong>Teknisi\u00e4 tietoja<\/strong><br \/>\n\u2022 Paino: 45kg<br \/>\n\u2022 Koko: 63,5 x 28,4 x 42 cm<br \/>\n\u2022 Kapasiteetti: 3600 Wh<br \/>\n\u2022 Optio lis\u00e4akulle: Tukee kahta DELTA Pro Smart Extra -akkua sek\u00e4 yht\u00e4 Smart Generaattoria<br \/>\n\u2022 AC-l\u00e4ht\u00f6: 4 pistorasiaa, 230V\/16A, yhteens\u00e4 3600W (Surge 7200W)<br \/>\n\u2022 X-Boostin tukema laitteiden enimm\u00e4isteho: 4500W<br \/>\n\u2022 USB-A-l\u00e4ht\u00f6: 2 porttia, 5V, 2,4A, 12W Max per portti<br \/>\n\u2022 USB-A-pikalataus: 2 porttia, 5V, 2.4A \/ 9V, 2A \/ 12V, 1.5A, 18W Max porttia kohden<br \/>\n\u2022 USB-C-l\u00e4ht\u00f6: 2 porttia, 5\/9\/12\/15\/20V, 5A, 100W Max porttia kohti<br \/>\n\u2022 Autolataus: 12,6 V, 10 A, 126 W Max<br \/>\n\u2022 DC5521 l\u00e4ht\u00f6: 2 porttia, 12.6V, 3A, 38W Max per portti<br \/>\n\u2022 Anderson Portti: 12,6V, 30A<br \/>\n\u2022 AC-lataustulo: Max 2900W, 230V ~ 12,5A<br \/>\n\u2022 Aurinkoenergian lataustulo: Max 1600W, 11-150V, 15A<br \/>\n\u2022 Auton lataussis\u00e4\u00e4ntulo: Tukee 12V\/24V akkua, 8A<br \/>\n\u2022 Akkutyyppi: LFP<br \/>\n\u2022 Lataussyklit: 3 500 latausta = 80 % kapasiteettiin, 6 500 latausta = 50 % kapasiteettiin<br \/>\n\u2022 Yhteys: Wi-Fi, Bluetooth, langallinen<\/p>\n","protected":false},"excerpt":{"rendered":"<p>EcoFlow Delta Pro virta-asema &#8211; Delta sarjan lippulaiva 3600W kapasiteetillaan. Eritt\u00e4in monipuolisilla toiminnoillaan sek\u00e4 laajennusmahdollisuuksillaan t\u00e4m\u00e4 yksil\u00f6 on nykyaikaisten virta-asemien ykk\u00f6nen.<\/p>\n<div class=\"multistorage-product-availability multistorage-display-text\">\n<div class=\"multistorage-product-processing-time out-of-stock-can-order \"><\/div>\n<\/div>\n","protected":false},"featured_media":4071,"comment_status":"open","ping_status":"closed","template":"","meta":[],"product_brand":[],"product_cat":[35,121,15,34],"product_tag":[],"class_list":{"0":"post-4068","1":"product","2":"type-product","3":"status-publish","4":"has-post-thumbnail","6":"product_cat-ess-ratkaisut","7":"product_cat-muut-tuotteet","8":"product_cat-products","9":"product_cat-virta-asemat","10":"product_shipping_class-campaign-shipping","11":"pa_brands-ecoflow","13":"first","14":"outofstock","15":"sale","16":"taxable","17":"shipping-taxable","18":"purchasable","19":"product-type-simple"},"_links":{"self":[{"href":"https:\/\/texus.fi\/fi\/wp-json\/wp\/v2\/product\/4068","targetHints":{"allow":["GET"]}}],"collection":[{"href":"https:\/\/texus.fi\/fi\/wp-json\/wp\/v2\/product"}],"about":[{"href":"https:\/\/texus.fi\/fi\/wp-json\/wp\/v2\/types\/product"}],"replies":[{"embeddable":true,"href":"https:\/\/texus.fi\/fi\/wp-json\/wp\/v2\/comments?post=4068"}],"wp:featuredmedia":[{"embeddable":true,"href":"https:\/\/texus.fi\/fi\/wp-json\/wp\/v2\/media\/4071"}],"wp:attachment":[{"href":"https:\/\/texus.fi\/fi\/wp-json\/wp\/v2\/media?parent=4068"}],"wp:term":[{"taxonomy":"product_brand","embeddable":true,"href":"https:\/\/texus.fi\/fi\/wp-json\/wp\/v2\/product_brand?post=4068"},{"taxonomy":"product_cat","embeddable":true,"href":"https:\/\/texus.fi\/fi\/wp-json\/wp\/v2\/product_cat?post=4068"},{"taxonomy":"product_tag","embeddable":true,"href":"https:\/\/texus.fi\/fi\/wp-json\/wp\/v2\/product_tag?post=4068"}],"curies":[{"name":"wp","href":"https:\/\/api.w.org\/{rel}","templated":true}]}}