{"id":4084,"date":"2025-06-01T11:19:08","date_gmt":"2025-06-01T08:19:08","guid":{"rendered":"https:\/\/texus.fi\/?post_type=product&#038;p=4084"},"modified":"2026-01-26T10:28:01","modified_gmt":"2026-01-26T07:28:01","slug":"ecoflow-delta-pro-lisaakku-2","status":"publish","type":"product","link":"https:\/\/texus.fi\/fi\/ecoflow-delta-pro-lisaakku-2\/","title":{"rendered":"EcoFlow DELTA Pro Lis\u00e4akku"},"content":{"rendered":"<p>EcoFlow DELTA Pro Smart Battery -lis\u00e4akku<\/p>\n<p><strong>Ominaisuuksia<\/strong><br \/>\n\u2022 Laajennettava kapasiteetti &#8211; T\u00e4m\u00e4 lis\u00e4akku voidaan yhdist\u00e4\u00e4 DELTA Pro -akkuun, jolloin kokonaiskapasiteetti kaksinkertaistuu 7200Wh:iin. Yhdist\u00e4m\u00e4ll\u00e4 kaksi akkua DELTA Pro -akkuun saat huikeat 10,8 kWh, joita voit k\u00e4ytt\u00e4\u00e4 ilman verkkovirtaa.<br \/>\n\u2022 K\u00e4tev\u00e4 lataus &#8211; Lataaminen aurinkopaneeleista, verkkovirtapistokkeista, EV-latausasemista tai Smart Generator -generaattoristamme on helppoa. Kytke lis\u00e4akku DELTA Pro -akkuun, niin ne latautuvat ja purkautuvat samanaikaisesti.<br \/>\n\u2022 Enemm\u00e4n wattitunteja kotona &#8211; Lis\u00e4akku voidaan integroida kotisi johdotukseen, kun se liitet\u00e4\u00e4n DELTA Pro -j\u00e4rjestelm\u00e4\u00e4n. N\u00e4ist\u00e4 akkuyksik\u00f6ist\u00e4 tulee osa kotisi huippus\u00e4\u00e4st\u00f6- ja varavirtaratkaisuja.<br \/>\n\u2022 Valmiina h\u00e4t\u00e4tilanteisiin &#8211; T\u00e4m\u00e4 lis\u00e4akku voidaan ladata suoraan EcoFlow&#8217;n Smart Generatorista ulkona, mik\u00e4 antaa sinulle toisen vaihtoehdon virransaannille h\u00e4t\u00e4tilanteita varten.<br \/>\n\u2022 LCD-n\u00e4ytt\u00f6 &#8211; Saat kaikki samat tiedot akun prosenttim\u00e4\u00e4r\u00e4st\u00e4, j\u00e4ljell\u00e4 olevasta latausajasta, j\u00e4ljell\u00e4 olevista k\u00e4ytt\u00f6tunneista jne. Voit my\u00f6s tarkistaa akun tilan tarvittaessa mist\u00e4 tahansa et\u00e4n\u00e4 EcoFlow-sovelluksesta.<\/p>\n","protected":false},"excerpt":{"rendered":"<p><strong>Ominaisuuksia<\/strong><br \/>\n\u2022 Laajennettava kapasiteetti &#8211; T\u00e4m\u00e4 lis\u00e4akku voidaan yhdist\u00e4\u00e4 DELTA Pro -akkuun, jolloin kokonaiskapasiteetti kaksinkertaistuu 7200Wh:iin. Yhdist\u00e4m\u00e4ll\u00e4 kaksi akkua DELTA Pro -akkuun saat huikeat 10,8 kWh, joita voit k\u00e4ytt\u00e4\u00e4 ilman verkkovirtaa.<br \/>\n\u2022 K\u00e4tev\u00e4 lataus &#8211; Lataaminen aurinkopaneeleista, verkkovirtapistokkeista, EV-latausasemista tai Smart Generator -generaattoristamme on helppoa. Kytke lis\u00e4akku DELTA Pro -akkuun, niin ne latautuvat ja purkautuvat samanaikaisesti.<br \/>\n\u2022 Enemm\u00e4n wattitunteja kotona &#8211; Lis\u00e4akku voidaan integroida kotisi johdotukseen, kun se liitet\u00e4\u00e4n DELTA Pro -j\u00e4rjestelm\u00e4\u00e4n. N\u00e4ist\u00e4 akkuyksik\u00f6ist\u00e4 tulee osa kotisi huippus\u00e4\u00e4st\u00f6- ja varavirtaratkaisuja.<br \/>\n\u2022 Valmiina h\u00e4t\u00e4tilanteisiin &#8211; T\u00e4m\u00e4 lis\u00e4akku voidaan ladata suoraan EcoFlow&#8217;n Smart Generatorista ulkona, mik\u00e4 antaa sinulle toisen vaihtoehdon virransaannille h\u00e4t\u00e4tilanteita varten.<br \/>\n\u2022 LCD-n\u00e4ytt\u00f6 &#8211; Saat kaikki samat tiedot akun prosenttim\u00e4\u00e4r\u00e4st\u00e4, j\u00e4ljell\u00e4 olevasta latausajasta, j\u00e4ljell\u00e4 olevista k\u00e4ytt\u00f6tunneista jne. Voit my\u00f6s tarkistaa akun tilan tarvittaessa mist\u00e4 tahansa et\u00e4n\u00e4 EcoFlow-sovelluksesta.<\/p>\n","protected":false},"featured_media":4092,"comment_status":"open","ping_status":"closed","template":"","meta":[],"product_brand":[],"product_cat":[35,121,15,34],"product_tag":[],"class_list":{"0":"post-4084","1":"product","2":"type-product","3":"status-publish","4":"has-post-thumbnail","6":"product_cat-ess-ratkaisut","7":"product_cat-muut-tuotteet","8":"product_cat-products","9":"product_cat-virta-asemat","10":"product_shipping_class-campaign-shipping","11":"pa_brands-ecoflow","13":"first","14":"onbackorder","15":"sale","16":"taxable","17":"shipping-taxable","18":"purchasable","19":"product-type-simple"},"_links":{"self":[{"href":"https:\/\/texus.fi\/fi\/wp-json\/wp\/v2\/product\/4084","targetHints":{"allow":["GET"]}}],"collection":[{"href":"https:\/\/texus.fi\/fi\/wp-json\/wp\/v2\/product"}],"about":[{"href":"https:\/\/texus.fi\/fi\/wp-json\/wp\/v2\/types\/product"}],"replies":[{"embeddable":true,"href":"https:\/\/texus.fi\/fi\/wp-json\/wp\/v2\/comments?post=4084"}],"wp:featuredmedia":[{"embeddable":true,"href":"https:\/\/texus.fi\/fi\/wp-json\/wp\/v2\/media\/4092"}],"wp:attachment":[{"href":"https:\/\/texus.fi\/fi\/wp-json\/wp\/v2\/media?parent=4084"}],"wp:term":[{"taxonomy":"product_brand","embeddable":true,"href":"https:\/\/texus.fi\/fi\/wp-json\/wp\/v2\/product_brand?post=4084"},{"taxonomy":"product_cat","embeddable":true,"href":"https:\/\/texus.fi\/fi\/wp-json\/wp\/v2\/product_cat?post=4084"},{"taxonomy":"product_tag","embeddable":true,"href":"https:\/\/texus.fi\/fi\/wp-json\/wp\/v2\/product_tag?post=4084"}],"curies":[{"name":"wp","href":"https:\/\/api.w.org\/{rel}","templated":true}]}}