{"id":410,"date":"2024-07-17T16:09:11","date_gmt":"2024-07-17T13:09:11","guid":{"rendered":"https:\/\/texus.fi\/?post_type=product&#038;p=410"},"modified":"2025-03-05T14:22:01","modified_gmt":"2025-03-05T11:22:01","slug":"topunive-600w-solar-parasol-system-on-grid","status":"publish","type":"product","link":"https:\/\/texus.fi\/fi\/topunive-600w-solar-parasol-system-on-grid\/","title":{"rendered":"Topunive &#8211; 600W aurinkovarjoj\u00e4rjestelm\u00e4 (verkkoon)"},"content":{"rendered":"<ul>\n<li>100w aurinkopaneeli * 6kpl<\/li>\n<li>Alumiinirakenne<\/li>\n<li>Jakelup\u00f6yt\u00e4 mikro-invertterill\u00e4 800w<\/li>\n<li>Irrotettava pohja<\/li>\n<li>RGB nauhavalo<\/li>\n<\/ul>\n<p><strong>Tietolehti:<\/strong><\/p>\n<p><a href=\"https:\/\/texus.fi\/wp-content\/uploads\/2024\/07\/Parasolar-datasheet.pdf\">Parasolar datasheet<\/a><\/p>\n","protected":false},"excerpt":{"rendered":"<ul>\n<li>100w aurinkopaneeli * 6kpl<\/li>\n<li>Alumiinirakenne<\/li>\n<li>Jakelup\u00f6yt\u00e4 mikro-invertterill\u00e4 800w<\/li>\n<li>Irrotettava pohja<\/li>\n<li>RGB nauhavalo<\/li>\n<\/ul>\n","protected":false},"featured_media":415,"comment_status":"open","ping_status":"closed","template":"","meta":[],"product_brand":[],"product_cat":[121,33,15],"product_tag":[],"class_list":{"0":"post-410","1":"product","2":"type-product","3":"status-publish","4":"has-post-thumbnail","6":"product_cat-muut-tuotteet","7":"product_cat-parasolarit","8":"product_cat-products","9":"pa_brands-topunive","11":"first","12":"onbackorder","13":"taxable","14":"shipping-taxable","15":"product-type-simple"},"_links":{"self":[{"href":"https:\/\/texus.fi\/fi\/wp-json\/wp\/v2\/product\/410","targetHints":{"allow":["GET"]}}],"collection":[{"href":"https:\/\/texus.fi\/fi\/wp-json\/wp\/v2\/product"}],"about":[{"href":"https:\/\/texus.fi\/fi\/wp-json\/wp\/v2\/types\/product"}],"replies":[{"embeddable":true,"href":"https:\/\/texus.fi\/fi\/wp-json\/wp\/v2\/comments?post=410"}],"wp:featuredmedia":[{"embeddable":true,"href":"https:\/\/texus.fi\/fi\/wp-json\/wp\/v2\/media\/415"}],"wp:attachment":[{"href":"https:\/\/texus.fi\/fi\/wp-json\/wp\/v2\/media?parent=410"}],"wp:term":[{"taxonomy":"product_brand","embeddable":true,"href":"https:\/\/texus.fi\/fi\/wp-json\/wp\/v2\/product_brand?post=410"},{"taxonomy":"product_cat","embeddable":true,"href":"https:\/\/texus.fi\/fi\/wp-json\/wp\/v2\/product_cat?post=410"},{"taxonomy":"product_tag","embeddable":true,"href":"https:\/\/texus.fi\/fi\/wp-json\/wp\/v2\/product_tag?post=410"}],"curies":[{"name":"wp","href":"https:\/\/api.w.org\/{rel}","templated":true}]}}