{"id":4141,"date":"2025-06-01T12:37:31","date_gmt":"2025-06-01T09:37:31","guid":{"rendered":"https:\/\/texus.fi\/?post_type=product&#038;p=4141"},"modified":"2026-03-22T13:46:39","modified_gmt":"2026-03-22T10:46:39","slug":"ecoflow-river-2-pro-220w-aurinkopaneeli","status":"publish","type":"product","link":"https:\/\/texus.fi\/fi\/ecoflow-river-2-pro-220w-aurinkopaneeli\/","title":{"rendered":"EcoFlow RIVER 2 Pro + 220W Aurinkopaneeli"},"content":{"rendered":"<p><strong>EcoFlow RIVER 2 Pro + 220W Aurinkopaneeli &#8211;<\/strong>\u00a0Paketti joka mahdollistaa RIVER 2 Pro virta-aseman k\u00e4yt\u00f6n ja lataamisen ilman verkkovirtaa. Todella hyv\u00e4 vaihtoehto esimerkiksi ulko- tai m\u00f6kkik\u00e4ytt\u00f6\u00f6n, kun haluat virtaa p\u00e4ivitt\u00e4isess\u00e4 k\u00e4yt\u00f6ss\u00e4 oleviin piens\u00e4hk\u00f6laitteisiin. EcoFlow 160W taitettava aurinkopaneeli alansa johtavalla 23 prosentin hy\u00f6tysuhteella.\u00a0Paketti sis\u00e4lt\u00e4\u00e4 kaiken tarvittavan jokap\u00e4iv\u00e4iseen k\u00e4ytt\u00f6\u00f6n.<\/p>\n<p><strong>Paketin ominaisuuksia<\/strong><br \/>\n\u2022 Jopa 1,8kW p\u00e4iv\u00e4tuotto<br \/>\n\u2022 Lataus 0-100% noin 4tuntia (1 paneeli)<br \/>\n\u2022 Ohjausmahdollisuus EcoFlow-puhelinsovelluksella<br \/>\n\u2022 Lataa River 2 Pro miss\u00e4 vaan<br \/>\n\u2022 Kevyt ja kompakti paketti, eritt\u00e4in matkustusyst\u00e4v\u00e4llinen<\/p>\n<p><strong>EcoFlow 220W aurinkopaneelin<\/strong>\u00a0<strong>ominaisuuksia<br \/>\n<\/strong>\u2022 Karkaistu lasi &#8211; Rakennettu kest\u00e4m\u00e4\u00e4n ohuen yksiosaisen karkaistun lasin ansiosta se on viisi kertaa kest\u00e4v\u00e4mpi kuin vastaavat paneelit.<br \/>\n\u2022 Kompakti &#8211; Kannettava Kannettava aurinkopaneeli, joka on suunniteltu alusta alkaen kompaktiksi. Se on 10 % pienempi kuin vastaavat 220 W:n paneelit ja se s\u00e4\u00e4st\u00e4\u00e4 tilaa ohuemman karkaistun lasin ansiosta. Paneeli vaatii my\u00f6s v\u00e4hemm\u00e4n pinta-alaa saman tehon saavuttamiseksi.<br \/>\n\u2022 Enemm\u00e4n kuin kantolaukku &#8211; Mukana tulee oma kantolaukku, joten voit ottaa sen mukaan minne tahansa. Kun olet saapunut m\u00e4\u00e4r\u00e4np\u00e4\u00e4h\u00e4si, voit vain avata sen ja k\u00e4ytt\u00e4\u00e4 sit\u00e4 jalustana jotta saat auringonvalon juuri oikeaan kohtaan.<br \/>\n\u2022 Vedenpit\u00e4v\u00e4 Olemme nostaneet rimaa t\u00e4ll\u00e4 paneelilla &#8211; Se on t\u00e4ysin vesi- ja p\u00f6lytiivis. Sataa, tuulee tai paistaa, paneelisi on turvassa IP68-vedenpit\u00e4vyysluokituksen ansiosta.<\/p>\n<p><strong><br \/>\nEcoFlow River 2 Pro virta-asema<\/strong><br \/>\nRiver-sarjan lippulaiva EcoFlown tunnetulla \u00e4\u00e4rimm\u00e4isen nopealla latauksella, 5v takuulla sek\u00e4 768Wh kapasiteetilla. Kompaktin kokonsa puolesta sopii niin kotiin autoon, m\u00f6kille tai vaikka veneeseen. Helppoa s\u00e4hk\u00f6\u00e4 laitteisiin olit sitten miss\u00e4 tahansa!<\/p>\n<p><strong>Ominaisuuksia<\/strong><br \/>\n\u2022 Lataa 0-100 % vain 70 minuutissa &#8211; Eritt\u00e4in nopealla latauksella olet aina valmis seuraavaan reissuun tai \u00e4killiseen s\u00e4hk\u00f6katkoksen. Lataa 0-100 % verkkovirrasta vain 70 minuutissa. Se on viisi kertaa nopeampi kuin alan standardi ja 27 % nopeampi kuin edellinen sukupolvi.<br \/>\n\u2022 Turvallinen ja luotettava 10 vuoden k\u00e4ytt\u00f6\u00f6n &#8211; Yli 3000+ akun 100 % syklin ansiosta voit k\u00e4ytt\u00e4\u00e4 RIVER 2 Prota p\u00e4ivitt\u00e4in kymmenen vuoden ajan. LFP-akkukenno ei tarjoa vain pitk\u00e4\u00e4 k\u00e4ytt\u00f6ik\u00e4\u00e4. Se on luotettavampi, tehokkaampi ja turvallisempi korkeissa l\u00e4mp\u00f6tiloissakin. RIVER 2 Prolla on yksi alan pisimmist\u00e4 takuista, joten annamme sinulle suojan seuraavat 5 vuotta.<br \/>\n\u2022 Lataa ilman rajoituksia &#8211; Nelj\u00e4n monipuolisen latausvaihtoehdon ansiosta olemme varmistaneet, ett\u00e4 voit ladata RIVER 2 Pron melkein miss\u00e4 tahansa. Lataa verkkovirta-pistorasiasta huippunopeasti 70 minuutissa, lataa tien p\u00e4\u00e4ll\u00e4 autolatauksella, lataa aurinkopaneelilla sek\u00e4 RIVER 2 Prossa on t\u00e4ysin uusi latausvaihtoehto, USB-C. Liit\u00e4 ja lataa k\u00e4tev\u00e4sti miss\u00e4 tahansa.<br \/>\n\u2022 Grab and Go -voimaa. &#8211; RIVER 2 Pro on kevyt, vain 7,8 kg. Tukeva kantokahva, helppo kuljettaa minne vaan.<br \/>\n\u2022 Voimaa sormiesi ulottuvilla &#8211; K\u00e4yt\u00e4 EcoFlow-sovellusta ohjataksesi ja valvoaksesi RIVER 2 Prota k\u00e4tev\u00e4sti puhelimestasi. Yhdist\u00e4 Wi-Fi- tai Bluetooth-yhteydell\u00e4 k\u00e4ytt\u00e4\u00e4ksesi l\u00e4hist\u00f6ll\u00e4 tai et\u00e4n\u00e4.<br \/>\n<strong><br \/>\nTeknisi\u00e4 tietoja<br \/>\n<\/strong>\u2022 Kapasiteetti: 768 Wh<br \/>\n\u2022 Paino: 7,8 kg<br \/>\n\u2022 Mitat: 270 x 260 x 226 mm<br \/>\n\u2022 AC-tulo: 220-240V ~ 50Hz\/60Hz, 940W Max<br \/>\n\u2022 Aurinkoenergian tulo: 11-50V 13A, 220W Max<br \/>\n\u2022 USB-C-tulo\/l\u00e4ht\u00f6: 9.5.12.15\/20V 5A, 100W Max<br \/>\n\u2022 DC-l\u00e4ht\u00f6: 12.6V, 10A\/3A\/3A, 126W Max<br \/>\n\u2022 USB-A-l\u00e4ht\u00f6: 5V, 2,4A, 12W Max<br \/>\n\u2022 AC-l\u00e4ht\u00f6: Puhdas siniaalto, yhteens\u00e4 800 W (ylij\u00e4nnite 1600 W), 230 V ~ 50 Hz\/60 Hz<br \/>\n\u2022 Kennot: LFP<br \/>\n\u2022 Lataussyklit: 80%+ kapasiteetti 3000 jakson j\u00e4lkeen<br \/>\n\u2022 Purkausl\u00e4mp\u00f6tila: -10 \u00b0C &#8211; 45 \u00b0C<br \/>\n\u2022 Latausl\u00e4mp\u00f6tila: 0 \u00b0C &#8211; 45 \u00b0C<br \/>\n\u2022 Optimaalinen k\u00e4ytt\u00f6l\u00e4mp\u00f6tila: 20\u00b0C &#8211; 30\u00b0C<br \/>\n\u2022 S\u00e4ilytysl\u00e4mp\u00f6tila: -10 \u00b0C &#8211; 45 \u00b0C (20 \u00b0C &#8211; 30 \u00b0C on paras)<br \/>\n\u2022 Auton sy\u00f6tt\u00f6: 12V\/24V, 8A, 100W Max<br \/>\n\u2022 DC5521 l\u00e4ht\u00f6: 12,6 V, 3 A, 36 W Max<br \/>\n\u2022 Sovelluksen hallinta: Wi-Fi, Bluetooth<br \/>\n\u2022 Takuu: 60kk<\/p>\n","protected":false},"excerpt":{"rendered":"<p><strong>EcoFlow RIVER 2 Pro + 220W Aurinkopaneeli &#8211;<\/strong>\u00a0Paketti joka mahdollistaa RIVER 2 Pro virta-aseman k\u00e4yt\u00f6n ja lataamisen ilman verkkovirtaa. Todella hyv\u00e4 vaihtoehto esimerkiksi ulko- tai m\u00f6kkik\u00e4ytt\u00f6\u00f6n, kun haluat virtaa p\u00e4ivitt\u00e4isess\u00e4 k\u00e4yt\u00f6ss\u00e4 oleviin piens\u00e4hk\u00f6laitteisiin. EcoFlow 160W taitettava aurinkopaneeli alansa johtavalla 23 prosentin hy\u00f6tysuhteella.\u00a0Paketti sis\u00e4lt\u00e4\u00e4 kaiken tarvittavan jokap\u00e4iv\u00e4iseen k\u00e4ytt\u00f6\u00f6n.<\/p>\n","protected":false},"featured_media":4142,"comment_status":"open","ping_status":"closed","template":"","meta":[],"product_brand":[],"product_cat":[35,121,15,34],"product_tag":[],"class_list":{"0":"post-4141","1":"product","2":"type-product","3":"status-publish","4":"has-post-thumbnail","6":"product_cat-ess-ratkaisut","7":"product_cat-muut-tuotteet","8":"product_cat-products","9":"product_cat-virta-asemat","10":"product_shipping_class-campaign-shipping","11":"pa_brands-ecoflow","13":"first","14":"instock","15":"taxable","16":"shipping-taxable","17":"purchasable","18":"product-type-simple"},"_links":{"self":[{"href":"https:\/\/texus.fi\/fi\/wp-json\/wp\/v2\/product\/4141","targetHints":{"allow":["GET"]}}],"collection":[{"href":"https:\/\/texus.fi\/fi\/wp-json\/wp\/v2\/product"}],"about":[{"href":"https:\/\/texus.fi\/fi\/wp-json\/wp\/v2\/types\/product"}],"replies":[{"embeddable":true,"href":"https:\/\/texus.fi\/fi\/wp-json\/wp\/v2\/comments?post=4141"}],"wp:featuredmedia":[{"embeddable":true,"href":"https:\/\/texus.fi\/fi\/wp-json\/wp\/v2\/media\/4142"}],"wp:attachment":[{"href":"https:\/\/texus.fi\/fi\/wp-json\/wp\/v2\/media?parent=4141"}],"wp:term":[{"taxonomy":"product_brand","embeddable":true,"href":"https:\/\/texus.fi\/fi\/wp-json\/wp\/v2\/product_brand?post=4141"},{"taxonomy":"product_cat","embeddable":true,"href":"https:\/\/texus.fi\/fi\/wp-json\/wp\/v2\/product_cat?post=4141"},{"taxonomy":"product_tag","embeddable":true,"href":"https:\/\/texus.fi\/fi\/wp-json\/wp\/v2\/product_tag?post=4141"}],"curies":[{"name":"wp","href":"https:\/\/api.w.org\/{rel}","templated":true}]}}