{"id":4180,"date":"2025-06-02T09:01:09","date_gmt":"2025-06-02T06:01:09","guid":{"rendered":"https:\/\/texus.fi\/?post_type=product&#038;p=4180"},"modified":"2026-03-22T13:45:25","modified_gmt":"2026-03-22T10:45:25","slug":"ecoflow-2x-400w-aurinkopaneelipaketti","status":"publish","type":"product","link":"https:\/\/texus.fi\/fi\/ecoflow-2x-400w-aurinkopaneelipaketti\/","title":{"rendered":"EcoFlow 2x 400W Aurinkopaneelipaketti"},"content":{"rendered":"<p><strong>Ominaisuuksia<\/strong><\/p>\n<p>Pikalataus<br \/>\n\u2022\u00a0Korkealla, jopa 23 %:n hy\u00f6tysuhteella 400 W:n paneeli lataa LFP-akut nopeammin kuin vastaavankokoiset aurinkopaneelit.<\/p>\n<p>S\u00e4\u00e4nkest\u00e4v\u00e4 ja kest\u00e4v\u00e4<br \/>\n\u2022\u00a0Paneeli tasapainottaa muotoilun ja kest\u00e4vien materiaalien kanssa, mik\u00e4 mahdollistaa paneelin kest\u00e4vyyden kaikissa myrskyiss\u00e4 ja tarjoaa samalla erinomaisen suorituskyvyn ja esteettisen ilmeen vuosia.<\/p>\n<p>Off &amp; On-grid -ratkaisu<br \/>\n\u2022 T\u00e4m\u00e4 suuritehoinen paneeli toimii sek\u00e4 verkkoon, ett\u00e4 verkkoon liitetyiss\u00e4 aurinkos\u00e4hk\u00f6j\u00e4rjestelmiss\u00e4, varastoimalla energiaa katkosten varalta, v\u00e4hent\u00e4m\u00e4ll\u00e4 s\u00e4hk\u00f6laskuja tai sy\u00f6tt\u00e4m\u00e4ll\u00e4 s\u00e4hk\u00f6\u00e4 esimerkiksi retkeily- ja matkailuautojen s\u00e4hk\u00f6j\u00e4rjestelmiin.<\/p>\n<p>Universaali yhteensopivuus<br \/>\n\u2022 400 W aurinkopaneeli sis\u00e4lt\u00e4\u00e4 300 mm:n latauskaapelin, joka antaa sinulle runsaasti tilaa ja maksimoi aurinkosy\u00f6t\u00f6n. Yleismallisilla liittimill\u00e4 varustettu 400 W:n paneeli toimii muiden aurinkoj\u00e4rjestelmien ja voimaloiden kanssa.<\/p>\n<p><strong>Paneelin teknisi\u00e4 tietoja<\/strong><br \/>\n\u2022\u00a0Koko (cm) 172,2 \u00d7 113,4 \u00d7 3,5<br \/>\n\u2022\u00a0Hy\u00f6tysuhde 23 %<br \/>\n\u2022\u00a0Solutyyppi Yksikiteinen<br \/>\n\u2022\u00a0Nimellisteho 400W<br \/>\n\u2022\u00a0Paino 21,8 kg<\/p>\n","protected":false},"excerpt":{"rendered":"<p>Pikalataus<br \/>\n\u2022\u00a0Korkealla, jopa 23 %:n hy\u00f6tysuhteella 400 W:n paneeli lataa LFP-akut nopeammin kuin vastaavankokoiset aurinkopaneelit.<\/p>\n<p>S\u00e4\u00e4nkest\u00e4v\u00e4 ja kest\u00e4v\u00e4<br \/>\n\u2022\u00a0Paneeli tasapainottaa muotoilun ja kest\u00e4vien materiaalien kanssa, mik\u00e4 mahdollistaa paneelin kest\u00e4vyyden kaikissa myrskyiss\u00e4 ja tarjoaa samalla erinomaisen suorituskyvyn ja esteettisen ilmeen vuosia.<\/p>\n<p>Off &amp; On-grid -ratkaisu<br \/>\n\u2022 T\u00e4m\u00e4 suuritehoinen paneeli toimii sek\u00e4 verkkoon, ett\u00e4 verkkoon liitetyiss\u00e4 aurinkos\u00e4hk\u00f6j\u00e4rjestelmiss\u00e4, varastoimalla energiaa katkosten varalta, v\u00e4hent\u00e4m\u00e4ll\u00e4 s\u00e4hk\u00f6laskuja tai sy\u00f6tt\u00e4m\u00e4ll\u00e4 s\u00e4hk\u00f6\u00e4 esimerkiksi retkeily- ja matkailuautojen s\u00e4hk\u00f6j\u00e4rjestelmiin.<\/p>\n","protected":false},"featured_media":4185,"comment_status":"open","ping_status":"closed","template":"","meta":[],"product_brand":[],"product_cat":[27,15],"product_tag":[],"class_list":{"0":"post-4180","1":"product","2":"type-product","3":"status-publish","4":"has-post-thumbnail","6":"product_cat-aurinkopaneelit","7":"product_cat-products","8":"product_shipping_class-campaign-shipping","9":"pa_brands-ecoflow","11":"first","12":"instock","13":"taxable","14":"shipping-taxable","15":"purchasable","16":"product-type-simple"},"_links":{"self":[{"href":"https:\/\/texus.fi\/fi\/wp-json\/wp\/v2\/product\/4180","targetHints":{"allow":["GET"]}}],"collection":[{"href":"https:\/\/texus.fi\/fi\/wp-json\/wp\/v2\/product"}],"about":[{"href":"https:\/\/texus.fi\/fi\/wp-json\/wp\/v2\/types\/product"}],"replies":[{"embeddable":true,"href":"https:\/\/texus.fi\/fi\/wp-json\/wp\/v2\/comments?post=4180"}],"wp:featuredmedia":[{"embeddable":true,"href":"https:\/\/texus.fi\/fi\/wp-json\/wp\/v2\/media\/4185"}],"wp:attachment":[{"href":"https:\/\/texus.fi\/fi\/wp-json\/wp\/v2\/media?parent=4180"}],"wp:term":[{"taxonomy":"product_brand","embeddable":true,"href":"https:\/\/texus.fi\/fi\/wp-json\/wp\/v2\/product_brand?post=4180"},{"taxonomy":"product_cat","embeddable":true,"href":"https:\/\/texus.fi\/fi\/wp-json\/wp\/v2\/product_cat?post=4180"},{"taxonomy":"product_tag","embeddable":true,"href":"https:\/\/texus.fi\/fi\/wp-json\/wp\/v2\/product_tag?post=4180"}],"curies":[{"name":"wp","href":"https:\/\/api.w.org\/{rel}","templated":true}]}}