{"id":4194,"date":"2025-06-02T09:07:52","date_gmt":"2025-06-02T06:07:52","guid":{"rendered":"https:\/\/texus.fi\/?post_type=product&#038;p=4194"},"modified":"2025-12-16T13:16:38","modified_gmt":"2025-12-16T10:16:38","slug":"ecoflow-river-2-pro-virta-asema","status":"publish","type":"product","link":"https:\/\/texus.fi\/fi\/ecoflow-river-2-pro-virta-asema\/","title":{"rendered":"EcoFlow RIVER 2 Pro Virta-asema"},"content":{"rendered":"<p><strong>EcoFlow River 2 Pro virta-asema.<\/strong> River-sarjan lippulaiva EcoFlown tunnetulla \u00e4\u00e4rimm\u00e4isen nopealla latauksella, 5v takuulla sek\u00e4 768Wh kapasiteetilla. Kompaktin kokonsa puolesta sopii niin kotiin autoon, m\u00f6kille tai vaikka veneeseen. Helppoa s\u00e4hk\u00f6\u00e4 laitteisiin olit sitten miss\u00e4 tahansa!<\/p>\n<p><strong>Lataa 0-100 % vain 70 minuutissa.<\/strong><br \/>\nEritt\u00e4in nopealla latauksella olet aina valmis seuraavaan reissuun tai \u00e4killiseen s\u00e4hk\u00f6katkoksen. Lataa 0-100 % verkkovirrasta vain 70 minuutissa. Se on viisi kertaa nopeampi kuin alan standardi ja 27 % nopeampi kuin edellinen sukupolvi.<\/p>\n<p><strong>Turvallinen ja luotettava 10 vuoden k\u00e4ytt\u00f6\u00f6n.<\/strong><br \/>\nYli 3000+ akun 100 % syklin ansiosta voit k\u00e4ytt\u00e4\u00e4 RIVER 2 Prota p\u00e4ivitt\u00e4in kymmenen vuoden ajan. LFP-akkukenno ei tarjoa vain pitk\u00e4\u00e4 k\u00e4ytt\u00f6ik\u00e4\u00e4. Se on luotettavampi, tehokkaampi ja turvallisempi korkeissa l\u00e4mp\u00f6tiloissakin. RIVER 2 Prolla on yksi alan pisimmist\u00e4 takuista, joten annamme sinulle suojan seuraavat 5 vuotta.<\/p>\n<p><strong>Lataa ilman rajoituksia.<\/strong><br \/>\nNelj\u00e4n monipuolisen latausvaihtoehdon ansiosta olemme varmistaneet, ett\u00e4 voit ladata RIVER 2 Pron melkein miss\u00e4 tahansa. Lataa verkkovirta-pistorasiasta huippunopeasti 70 minuutissa, lataa tien p\u00e4\u00e4ll\u00e4 autolatauksella, lataa aurinkopaneelilla sek\u00e4 RIVER 2 Prossa on t\u00e4ysin uusi latausvaihtoehto, USB-C. Liit\u00e4 ja lataa k\u00e4tev\u00e4sti miss\u00e4 tahansa.<\/p>\n<p><strong>Grab and Go -voimaa.<\/strong><br \/>\nRIVER 2 Pro on kevyt, vain 7,8 kg. Tukeva kantokahva, helppo kuljettaa minne vaan.<\/p>\n<p><strong>Voimaa sormiesi ulottuvilla.<\/strong><br \/>\nK\u00e4yt\u00e4 EcoFlow-sovellusta ohjataksesi ja valvoaksesi RIVER 2 Prota k\u00e4tev\u00e4sti puhelimestasi. Yhdist\u00e4 Wi-Fi- tai Bluetooth-yhteydell\u00e4 k\u00e4ytt\u00e4\u00e4ksesi l\u00e4hist\u00f6ll\u00e4 tai et\u00e4n\u00e4.<br \/>\n<strong><br \/>\nTeknisi\u00e4 tietoja<br \/>\n<\/strong>\u2022 Kapasiteetti: 768 Wh<br \/>\n\u2022 Paino: 7,8 kg<br \/>\n\u2022 Mitat: 270 x 260 x 226 mm<br \/>\n\u2022 AC-tulo: 220-240V ~ 50Hz\/60Hz, 940W Max<br \/>\n\u2022 Aurinkoenergian tulo: 11-50V 13A, 220W Max<br \/>\n\u2022 USB-C-tulo\/l\u00e4ht\u00f6: 9.5.12.15\/20V 5A, 100W Max<br \/>\n\u2022 DC-l\u00e4ht\u00f6: 12.6V, 10A\/3A\/3A, 126W Max<br \/>\n\u2022 USB-A-l\u00e4ht\u00f6: 5V, 2,4A, 12W Max<br \/>\n\u2022 AC-l\u00e4ht\u00f6: Puhdas siniaalto, yhteens\u00e4 800 W (ylij\u00e4nnite 1600 W), 230 V ~ 50 Hz\/60 Hz<br \/>\n\u2022 Kennot: LFP<br \/>\n\u2022 Lataussyklit: 80%+ kapasiteetti 3000 jakson j\u00e4lkeen<br \/>\n\u2022 Purkausl\u00e4mp\u00f6tila: -10 \u00b0C &#8211; 45 \u00b0C<br \/>\n\u2022 Latausl\u00e4mp\u00f6tila: 0 \u00b0C &#8211; 45 \u00b0C<br \/>\n\u2022 Optimaalinen k\u00e4ytt\u00f6l\u00e4mp\u00f6tila: 20\u00b0C &#8211; 30\u00b0C<br \/>\n\u2022 S\u00e4ilytysl\u00e4mp\u00f6tila: -10 \u00b0C &#8211; 45 \u00b0C (20 \u00b0C &#8211; 30 \u00b0C on paras)<br \/>\n\u2022 Auton sy\u00f6tt\u00f6: 12V\/24V, 8A, 100W Max<br \/>\n\u2022 DC5521 l\u00e4ht\u00f6: 12,6 V, 3 A, 36 W Max<br \/>\n\u2022 Sovelluksen hallinta: Wi-Fi, Bluetooth<br \/>\n\u2022 Takuu: 60kk<\/p>\n","protected":false},"excerpt":{"rendered":"<p><strong>EcoFlow River 2 Pro virta-asema.<\/strong> River-sarjan lippulaiva EcoFlown tunnetulla \u00e4\u00e4rimm\u00e4isen nopealla latauksella, 5v takuulla sek\u00e4 768Wh kapasiteetilla. Kompaktin kokonsa puolesta sopii niin kotiin autoon, m\u00f6kille tai vaikka veneeseen. Helppoa s\u00e4hk\u00f6\u00e4 laitteisiin olit sitten miss\u00e4 tahansa!<\/p>\n","protected":false},"featured_media":4202,"comment_status":"open","ping_status":"closed","template":"","meta":[],"product_brand":[],"product_cat":[35,15,34],"product_tag":[],"class_list":{"0":"post-4194","1":"product","2":"type-product","3":"status-publish","4":"has-post-thumbnail","6":"product_cat-ess-ratkaisut","7":"product_cat-products","8":"product_cat-virta-asemat","9":"product_shipping_class-campaign-shipping","10":"pa_brands-ecoflow","12":"first","13":"outofstock","14":"taxable","15":"shipping-taxable","16":"purchasable","17":"product-type-simple"},"_links":{"self":[{"href":"https:\/\/texus.fi\/fi\/wp-json\/wp\/v2\/product\/4194","targetHints":{"allow":["GET"]}}],"collection":[{"href":"https:\/\/texus.fi\/fi\/wp-json\/wp\/v2\/product"}],"about":[{"href":"https:\/\/texus.fi\/fi\/wp-json\/wp\/v2\/types\/product"}],"replies":[{"embeddable":true,"href":"https:\/\/texus.fi\/fi\/wp-json\/wp\/v2\/comments?post=4194"}],"wp:featuredmedia":[{"embeddable":true,"href":"https:\/\/texus.fi\/fi\/wp-json\/wp\/v2\/media\/4202"}],"wp:attachment":[{"href":"https:\/\/texus.fi\/fi\/wp-json\/wp\/v2\/media?parent=4194"}],"wp:term":[{"taxonomy":"product_brand","embeddable":true,"href":"https:\/\/texus.fi\/fi\/wp-json\/wp\/v2\/product_brand?post=4194"},{"taxonomy":"product_cat","embeddable":true,"href":"https:\/\/texus.fi\/fi\/wp-json\/wp\/v2\/product_cat?post=4194"},{"taxonomy":"product_tag","embeddable":true,"href":"https:\/\/texus.fi\/fi\/wp-json\/wp\/v2\/product_tag?post=4194"}],"curies":[{"name":"wp","href":"https:\/\/api.w.org\/{rel}","templated":true}]}}