{"id":4232,"date":"2025-06-02T10:17:33","date_gmt":"2025-06-02T07:17:33","guid":{"rendered":"https:\/\/texus.fi\/?post_type=product&#038;p=4232"},"modified":"2025-12-16T13:13:23","modified_gmt":"2025-12-16T10:13:23","slug":"ecoflow-220w-taitettava-aurinkopaneeli-2","status":"publish","type":"product","link":"https:\/\/texus.fi\/fi\/ecoflow-220w-taitettava-aurinkopaneeli-2\/","title":{"rendered":"EcoFlow 2x 100W Aurinkopaneelipaketti"},"content":{"rendered":"<p>Kiinte\u00e4sti asennettava EcoFlow 2x 100W Aurinkopaneelipaketti. Erinomainen vaihtoehto retkeilyautoista matkailuautoihin sek\u00e4 my\u00f6s kotitalouksiin.<\/p>\n<p><strong>Ominaisuuksia<\/strong><br \/>\n\u2022 Tehokas suorituskyky<br \/>\n\u2022 Luotettava aurinkopaneeli<br \/>\n\u2022 Rakennettu kest\u00e4m\u00e4\u00e4n<br \/>\n\u2022 Nopea ja helppo asennus<br \/>\n\u2022 IP68<br \/>\n\u2022 Yhdistett\u00e4viss\u00e4 my\u00f6s muihin aurinkopaneeli j\u00e4rjestelmiin<br \/>\n\u2022 Suositeltu k\u00e4ytt\u00f6l\u00e4mp\u00f6tila -20\u00b0C &#8211; 85\u00b0C<\/p>\n<p><strong>Paketin sis\u00e4lt\u00f6<\/strong><br \/>\n\u2022 2x EcoFlow 100W aurinkopaneeli<br \/>\n\u2022 kiinnitysjalat<br \/>\n\u2022 k\u00e4ytt\u00f6ohje<br \/>\n\u2022 takuukortti<\/p>\n<p><strong>Teknisi\u00e4 tietoja<\/strong><br \/>\n\u2022 Aurinkopaneelin paino: 6,2 kg (13,7 lbs)<br \/>\n\u2022 Mitat 98 * 58,6 * 3 cm (38,6 * 23,1 * 1,2 tuumaa)<br \/>\n\u2022 Nimellisteho 100 W (+\/-5 W)<br \/>\n\u2022 Oikosulkuvirta 6,3 A<br \/>\n\u2022 Suurin k\u00e4ytt\u00f6j\u00e4nnite 17,1 V<br \/>\n\u2022 Suurin k\u00e4ytt\u00f6virta 5,9 A<br \/>\n\u2022 Nimellistehon l\u00e4mp\u00f6tilakerroin -0,39 %\/\u00b0C<br \/>\n\u2022 Avoimen piirin j\u00e4nnitteen l\u00e4mp\u00f6tilakerroin -0,33 %\/\u00b0C<br \/>\n\u2022 Oikosulkuvirran l\u00e4mp\u00f6tilakerroin 0,06 %\/\u00b0C<br \/>\n\u2022 J\u00e4rjestelm\u00e4n maksimij\u00e4nnite 600 VDC (UL)<br \/>\n\u2022 Suurin sulakevirta 15 A<\/p>\n","protected":false},"excerpt":{"rendered":"<p>Kiinte\u00e4sti asennettava EcoFlow 2x 100W Aurinkopaneelipaketti. Erinomainen vaihtoehto retkeilyautoista matkailuautoihin sek\u00e4 my\u00f6s kotitalouksiin.<\/p>\n<p><strong>Ominaisuuksia<\/strong><br \/>\n\u2022 Tehokas suorituskyky<br \/>\n\u2022 Luotettava aurinkopaneeli<br \/>\n\u2022 Rakennettu kest\u00e4m\u00e4\u00e4n<br \/>\n\u2022 Nopea ja helppo asennus<br \/>\n\u2022 IP68<br \/>\n\u2022 Yhdistett\u00e4viss\u00e4 my\u00f6s muihin aurinkopaneeli j\u00e4rjestelmiin<br \/>\n\u2022 Suositeltu k\u00e4ytt\u00f6l\u00e4mp\u00f6tila -20\u00b0C &#8211; 85\u00b0C<\/p>\n","protected":false},"featured_media":4285,"comment_status":"open","ping_status":"closed","template":"","meta":[],"product_brand":[],"product_cat":[27,15],"product_tag":[],"class_list":{"0":"post-4232","1":"product","2":"type-product","3":"status-publish","4":"has-post-thumbnail","6":"product_cat-aurinkopaneelit","7":"product_cat-products","8":"product_shipping_class-campaign-shipping","9":"pa_brands-ecoflow","11":"first","12":"outofstock","13":"taxable","14":"shipping-taxable","15":"purchasable","16":"product-type-simple"},"_links":{"self":[{"href":"https:\/\/texus.fi\/fi\/wp-json\/wp\/v2\/product\/4232","targetHints":{"allow":["GET"]}}],"collection":[{"href":"https:\/\/texus.fi\/fi\/wp-json\/wp\/v2\/product"}],"about":[{"href":"https:\/\/texus.fi\/fi\/wp-json\/wp\/v2\/types\/product"}],"replies":[{"embeddable":true,"href":"https:\/\/texus.fi\/fi\/wp-json\/wp\/v2\/comments?post=4232"}],"wp:featuredmedia":[{"embeddable":true,"href":"https:\/\/texus.fi\/fi\/wp-json\/wp\/v2\/media\/4285"}],"wp:attachment":[{"href":"https:\/\/texus.fi\/fi\/wp-json\/wp\/v2\/media?parent=4232"}],"wp:term":[{"taxonomy":"product_brand","embeddable":true,"href":"https:\/\/texus.fi\/fi\/wp-json\/wp\/v2\/product_brand?post=4232"},{"taxonomy":"product_cat","embeddable":true,"href":"https:\/\/texus.fi\/fi\/wp-json\/wp\/v2\/product_cat?post=4232"},{"taxonomy":"product_tag","embeddable":true,"href":"https:\/\/texus.fi\/fi\/wp-json\/wp\/v2\/product_tag?post=4232"}],"curies":[{"name":"wp","href":"https:\/\/api.w.org\/{rel}","templated":true}]}}