{"id":4233,"date":"2025-06-02T10:21:06","date_gmt":"2025-06-02T07:21:06","guid":{"rendered":"https:\/\/texus.fi\/?post_type=product&#038;p=4233"},"modified":"2026-03-22T13:42:46","modified_gmt":"2026-03-22T10:42:46","slug":"ecoflow-800w-alternator-charger","status":"publish","type":"product","link":"https:\/\/texus.fi\/fi\/ecoflow-800w-alternator-charger\/","title":{"rendered":"EcoFlow 800W Alternator Charger"},"content":{"rendered":"<p><strong>EcoFlow Alternator Charger<\/strong>. Alternator Charger tarjoaa jopa kahdeksan (800W) kertaa nopeamman latauksen perinteiseen tupakansytytinlaturiin verrattuna. T\u00e4m\u00e4 laturi kytket\u00e4\u00e4n suoraan auton omaan laturiin, jolloin voit ladata laitteitasi huomattavasti tehokkaammin ajon aikana.<\/p>\n<p>Yhteensopiva mm. seuraavien varavirtal\u00e4hteiden kanssa:<\/p>\n<p>Delta 2<br \/>\nDelta 2 Max<br \/>\nDelta Pro<br \/>\nDelta 2 Extra Battery<br \/>\nDelta 2 Max Extra Battery<\/p>\n<p>Pakkaus sis\u00e4lt\u00e4\u00e4 kaiken asennukseen tarvittavan.<\/p>\n","protected":false},"excerpt":{"rendered":"<p><strong>EcoFlow Alternator Charger<\/strong>. Alternator Charger tarjoaa jopa kahdeksan (800W) kertaa nopeamman latauksen perinteiseen tupakansytytinlaturiin verrattuna. T\u00e4m\u00e4 laturi kytket\u00e4\u00e4n suoraan auton omaan laturiin, jolloin voit ladata laitteitasi huomattavasti tehokkaammin ajon aikana.<\/p>\n","protected":false},"featured_media":4237,"comment_status":"open","ping_status":"closed","template":"","meta":[],"product_brand":[],"product_cat":[35,15,34],"product_tag":[],"class_list":{"0":"post-4233","1":"product","2":"type-product","3":"status-publish","4":"has-post-thumbnail","6":"product_cat-ess-ratkaisut","7":"product_cat-products","8":"product_cat-virta-asemat","9":"product_shipping_class-campaign-shipping","10":"pa_brands-ecoflow","12":"first","13":"instock","14":"taxable","15":"shipping-taxable","16":"purchasable","17":"product-type-simple"},"_links":{"self":[{"href":"https:\/\/texus.fi\/fi\/wp-json\/wp\/v2\/product\/4233","targetHints":{"allow":["GET"]}}],"collection":[{"href":"https:\/\/texus.fi\/fi\/wp-json\/wp\/v2\/product"}],"about":[{"href":"https:\/\/texus.fi\/fi\/wp-json\/wp\/v2\/types\/product"}],"replies":[{"embeddable":true,"href":"https:\/\/texus.fi\/fi\/wp-json\/wp\/v2\/comments?post=4233"}],"wp:featuredmedia":[{"embeddable":true,"href":"https:\/\/texus.fi\/fi\/wp-json\/wp\/v2\/media\/4237"}],"wp:attachment":[{"href":"https:\/\/texus.fi\/fi\/wp-json\/wp\/v2\/media?parent=4233"}],"wp:term":[{"taxonomy":"product_brand","embeddable":true,"href":"https:\/\/texus.fi\/fi\/wp-json\/wp\/v2\/product_brand?post=4233"},{"taxonomy":"product_cat","embeddable":true,"href":"https:\/\/texus.fi\/fi\/wp-json\/wp\/v2\/product_cat?post=4233"},{"taxonomy":"product_tag","embeddable":true,"href":"https:\/\/texus.fi\/fi\/wp-json\/wp\/v2\/product_tag?post=4233"}],"curies":[{"name":"wp","href":"https:\/\/api.w.org\/{rel}","templated":true}]}}