{"id":4246,"date":"2025-06-02T10:27:48","date_gmt":"2025-06-02T07:27:48","guid":{"rendered":"https:\/\/texus.fi\/?post_type=product&#038;p=4246"},"modified":"2026-03-22T13:42:11","modified_gmt":"2026-03-22T10:42:11","slug":"ecoflow-glacier-lisaakku","status":"publish","type":"product","link":"https:\/\/texus.fi\/fi\/ecoflow-glacier-lisaakku\/","title":{"rendered":"EcoFlow Glacier Lis\u00e4akku"},"content":{"rendered":"<div class=\"col-12 col-lg-8 col-xl-9\">\n<div class=\"ProductPageContent__description\">\n<div class=\"WysiwygContent\">\n<p><strong>EcoFlow Glacier Kylm\u00e4laukun 298Wh plug-in-akku.\u00a0<\/strong>Glacier on suunniteltu ehdottoman kannettavaksi, ja se saa virtansa Plug-in-akusta ilman sotkuisia, rajoittavia kaapeleita. 298 Wh:n suuren akkukapasiteetin ansiosta voit nauttia jopa 40 tunnin ajan pakastettuja aterioita, tuoreita hedelmi\u00e4 ja j\u00e4\u00e4kylmi\u00e4 juomia helposti.<\/p>\n<\/div>\n<\/div>\n<\/div>\n<div class=\"ProductPageContent__description-details col-sm-12 col-lg-4 col-xl-3\">\n<div class=\"ProductPageContent__ad-content\">\n<div class=\"lazyload-wrapper \">\n<div class=\"ContentSlot ProductPageContent__side-ad\">\n<div class=\"WysiwygContent\">\n<div class=\"myyntiargumentit\">\n<div class=\"card my-3 w-100\"><\/div>\n<\/div>\n<\/div>\n<\/div>\n<\/div>\n<\/div>\n<\/div>\n","protected":false},"excerpt":{"rendered":"<div class=\"col-12 col-lg-8 col-xl-9\">\n<div class=\"ProductPageContent__description\">\n<div class=\"WysiwygContent\">\n<p><strong>EcoFlow Glacier Kylm\u00e4laukun 298Wh plug-in-akku.\u00a0<\/strong>Glacier on suunniteltu ehdottoman kannettavaksi, ja se saa virtansa Plug-in-akusta ilman sotkuisia, rajoittavia kaapeleita. 298 Wh:n suuren akkukapasiteetin ansiosta voit nauttia jopa 40 tunnin ajan pakastettuja aterioita, tuoreita hedelmi\u00e4 ja j\u00e4\u00e4kylmi\u00e4 juomia helposti.<\/p>\n<\/div>\n<\/div>\n<\/div>\n","protected":false},"featured_media":4248,"comment_status":"open","ping_status":"closed","template":"","meta":[],"product_brand":[],"product_cat":[35,15,34],"product_tag":[],"class_list":{"0":"post-4246","1":"product","2":"type-product","3":"status-publish","4":"has-post-thumbnail","6":"product_cat-ess-ratkaisut","7":"product_cat-products","8":"product_cat-virta-asemat","9":"product_shipping_class-campaign-shipping","10":"pa_brands-ecoflow","12":"first","13":"instock","14":"taxable","15":"shipping-taxable","16":"purchasable","17":"product-type-simple"},"_links":{"self":[{"href":"https:\/\/texus.fi\/fi\/wp-json\/wp\/v2\/product\/4246","targetHints":{"allow":["GET"]}}],"collection":[{"href":"https:\/\/texus.fi\/fi\/wp-json\/wp\/v2\/product"}],"about":[{"href":"https:\/\/texus.fi\/fi\/wp-json\/wp\/v2\/types\/product"}],"replies":[{"embeddable":true,"href":"https:\/\/texus.fi\/fi\/wp-json\/wp\/v2\/comments?post=4246"}],"wp:featuredmedia":[{"embeddable":true,"href":"https:\/\/texus.fi\/fi\/wp-json\/wp\/v2\/media\/4248"}],"wp:attachment":[{"href":"https:\/\/texus.fi\/fi\/wp-json\/wp\/v2\/media?parent=4246"}],"wp:term":[{"taxonomy":"product_brand","embeddable":true,"href":"https:\/\/texus.fi\/fi\/wp-json\/wp\/v2\/product_brand?post=4246"},{"taxonomy":"product_cat","embeddable":true,"href":"https:\/\/texus.fi\/fi\/wp-json\/wp\/v2\/product_cat?post=4246"},{"taxonomy":"product_tag","embeddable":true,"href":"https:\/\/texus.fi\/fi\/wp-json\/wp\/v2\/product_tag?post=4246"}],"curies":[{"name":"wp","href":"https:\/\/api.w.org\/{rel}","templated":true}]}}