{"id":4288,"date":"2025-06-02T11:10:31","date_gmt":"2025-06-02T08:10:31","guid":{"rendered":"https:\/\/texus.fi\/?post_type=product&#038;p=4288"},"modified":"2026-03-22T13:41:02","modified_gmt":"2026-03-22T10:41:02","slug":"ecoflow-xt150-kaapeli-5m-musta","status":"publish","type":"product","link":"https:\/\/texus.fi\/fi\/ecoflow-xt150-kaapeli-5m-musta\/","title":{"rendered":"EcoFlow XT150 kaapeli, 5m, musta"},"content":{"rendered":"<p><strong>EcoFlow Wave -lis\u00e4akkukaapeli<\/strong><\/p>\n<p>T\u00e4ll\u00e4 kaapelilla voit yhdist\u00e4\u00e4 EcoFlow Waven EcoFlow-akkuihin pidemm\u00e4n k\u00e4ytt\u00f6ajan takaamiseksi. Tuettuja laitteita ovat DELTA Max ja DELTA Max -lis\u00e4akku. Voit my\u00f6s liitt\u00e4\u00e4 Waven DELTA Prohon ja DELTA Pro -lis\u00e4akkuun k\u00e4ytt\u00e4m\u00e4ll\u00e4 ylim\u00e4\u00e4r\u00e4ist\u00e4 EcoFlow DELTA Pro to Smart Generator -sovitinta.<\/p>\n","protected":false},"excerpt":{"rendered":"<p>T\u00e4ll\u00e4 kaapelilla voit yhdist\u00e4\u00e4 EcoFlow Waven EcoFlow-akkuihin pidemm\u00e4n k\u00e4ytt\u00f6ajan takaamiseksi. Tuettuja laitteita ovat DELTA Max ja DELTA Max -lis\u00e4akku. Voit my\u00f6s liitt\u00e4\u00e4 Waven DELTA Prohon ja DELTA Pro -lis\u00e4akkuun k\u00e4ytt\u00e4m\u00e4ll\u00e4 ylim\u00e4\u00e4r\u00e4ist\u00e4 EcoFlow DELTA Pro to Smart Generator -sovitinta.<\/p>\n","protected":false},"featured_media":4292,"comment_status":"open","ping_status":"closed","template":"","meta":[],"product_brand":[],"product_cat":[35,15,34],"product_tag":[],"class_list":{"0":"post-4288","1":"product","2":"type-product","3":"status-publish","4":"has-post-thumbnail","6":"product_cat-ess-ratkaisut","7":"product_cat-products","8":"product_cat-virta-asemat","9":"product_shipping_class-campaign-shipping","10":"pa_brands-ecoflow","12":"first","13":"instock","14":"taxable","15":"shipping-taxable","16":"purchasable","17":"product-type-simple"},"_links":{"self":[{"href":"https:\/\/texus.fi\/fi\/wp-json\/wp\/v2\/product\/4288","targetHints":{"allow":["GET"]}}],"collection":[{"href":"https:\/\/texus.fi\/fi\/wp-json\/wp\/v2\/product"}],"about":[{"href":"https:\/\/texus.fi\/fi\/wp-json\/wp\/v2\/types\/product"}],"replies":[{"embeddable":true,"href":"https:\/\/texus.fi\/fi\/wp-json\/wp\/v2\/comments?post=4288"}],"wp:featuredmedia":[{"embeddable":true,"href":"https:\/\/texus.fi\/fi\/wp-json\/wp\/v2\/media\/4292"}],"wp:attachment":[{"href":"https:\/\/texus.fi\/fi\/wp-json\/wp\/v2\/media?parent=4288"}],"wp:term":[{"taxonomy":"product_brand","embeddable":true,"href":"https:\/\/texus.fi\/fi\/wp-json\/wp\/v2\/product_brand?post=4288"},{"taxonomy":"product_cat","embeddable":true,"href":"https:\/\/texus.fi\/fi\/wp-json\/wp\/v2\/product_cat?post=4288"},{"taxonomy":"product_tag","embeddable":true,"href":"https:\/\/texus.fi\/fi\/wp-json\/wp\/v2\/product_tag?post=4288"}],"curies":[{"name":"wp","href":"https:\/\/api.w.org\/{rel}","templated":true}]}}