{"id":4298,"date":"2025-06-02T11:18:20","date_gmt":"2025-06-02T08:18:20","guid":{"rendered":"https:\/\/texus.fi\/?post_type=product&#038;p=4298"},"modified":"2025-12-16T13:14:45","modified_gmt":"2025-12-16T10:14:45","slug":"ecoflow-100w-aurinkopaneeli","status":"publish","type":"product","link":"https:\/\/texus.fi\/fi\/ecoflow-100w-aurinkopaneeli\/","title":{"rendered":"EcoFlow 100W Aurinkopaneeli"},"content":{"rendered":"<p>Eritt\u00e4in kevyt <strong>EcoFlow 100W<\/strong> aurinkopaneeli joka on suuninteltu erityten asennettavaksi kaareville pinnoille.<\/p>\n<p><strong>Ominaisuuksia<\/strong><br \/>\n\u2022 Eritt\u00e4in kevyt<br \/>\n\u2022 Joustava (n.258\u00b0)<br \/>\n\u2022 IP68<br \/>\n\u2022 Universaalisti yhteensopiva<\/p>\n<p><strong>Paketin sis\u00e4lt\u00f6<\/strong><br \/>\n1x EcoFlow 100 aurinkopaneeli (flexible)<br \/>\n1x K\u00e4ytt\u00f6ohje<br \/>\n1x Takuukortti<\/p>\n<p><strong>Teknisi\u00e4 tietoja<\/strong><br \/>\n\u2022 Aurinkopaneelin paino Noin 2,3 kg<br \/>\n\u2022 Mitat 1055*612*25 mm<br \/>\n\u2022 Nimellisteho 100\u00a0W (+\/-5\u00a0W)<br \/>\n\u2022 Open Circuit Voltage 20,3V<br \/>\n\u2022 Oikosulkuvirta 6.3A<br \/>\n\u2022 Suurin k\u00e4ytt\u00f6j\u00e4nnite 17,1 V<br \/>\n\u2022 Suurin k\u00e4ytt\u00f6virta 5,9 A<br \/>\n\u2022 Nimellistehon l\u00e4mp\u00f6tilakerroin -0,39 %\/\u00b0C<br \/>\n\u2022 Avoimen piirin j\u00e4nnitteen l\u00e4mp\u00f6tilakerroin 0,33 %\/?<br \/>\n\u2022 Oikosulkuvirran l\u00e4mp\u00f6tilakerroin 0,06 %\/?<br \/>\n\u2022 J\u00e4rjestelm\u00e4n maksimij\u00e4nnite 600 VDC (UL)<br \/>\n\u2022 Suurin sulakevirta 15 A<\/p>\n","protected":false},"excerpt":{"rendered":"<p>Eritt\u00e4in kevyt <strong>EcoFlow 100W<\/strong> aurinkopaneeli joka on suuninteltu erityten asennettavaksi kaareville pinnoille.<\/p>\n<p><strong>Ominaisuuksia<\/strong><br \/>\n\u2022 Eritt\u00e4in kevyt<br \/>\n\u2022 Joustava (n.258\u00b0)<br \/>\n\u2022 IP68<br \/>\n\u2022 Universaalisti yhteensopiva<\/p>\n","protected":false},"featured_media":4304,"comment_status":"open","ping_status":"closed","template":"","meta":[],"product_brand":[],"product_cat":[27,15],"product_tag":[],"class_list":{"0":"post-4298","1":"product","2":"type-product","3":"status-publish","4":"has-post-thumbnail","6":"product_cat-aurinkopaneelit","7":"product_cat-products","8":"product_shipping_class-campaign-shipping","9":"pa_brands-ecoflow","11":"first","12":"outofstock","13":"taxable","14":"shipping-taxable","15":"purchasable","16":"product-type-simple"},"_links":{"self":[{"href":"https:\/\/texus.fi\/fi\/wp-json\/wp\/v2\/product\/4298","targetHints":{"allow":["GET"]}}],"collection":[{"href":"https:\/\/texus.fi\/fi\/wp-json\/wp\/v2\/product"}],"about":[{"href":"https:\/\/texus.fi\/fi\/wp-json\/wp\/v2\/types\/product"}],"replies":[{"embeddable":true,"href":"https:\/\/texus.fi\/fi\/wp-json\/wp\/v2\/comments?post=4298"}],"wp:featuredmedia":[{"embeddable":true,"href":"https:\/\/texus.fi\/fi\/wp-json\/wp\/v2\/media\/4304"}],"wp:attachment":[{"href":"https:\/\/texus.fi\/fi\/wp-json\/wp\/v2\/media?parent=4298"}],"wp:term":[{"taxonomy":"product_brand","embeddable":true,"href":"https:\/\/texus.fi\/fi\/wp-json\/wp\/v2\/product_brand?post=4298"},{"taxonomy":"product_cat","embeddable":true,"href":"https:\/\/texus.fi\/fi\/wp-json\/wp\/v2\/product_cat?post=4298"},{"taxonomy":"product_tag","embeddable":true,"href":"https:\/\/texus.fi\/fi\/wp-json\/wp\/v2\/product_tag?post=4298"}],"curies":[{"name":"wp","href":"https:\/\/api.w.org\/{rel}","templated":true}]}}