{"id":4309,"date":"2025-06-02T13:14:56","date_gmt":"2025-06-02T10:14:56","guid":{"rendered":"https:\/\/texus.fi\/?post_type=product&#038;p=4309"},"modified":"2026-03-22T13:40:43","modified_gmt":"2026-03-22T10:40:43","slug":"ecoflow-delta-pro-laukku","status":"publish","type":"product","link":"https:\/\/texus.fi\/fi\/ecoflow-delta-pro-laukku\/","title":{"rendered":"EcoFlow DELTA Pro Laukku"},"content":{"rendered":"<p>EcoFlow DELTA Pro -laukku s\u00e4ilytt\u00e4\u00e4 DELTA Pron helppok\u00e4ytt\u00f6isyyden ja suojaa sit\u00e4 samalla vedelt\u00e4, roskilta ja vaurioilta matkan aikana.<\/p>\n<p><strong>Kohokohdat<\/strong><\/p>\n<p>1. Valmistettu kevyest\u00e4, vedenpit\u00e4v\u00e4st\u00e4 ja kulutusta kest\u00e4v\u00e4st\u00e4 materiaalista, joka suojaa DELTA Prota s\u00e4\u00e4n vaikutuksilta tai matkalla tapahtuvilta kolhuilta ja naarmuilta.<br \/>\n2. Suunniteltu suojaamaan ja samalla varmistamaan p\u00e4\u00e4sy kaikkiin pistorasioihin, py\u00f6riin ja kantokahvaan. LCD-n\u00e4yt\u00f6n l\u00e4pin\u00e4kyv\u00e4n suojuksen avulla voit helposti tarkkailla DELTA Prota ja samalla suojata n\u00e4ytt\u00f6\u00e4 naarmuilta.<\/p>\n<p><strong>Laatikossa<\/strong><br \/>\nEcoFlow DELTA Pro laukku<\/p>\n","protected":false},"excerpt":{"rendered":"<p>EcoFlow DELTA Pro -laukku s\u00e4ilytt\u00e4\u00e4 DELTA Pron helppok\u00e4ytt\u00f6isyyden ja suojaa sit\u00e4 samalla vedelt\u00e4, roskilta ja vaurioilta matkan aikana.<\/p>\n<p><strong>Kohokohdat<\/strong><\/p>\n<p>1. Valmistettu kevyest\u00e4, vedenpit\u00e4v\u00e4st\u00e4 ja kulutusta kest\u00e4v\u00e4st\u00e4 materiaalista, joka suojaa DELTA Prota s\u00e4\u00e4n vaikutuksilta tai matkalla tapahtuvilta kolhuilta ja naarmuilta.<br \/>\n2. Suunniteltu suojaamaan ja samalla varmistamaan p\u00e4\u00e4sy kaikkiin pistorasioihin, py\u00f6riin ja kantokahvaan. LCD-n\u00e4yt\u00f6n l\u00e4pin\u00e4kyv\u00e4n suojuksen avulla voit helposti tarkkailla DELTA Prota ja samalla suojata n\u00e4ytt\u00f6\u00e4 naarmuilta.<\/p>\n","protected":false},"featured_media":4313,"comment_status":"open","ping_status":"closed","template":"","meta":[],"product_brand":[],"product_cat":[35,15,34],"product_tag":[],"class_list":{"0":"post-4309","1":"product","2":"type-product","3":"status-publish","4":"has-post-thumbnail","6":"product_cat-ess-ratkaisut","7":"product_cat-products","8":"product_cat-virta-asemat","9":"product_shipping_class-campaign-shipping","10":"pa_brands-ecoflow","12":"first","13":"instock","14":"taxable","15":"shipping-taxable","16":"purchasable","17":"product-type-simple"},"_links":{"self":[{"href":"https:\/\/texus.fi\/fi\/wp-json\/wp\/v2\/product\/4309","targetHints":{"allow":["GET"]}}],"collection":[{"href":"https:\/\/texus.fi\/fi\/wp-json\/wp\/v2\/product"}],"about":[{"href":"https:\/\/texus.fi\/fi\/wp-json\/wp\/v2\/types\/product"}],"replies":[{"embeddable":true,"href":"https:\/\/texus.fi\/fi\/wp-json\/wp\/v2\/comments?post=4309"}],"wp:featuredmedia":[{"embeddable":true,"href":"https:\/\/texus.fi\/fi\/wp-json\/wp\/v2\/media\/4313"}],"wp:attachment":[{"href":"https:\/\/texus.fi\/fi\/wp-json\/wp\/v2\/media?parent=4309"}],"wp:term":[{"taxonomy":"product_brand","embeddable":true,"href":"https:\/\/texus.fi\/fi\/wp-json\/wp\/v2\/product_brand?post=4309"},{"taxonomy":"product_cat","embeddable":true,"href":"https:\/\/texus.fi\/fi\/wp-json\/wp\/v2\/product_cat?post=4309"},{"taxonomy":"product_tag","embeddable":true,"href":"https:\/\/texus.fi\/fi\/wp-json\/wp\/v2\/product_tag?post=4309"}],"curies":[{"name":"wp","href":"https:\/\/api.w.org\/{rel}","templated":true}]}}