{"id":4314,"date":"2025-06-02T13:17:28","date_gmt":"2025-06-02T10:17:28","guid":{"rendered":"https:\/\/texus.fi\/?post_type=product&#038;p=4314"},"modified":"2025-08-15T11:46:27","modified_gmt":"2025-08-15T08:46:27","slug":"ecoflow-delta-pro-remote-control","status":"publish","type":"product","link":"https:\/\/texus.fi\/fi\/ecoflow-delta-pro-remote-control\/","title":{"rendered":"EcoFlow DELTA Pro Remote Control"},"content":{"rendered":"<p>EcoFlow DELTA Pro Remote Controller -kauko-ohjain<\/p>\n<p><strong>Ensimm\u00e4inen laatuaan:<\/strong>\u00a0DELTA Pro -laitteelle suunniteltu ensimm\u00e4inen kannettavan virta-aseman kaukos\u00e4\u00e4din. Ihanteellinen DELTA Pron s\u00e4ilytt\u00e4miseen esimerkiksi autotallissa tai varastossa. Yhdist\u00e4 Bluetoothilla tai ethernet-kaapelilla ja saat toisen n\u00e4yt\u00f6n juuri sinne, miss\u00e4 sit\u00e4 tarvitset.<\/p>\n<p><strong>Seuraa kulutustasi:<\/strong>\u00a0N\u00e4ytt\u00f6 n\u00e4ytt\u00e4\u00e4 kuinka paljon s\u00e4hk\u00f6\u00e4 k\u00e4yt\u00e4t, akun j\u00e4ljell\u00e4 olevan ajan ja kaiken muun DELTA Pron n\u00e4yt\u00f6ll\u00e4 n\u00e4kyv\u00e4n. Se on my\u00f6s k\u00e4tev\u00e4 ohjain, josta voit kytke\u00e4 p\u00e4\u00e4lle\/pois verkkopistorasiat, tasavirtapistorasiat tai koko laitteen.<\/p>\n<p><strong>Kaksi tapaa muodostaa yhteys:<\/strong>\u00a0Joko langallinen (ethernet) tai langaton yhteys pidemmille et\u00e4isyyksille (bluetooth)<\/p>\n<p><strong>Et\u00e4valvonta:\u00a0<\/strong>Voit seurata ja ohjata kannettavaa virta-asemaa et\u00e4n\u00e4. Ihanteellinen, kun DELTA Pro on asennettu aurinkopaneelien kanssa tai laturin kanssa.<\/p>\n","protected":false},"excerpt":{"rendered":"<p><strong>Ensimm\u00e4inen laatuaan:<\/strong>\u00a0DELTA Pro -laitteelle suunniteltu ensimm\u00e4inen kannettavan virta-aseman kaukos\u00e4\u00e4din. Ihanteellinen DELTA Pron s\u00e4ilytt\u00e4miseen esimerkiksi autotallissa tai varastossa. Yhdist\u00e4 Bluetoothilla tai ethernet-kaapelilla ja saat toisen n\u00e4yt\u00f6n juuri sinne, miss\u00e4 sit\u00e4 tarvitset.<\/p>\n<p><strong>Seuraa kulutustasi:<\/strong>\u00a0N\u00e4ytt\u00f6 n\u00e4ytt\u00e4\u00e4 kuinka paljon s\u00e4hk\u00f6\u00e4 k\u00e4yt\u00e4t, akun j\u00e4ljell\u00e4 olevan ajan ja kaiken muun DELTA Pron n\u00e4yt\u00f6ll\u00e4 n\u00e4kyv\u00e4n. Se on my\u00f6s k\u00e4tev\u00e4 ohjain, josta voit kytke\u00e4 p\u00e4\u00e4lle\/pois verkkopistorasiat, tasavirtapistorasiat tai koko laitteen.<\/p>\n<div class=\"multistorage-product-availability multistorage-display-text\">\n<div class=\"multistorage-product-processing-time out-of-stock-can-order \"><em><strong>Tuotteet l\u00e4hetet\u00e4\u00e4n 5-30\u00a0arkip\u00e4iv\u00e4ss\u00e4<\/strong><\/em><\/div>\n<\/div>\n","protected":false},"featured_media":4317,"comment_status":"open","ping_status":"closed","template":"","meta":[],"product_brand":[],"product_cat":[35,15,34],"product_tag":[],"class_list":{"0":"post-4314","1":"product","2":"type-product","3":"status-publish","4":"has-post-thumbnail","6":"product_cat-ess-ratkaisut","7":"product_cat-products","8":"product_cat-virta-asemat","9":"product_shipping_class-campaign-shipping","10":"pa_brands-ecoflow","12":"first","13":"onbackorder","14":"taxable","15":"shipping-taxable","16":"purchasable","17":"product-type-simple"},"_links":{"self":[{"href":"https:\/\/texus.fi\/fi\/wp-json\/wp\/v2\/product\/4314","targetHints":{"allow":["GET"]}}],"collection":[{"href":"https:\/\/texus.fi\/fi\/wp-json\/wp\/v2\/product"}],"about":[{"href":"https:\/\/texus.fi\/fi\/wp-json\/wp\/v2\/types\/product"}],"replies":[{"embeddable":true,"href":"https:\/\/texus.fi\/fi\/wp-json\/wp\/v2\/comments?post=4314"}],"wp:featuredmedia":[{"embeddable":true,"href":"https:\/\/texus.fi\/fi\/wp-json\/wp\/v2\/media\/4317"}],"wp:attachment":[{"href":"https:\/\/texus.fi\/fi\/wp-json\/wp\/v2\/media?parent=4314"}],"wp:term":[{"taxonomy":"product_brand","embeddable":true,"href":"https:\/\/texus.fi\/fi\/wp-json\/wp\/v2\/product_brand?post=4314"},{"taxonomy":"product_cat","embeddable":true,"href":"https:\/\/texus.fi\/fi\/wp-json\/wp\/v2\/product_cat?post=4314"},{"taxonomy":"product_tag","embeddable":true,"href":"https:\/\/texus.fi\/fi\/wp-json\/wp\/v2\/product_tag?post=4314"}],"curies":[{"name":"wp","href":"https:\/\/api.w.org\/{rel}","templated":true}]}}