{"id":4344,"date":"2025-06-02T13:36:31","date_gmt":"2025-06-02T10:36:31","guid":{"rendered":"https:\/\/texus.fi\/?post_type=product&#038;p=4344"},"modified":"2026-03-22T13:38:51","modified_gmt":"2026-03-22T10:38:51","slug":"ecoflow-delta-max-extra-battery-laukku","status":"publish","type":"product","link":"https:\/\/texus.fi\/fi\/ecoflow-delta-max-extra-battery-laukku\/","title":{"rendered":"EcoFlow DELTA Max Extra Battery Laukku"},"content":{"rendered":"<div class=\"col-12 col-lg-8 col-xl-9\">\n<div class=\"ProductPageContent__description\">\n<div class=\"WysiwygContent\">\n<p>EcoFlow DELTA Max Smart Battery Bag -lis\u00e4akkulaukku s\u00e4ilytt\u00e4\u00e4 Smart Extra -akkujen helppok\u00e4ytt\u00f6isyyden ja suojaa niit\u00e4 vedelt\u00e4, roskilta ja vaurioilta matkan aikana.<\/p>\n<p><strong>Kohokohdat<\/strong><\/p>\n<p>1. Valmistettu kevyest\u00e4, vedenpit\u00e4v\u00e4st\u00e4 ja kulutusta kest\u00e4v\u00e4st\u00e4 materiaalista, joka suojaa DELTA Max Extra -akkua s\u00e4\u00e4n vaikutuksilta tai matkalla tapahtuvilta kolhuilta ja naarmuilta.<br \/>\n2. Suunniteltu suojaamaan ja varmistamaan samalla helppo p\u00e4\u00e4sy itse laitteeseen.<\/p>\n<\/div>\n<\/div>\n<\/div>\n","protected":false},"excerpt":{"rendered":"<div class=\"col-12 col-lg-8 col-xl-9\">\n<div class=\"ProductPageContent__description\">\n<div class=\"WysiwygContent\">\n<p>EcoFlow DELTA Max Smart Battery Bag -lis\u00e4akkulaukku s\u00e4ilytt\u00e4\u00e4 Smart Extra -akkujen helppok\u00e4ytt\u00f6isyyden ja suojaa niit\u00e4 vedelt\u00e4, roskilta ja vaurioilta matkan aikana.<\/p>\n<p><strong>Kohokohdat<\/strong><\/p>\n<p>1. Valmistettu kevyest\u00e4, vedenpit\u00e4v\u00e4st\u00e4 ja kulutusta kest\u00e4v\u00e4st\u00e4 materiaalista, joka suojaa DELTA Max Extra -akkua s\u00e4\u00e4n vaikutuksilta tai matkalla tapahtuvilta kolhuilta ja naarmuilta.<br \/>\n2. Suunniteltu suojaamaan ja varmistamaan samalla helppo p\u00e4\u00e4sy itse laitteeseen.<\/p>\n<\/div>\n<\/div>\n<\/div>\n","protected":false},"featured_media":4346,"comment_status":"open","ping_status":"closed","template":"","meta":[],"product_brand":[],"product_cat":[35,15,34],"product_tag":[],"class_list":{"0":"post-4344","1":"product","2":"type-product","3":"status-publish","4":"has-post-thumbnail","6":"product_cat-ess-ratkaisut","7":"product_cat-products","8":"product_cat-virta-asemat","9":"product_shipping_class-campaign-shipping","10":"pa_brands-ecoflow","12":"first","13":"instock","14":"taxable","15":"shipping-taxable","16":"purchasable","17":"product-type-simple"},"_links":{"self":[{"href":"https:\/\/texus.fi\/fi\/wp-json\/wp\/v2\/product\/4344","targetHints":{"allow":["GET"]}}],"collection":[{"href":"https:\/\/texus.fi\/fi\/wp-json\/wp\/v2\/product"}],"about":[{"href":"https:\/\/texus.fi\/fi\/wp-json\/wp\/v2\/types\/product"}],"replies":[{"embeddable":true,"href":"https:\/\/texus.fi\/fi\/wp-json\/wp\/v2\/comments?post=4344"}],"wp:featuredmedia":[{"embeddable":true,"href":"https:\/\/texus.fi\/fi\/wp-json\/wp\/v2\/media\/4346"}],"wp:attachment":[{"href":"https:\/\/texus.fi\/fi\/wp-json\/wp\/v2\/media?parent=4344"}],"wp:term":[{"taxonomy":"product_brand","embeddable":true,"href":"https:\/\/texus.fi\/fi\/wp-json\/wp\/v2\/product_brand?post=4344"},{"taxonomy":"product_cat","embeddable":true,"href":"https:\/\/texus.fi\/fi\/wp-json\/wp\/v2\/product_cat?post=4344"},{"taxonomy":"product_tag","embeddable":true,"href":"https:\/\/texus.fi\/fi\/wp-json\/wp\/v2\/product_tag?post=4344"}],"curies":[{"name":"wp","href":"https:\/\/api.w.org\/{rel}","templated":true}]}}