{"id":4357,"date":"2025-06-02T13:45:39","date_gmt":"2025-06-02T10:45:39","guid":{"rendered":"https:\/\/texus.fi\/?post_type=product&#038;p=4357"},"modified":"2026-03-22T13:38:43","modified_gmt":"2026-03-22T10:38:43","slug":"ecoflow-river-2-laukku","status":"publish","type":"product","link":"https:\/\/texus.fi\/fi\/ecoflow-river-2-laukku\/","title":{"rendered":"EcoFlow River 2 laukku"},"content":{"rendered":"<div class=\"col-12 col-lg-8 col-xl-9\">\n<div class=\"ProductPageContent__description\">\n<div class=\"WysiwygContent\">\n<p><strong>JOUSTAVAA VARASTOINTIA<\/strong><br \/>\n30L laukkuun mahtuu 15,6&#8243; kannettava tietokone sek\u00e4 kaikki olennaiset tavarat, kuten vaatteet, kirjat, vesipullot ja sateenvarjot. Laajenee 42cm x 12cm x 32cm (16.5 x 4.7 x 12.6 tuumaa) ja rullautuu alas 38 x 12 x 32cm (15 x 4.7 x 12.6 tuumaa).<\/p>\n<p><strong>RULLATAVOITE JA AVATTUVA SOLKI<\/strong><br \/>\nReppu taittuu helposti alas koon s\u00e4\u00e4t\u00e4miseksi ja kiinnittyy tukevalla soljella. P\u00e4\u00e4set k\u00e4siksi tavaroihin nopeasti ja k\u00e4tev\u00e4sti yl\u00e4- tai takakannen vetoketju-aukoista.<\/p>\n<p><strong>LUJAT MATERIAALIT<\/strong><br \/>\nRullakantisessa matkarepussa yhdistyv\u00e4t mukavuus ja tyyli sek\u00e4 pitk\u00e4ik\u00e4inen muotoilu. Valmistettu eritt\u00e4in kest\u00e4v\u00e4st\u00e4, vedenpit\u00e4v\u00e4st\u00e4 kankaasta. Tehostetut vetoketjut ja solki pit\u00e4v\u00e4t tavarasi turvassa, kun taas hengitt\u00e4v\u00e4t verkkomaiset s-kaarevat olkahihnat ja selk\u00e4paneeli tarjoavat mukavuutta kantamisen aikana.<\/p>\n<p><strong>PIT\u00c4\u00c4 EcoFlow RIVER 2 -sarjan kannettavat s\u00e4hk\u00f6asemat<\/strong><br \/>\nTilaa, jossa voit s\u00e4ilytt\u00e4\u00e4 ja kuljettaa RIVER 2:ta, RIVER 2 Maxia, RIVER 2 Prota mukavasti. Yhteensopiva my\u00f6s River 3 ja River 3 UPS laitteiden kanssa.<\/p>\n<\/div>\n<\/div>\n<\/div>\n","protected":false},"excerpt":{"rendered":"<div class=\"col-12 col-lg-8 col-xl-9\">\n<div class=\"ProductPageContent__description\">\n<div class=\"WysiwygContent\">\n<p><strong>JOUSTAVAA VARASTOINTIA<\/strong><br \/>\n30L laukkuun mahtuu 15,6&#8243; kannettava tietokone sek\u00e4 kaikki olennaiset tavarat, kuten vaatteet, kirjat, vesipullot ja sateenvarjot. Laajenee 42cm x 12cm x 32cm (16.5 x 4.7 x 12.6 tuumaa) ja rullautuu alas 38 x 12 x 32cm (15 x 4.7 x 12.6 tuumaa).<\/p>\n<p><strong>RULLATAVOITE JA AVATTUVA SOLKI<\/strong><br \/>\nReppu taittuu helposti alas koon s\u00e4\u00e4t\u00e4miseksi ja kiinnittyy tukevalla soljella. P\u00e4\u00e4set k\u00e4siksi tavaroihin nopeasti ja k\u00e4tev\u00e4sti yl\u00e4- tai takakannen vetoketju-aukoista.<\/p>\n<\/div>\n<\/div>\n<\/div>\n","protected":false},"featured_media":4360,"comment_status":"open","ping_status":"closed","template":"","meta":[],"product_brand":[],"product_cat":[35,15,34],"product_tag":[],"class_list":{"0":"post-4357","1":"product","2":"type-product","3":"status-publish","4":"has-post-thumbnail","6":"product_cat-ess-ratkaisut","7":"product_cat-products","8":"product_cat-virta-asemat","9":"product_shipping_class-campaign-shipping","10":"pa_brands-ecoflow","12":"first","13":"instock","14":"taxable","15":"shipping-taxable","16":"purchasable","17":"product-type-simple"},"_links":{"self":[{"href":"https:\/\/texus.fi\/fi\/wp-json\/wp\/v2\/product\/4357","targetHints":{"allow":["GET"]}}],"collection":[{"href":"https:\/\/texus.fi\/fi\/wp-json\/wp\/v2\/product"}],"about":[{"href":"https:\/\/texus.fi\/fi\/wp-json\/wp\/v2\/types\/product"}],"replies":[{"embeddable":true,"href":"https:\/\/texus.fi\/fi\/wp-json\/wp\/v2\/comments?post=4357"}],"wp:featuredmedia":[{"embeddable":true,"href":"https:\/\/texus.fi\/fi\/wp-json\/wp\/v2\/media\/4360"}],"wp:attachment":[{"href":"https:\/\/texus.fi\/fi\/wp-json\/wp\/v2\/media?parent=4357"}],"wp:term":[{"taxonomy":"product_brand","embeddable":true,"href":"https:\/\/texus.fi\/fi\/wp-json\/wp\/v2\/product_brand?post=4357"},{"taxonomy":"product_cat","embeddable":true,"href":"https:\/\/texus.fi\/fi\/wp-json\/wp\/v2\/product_cat?post=4357"},{"taxonomy":"product_tag","embeddable":true,"href":"https:\/\/texus.fi\/fi\/wp-json\/wp\/v2\/product_tag?post=4357"}],"curies":[{"name":"wp","href":"https:\/\/api.w.org\/{rel}","templated":true}]}}