{"id":4365,"date":"2025-06-02T14:01:01","date_gmt":"2025-06-02T11:01:01","guid":{"rendered":"https:\/\/texus.fi\/?post_type=product&#038;p=4365"},"modified":"2025-12-16T12:40:38","modified_gmt":"2025-12-16T09:40:38","slug":"ecoflow-xt150-kaapeli-1m","status":"publish","type":"product","link":"https:\/\/texus.fi\/fi\/ecoflow-xt150-kaapeli-1m\/","title":{"rendered":"EcoFlow XT150 kaapeli, 1m"},"content":{"rendered":"<div class=\"col-12 col-lg-8 col-xl-9\">\n<div class=\"ProductPageContent__description\">\n<div class=\"WysiwygContent\">\n<p>EcoFlow DELTA Max -lis\u00e4akkukaapeli.<\/p>\n<p><strong>Tuotteen kuvaus<\/strong><\/p>\n<p>Yhdist\u00e4\u00e4 DELTA Maxin DELTA Max Smart Extra -akkuun laitteen sivussa olevan lis\u00e4akkuliit\u00e4nn\u00e4n avulla.<\/p>\n<p><strong>Kohokohdat<\/strong><\/p>\n<p>T\u00e4m\u00e4n kaapelin avulla voit liitt\u00e4\u00e4 EcoFlow DELTA Max -laitteen DELTA Max Smart Extra -akkuun tai Smart Generatoriin.<\/p>\n<p><strong>Laatikossa<\/strong><\/p>\n<p>DELTA Max Extra akkukaapeli x1<\/p>\n<p><strong>Tekniset tiedot<\/strong><\/p>\n<p>Pituus: 1m<\/p>\n<\/div>\n<\/div>\n<\/div>\n","protected":false},"excerpt":{"rendered":"<div class=\"col-12 col-lg-8 col-xl-9\">\n<div class=\"ProductPageContent__description\">\n<div class=\"WysiwygContent\">\n<p><strong>Tuotteen kuvaus<\/strong><\/p>\n<p>Yhdist\u00e4\u00e4 DELTA Maxin DELTA Max Smart Extra -akkuun laitteen sivussa olevan lis\u00e4akkuliit\u00e4nn\u00e4n avulla.<\/p>\n<p><strong>Kohokohdat<\/strong><\/p>\n<p>T\u00e4m\u00e4n kaapelin avulla voit liitt\u00e4\u00e4 EcoFlow DELTA Max -laitteen DELTA Max Smart Extra -akkuun tai Smart Generatoriin.<\/p>\n<p><strong>Laatikossa<\/strong><\/p>\n<p>DELTA Max Extra akkukaapeli x1<\/p>\n<p><strong>Tekniset tiedot<\/strong><\/p>\n<p>Pituus: 1m<\/p>\n<\/div>\n<\/div>\n<\/div>\n","protected":false},"featured_media":4368,"comment_status":"open","ping_status":"closed","template":"","meta":[],"product_brand":[],"product_cat":[35,15,34],"product_tag":[],"class_list":{"0":"post-4365","1":"product","2":"type-product","3":"status-publish","4":"has-post-thumbnail","6":"product_cat-ess-ratkaisut","7":"product_cat-products","8":"product_cat-virta-asemat","9":"product_shipping_class-campaign-shipping","10":"pa_brands-ecoflow","12":"first","13":"outofstock","14":"taxable","15":"shipping-taxable","16":"purchasable","17":"product-type-simple"},"_links":{"self":[{"href":"https:\/\/texus.fi\/fi\/wp-json\/wp\/v2\/product\/4365","targetHints":{"allow":["GET"]}}],"collection":[{"href":"https:\/\/texus.fi\/fi\/wp-json\/wp\/v2\/product"}],"about":[{"href":"https:\/\/texus.fi\/fi\/wp-json\/wp\/v2\/types\/product"}],"replies":[{"embeddable":true,"href":"https:\/\/texus.fi\/fi\/wp-json\/wp\/v2\/comments?post=4365"}],"wp:featuredmedia":[{"embeddable":true,"href":"https:\/\/texus.fi\/fi\/wp-json\/wp\/v2\/media\/4368"}],"wp:attachment":[{"href":"https:\/\/texus.fi\/fi\/wp-json\/wp\/v2\/media?parent=4365"}],"wp:term":[{"taxonomy":"product_brand","embeddable":true,"href":"https:\/\/texus.fi\/fi\/wp-json\/wp\/v2\/product_brand?post=4365"},{"taxonomy":"product_cat","embeddable":true,"href":"https:\/\/texus.fi\/fi\/wp-json\/wp\/v2\/product_cat?post=4365"},{"taxonomy":"product_tag","embeddable":true,"href":"https:\/\/texus.fi\/fi\/wp-json\/wp\/v2\/product_tag?post=4365"}],"curies":[{"name":"wp","href":"https:\/\/api.w.org\/{rel}","templated":true}]}}