{"id":4373,"date":"2025-06-02T14:14:02","date_gmt":"2025-06-02T11:14:02","guid":{"rendered":"https:\/\/texus.fi\/?post_type=product&#038;p=4373"},"modified":"2026-03-22T13:38:05","modified_gmt":"2026-03-22T10:38:05","slug":"ecoflow-5kwh-lfp-akun-kiinnityspanta","status":"publish","type":"product","link":"https:\/\/texus.fi\/fi\/ecoflow-5kwh-lfp-akun-kiinnityspanta\/","title":{"rendered":"EcoFlow 5kWh LFP Akun Kiinnityspanta"},"content":{"rendered":"<div class=\"col-12 col-lg-8 col-xl-9\">\n<div class=\"ProductPageContent__description\">\n<div class=\"WysiwygContent\">\n<div class=\"col-12 col-lg-8 col-xl-9\">\n<div class=\"ProductPageContent__description\">\n<div class=\"WysiwygContent\">\n<p>Kiinnityskehikko EcoFlow 5kWh LFP akulle &#8211; t\u00e4ll\u00e4 varmistat, ett\u00e4 akku pysyy paikoillaan kovemmassakin menossa. Siisti ja helppo asentaa.<\/p>\n<\/div>\n<\/div>\n<\/div>\n<\/div>\n<\/div>\n<\/div>\n","protected":false},"excerpt":{"rendered":"<div class=\"col-12 col-lg-8 col-xl-9\">\n<div class=\"ProductPageContent__description\">\n<div class=\"WysiwygContent\">\n<div class=\"col-12 col-lg-8 col-xl-9\">\n<div class=\"ProductPageContent__description\">\n<div class=\"WysiwygContent\">\n<p>Kiinnityskehikko EcoFlow 5kWh LFP akulle &#8211; t\u00e4ll\u00e4 varmistat, ett\u00e4 akku pysyy paikoillaan kovemmassakin menossa. Siisti ja helppo asentaa.<\/p>\n<\/div>\n<\/div>\n<\/div>\n<\/div>\n<\/div>\n<\/div>\n","protected":false},"featured_media":4374,"comment_status":"open","ping_status":"closed","template":"","meta":[],"product_brand":[],"product_cat":[35,15,34],"product_tag":[],"class_list":{"0":"post-4373","1":"product","2":"type-product","3":"status-publish","4":"has-post-thumbnail","6":"product_cat-ess-ratkaisut","7":"product_cat-products","8":"product_cat-virta-asemat","9":"product_shipping_class-campaign-shipping","10":"pa_brands-ecoflow","12":"first","13":"instock","14":"taxable","15":"shipping-taxable","16":"purchasable","17":"product-type-simple"},"_links":{"self":[{"href":"https:\/\/texus.fi\/fi\/wp-json\/wp\/v2\/product\/4373","targetHints":{"allow":["GET"]}}],"collection":[{"href":"https:\/\/texus.fi\/fi\/wp-json\/wp\/v2\/product"}],"about":[{"href":"https:\/\/texus.fi\/fi\/wp-json\/wp\/v2\/types\/product"}],"replies":[{"embeddable":true,"href":"https:\/\/texus.fi\/fi\/wp-json\/wp\/v2\/comments?post=4373"}],"wp:featuredmedia":[{"embeddable":true,"href":"https:\/\/texus.fi\/fi\/wp-json\/wp\/v2\/media\/4374"}],"wp:attachment":[{"href":"https:\/\/texus.fi\/fi\/wp-json\/wp\/v2\/media?parent=4373"}],"wp:term":[{"taxonomy":"product_brand","embeddable":true,"href":"https:\/\/texus.fi\/fi\/wp-json\/wp\/v2\/product_brand?post=4373"},{"taxonomy":"product_cat","embeddable":true,"href":"https:\/\/texus.fi\/fi\/wp-json\/wp\/v2\/product_cat?post=4373"},{"taxonomy":"product_tag","embeddable":true,"href":"https:\/\/texus.fi\/fi\/wp-json\/wp\/v2\/product_tag?post=4373"}],"curies":[{"name":"wp","href":"https:\/\/api.w.org\/{rel}","templated":true}]}}