{"id":4378,"date":"2025-06-02T14:19:52","date_gmt":"2025-06-02T11:19:52","guid":{"rendered":"https:\/\/texus.fi\/?post_type=product&#038;p=4378"},"modified":"2026-03-22T13:37:02","modified_gmt":"2026-03-22T10:37:02","slug":"ecoflow-car-charge-xt60-kaapeli","status":"publish","type":"product","link":"https:\/\/texus.fi\/fi\/ecoflow-car-charge-xt60-kaapeli\/","title":{"rendered":"EcoFlow Car Charge XT60 Kaapeli"},"content":{"rendered":"<div class=\"col-12 col-lg-8 col-xl-9\">\n<div class=\"ProductPageContent__description\">\n<div class=\"WysiwygContent\">\n<div class=\"col-12 col-lg-8 col-xl-9\">\n<div class=\"ProductPageContent__description\">\n<div class=\"WysiwygContent\">\n<p><strong>Tuotteen kuvaus<\/strong><\/p>\n<p>Auton tupakansytytinpistorasiaan liitett\u00e4v\u00e4 latauskaapeli, jossa toisessa p\u00e4\u00e4ss\u00e4 on XT60-liitin virta-asemaa varten<\/p>\n<p><strong>Kohokohdat<\/strong><\/p>\n<p>K\u00e4yt\u00e4 t\u00e4t\u00e4 kaapelia liitt\u00e4\u00e4ksesi EcoFlow-virtal\u00e4hteet autolaturiin (tupakansytytinpistorasiaan) latausta varten.<\/p>\n<p><strong>Laatikossa<\/strong><\/p>\n<p>Auton latauskaapeli x1<\/p>\n<p><strong>Tekniset tiedot<\/strong><\/p>\n<p>Kaapelityyppi: Latauskaapeli: Auton latauskaapeli<\/p>\n<p>Pituus: 1.5m<\/p>\n<\/div>\n<\/div>\n<\/div>\n<\/div>\n<\/div>\n<\/div>\n","protected":false},"excerpt":{"rendered":"<div class=\"col-12 col-lg-8 col-xl-9\">\n<div class=\"ProductPageContent__description\">\n<div class=\"WysiwygContent\">\n<div class=\"col-12 col-lg-8 col-xl-9\">\n<div class=\"ProductPageContent__description\">\n<div class=\"WysiwygContent\">\n<p><strong>Tuotteen kuvaus<\/strong><\/p>\n<p>Auton tupakansytytinpistorasiaan liitett\u00e4v\u00e4 latauskaapeli, jossa toisessa p\u00e4\u00e4ss\u00e4 on XT60-liitin virta-asemaa varten<\/p>\n<p><strong>Kohokohdat<\/strong><\/p>\n<p>K\u00e4yt\u00e4 t\u00e4t\u00e4 kaapelia liitt\u00e4\u00e4ksesi EcoFlow-virtal\u00e4hteet autolaturiin (tupakansytytinpistorasiaan) latausta varten.<\/p>\n<p><strong>Laatikossa<\/strong><\/p>\n<p>Auton latauskaapeli x1<\/p>\n<p><strong>Tekniset tiedot<\/strong><\/p>\n<p>Kaapelityyppi: Latauskaapeli: Auton latauskaapeli<\/p>\n<p>Pituus: 1.5m<\/p>\n<\/div>\n<\/div>\n<\/div>\n<\/div>\n<\/div>\n<\/div>\n","protected":false},"featured_media":4379,"comment_status":"open","ping_status":"closed","template":"","meta":[],"product_brand":[],"product_cat":[35,15,34],"product_tag":[],"class_list":{"0":"post-4378","1":"product","2":"type-product","3":"status-publish","4":"has-post-thumbnail","6":"product_cat-ess-ratkaisut","7":"product_cat-products","8":"product_cat-virta-asemat","9":"product_shipping_class-campaign-shipping","10":"pa_brands-ecoflow","12":"first","13":"instock","14":"taxable","15":"shipping-taxable","16":"purchasable","17":"product-type-simple"},"_links":{"self":[{"href":"https:\/\/texus.fi\/fi\/wp-json\/wp\/v2\/product\/4378","targetHints":{"allow":["GET"]}}],"collection":[{"href":"https:\/\/texus.fi\/fi\/wp-json\/wp\/v2\/product"}],"about":[{"href":"https:\/\/texus.fi\/fi\/wp-json\/wp\/v2\/types\/product"}],"replies":[{"embeddable":true,"href":"https:\/\/texus.fi\/fi\/wp-json\/wp\/v2\/comments?post=4378"}],"wp:featuredmedia":[{"embeddable":true,"href":"https:\/\/texus.fi\/fi\/wp-json\/wp\/v2\/media\/4379"}],"wp:attachment":[{"href":"https:\/\/texus.fi\/fi\/wp-json\/wp\/v2\/media?parent=4378"}],"wp:term":[{"taxonomy":"product_brand","embeddable":true,"href":"https:\/\/texus.fi\/fi\/wp-json\/wp\/v2\/product_brand?post=4378"},{"taxonomy":"product_cat","embeddable":true,"href":"https:\/\/texus.fi\/fi\/wp-json\/wp\/v2\/product_cat?post=4378"},{"taxonomy":"product_tag","embeddable":true,"href":"https:\/\/texus.fi\/fi\/wp-json\/wp\/v2\/product_tag?post=4378"}],"curies":[{"name":"wp","href":"https:\/\/api.w.org\/{rel}","templated":true}]}}