{"id":4403,"date":"2025-01-02T14:47:08","date_gmt":"2025-01-02T11:47:08","guid":{"rendered":"https:\/\/texus.fi\/?post_type=product&#038;p=4403"},"modified":"2026-03-22T13:53:49","modified_gmt":"2026-03-22T10:53:49","slug":"ecoflow-smart-plug-pistoke-wi-fi","status":"publish","type":"product","link":"https:\/\/texus.fi\/fi\/ecoflow-smart-plug-pistoke-wi-fi\/","title":{"rendered":"EcoFlow Smart Plug Pistoke, Wi-Fi"},"content":{"rendered":"<div class=\"col-12 col-lg-8 col-xl-9\">\n<div class=\"ProductPageContent__description\">\n<div class=\"WysiwygContent\">\n<div class=\"col-12 col-lg-8 col-xl-9\">\n<div class=\"ProductPageContent__description\">\n<div class=\"WysiwygContent\">\n<p><strong>EcoFlow Smart Plug<\/strong>\u00a0on kompakti Wi-Fi-pistorasia, joka mahdollistaa energiaseurannan ja laitteiden \u00e4lykk\u00e4\u00e4n ohjauksen. Se toimii yhdess\u00e4 mikroinvertterin ja EcoFlow-sovelluksen kanssa tarjoten reaaliaikaisia virrankulutustilastoja ja optimoitua s\u00e4hk\u00f6n automaattista jakamista.<\/p>\n<p><strong>Optimoitu energian automaattinen jakaminen<\/strong><br \/>\nKun \u00e4lypistokkeet tarkkailevat, kuinka paljon energiaa laite kuluttaa, mikroinvertteri voi jakaa juuri oikean m\u00e4\u00e4r\u00e4n energiaa kullekin laitteelle ja ylij\u00e4\u00e4m\u00e4n kannettavaan s\u00e4hk\u00f6asemaan. Ruuhka-aikoina j\u00e4rjestelm\u00e4 asettaa kotik\u00e4yt\u00f6n etusijalle. Ja suurin osa energiasta varastoituu ruuhka-aikojen ulkopuolella.<\/p>\n<p><strong>Laitteiden kauko-ohjaus<\/strong><br \/>\nKytke kytketyt laitteet p\u00e4\u00e4lle tai pois p\u00e4\u00e4lt\u00e4 sovellusta napsauttamalla mist\u00e4 tahansa, miss\u00e4 on Internet-yhteys.<\/p>\n<p><strong>Reaaliaikainen energiaseuranta<\/strong><br \/>\nSeuraa laitteiden energiank\u00e4ytt\u00f6\u00e4 suorassa l\u00e4hetyksess\u00e4 ja ajan mittaan, jotta voit tarkastella kattavia raportteja EcoFlow-sovelluksessa ja oppia kulutustottumuksiasi. T\u00e4m\u00e4 antaa sinulle etuly\u00f6ntiaseman energians\u00e4\u00e4st\u00f6n parantamisessa ja hiilineutraalin el\u00e4m\u00e4ntavan omaksumisessa.<\/p>\n<p><strong>Aikataulut ja ajastimet<\/strong><br \/>\nMukauta laitteiden k\u00e4ytt\u00f6aika omien rutiiniesi mukaan. Jopa silloin, kun internet ei toimi, aikataulut ja ajastimet toimivat ilman ongelmia.<\/p>\n<p><strong>Turvallisuus ja pitk\u00e4ik\u00e4isyys taattu<\/strong><br \/>\nN\u00e4m\u00e4 PC-paloturvallisista materiaaleista valmistetut pistorasiat on suojattu palovaaraa vastaan. Lis\u00e4ksi ne ovat kest\u00e4vi\u00e4 ja vahvoja ja kest\u00e4v\u00e4t erinomaisesti kulutusta, rasvaa, happoja ja em\u00e4ksi\u00e4.<\/p>\n<p><strong>Tekniset tiedot<\/strong><\/p>\n<ul>\n<li>Paino: Noin 113 g<\/li>\n<li>Mitat: 53 \u00d7 53 \u00d7 79 mm<\/li>\n<li>J\u00e4nnite: 110-250V<\/li>\n<li>Vaihtovirta: 10A<\/li>\n<li>Taajuus: 50Hz<\/li>\n<li>K\u00e4ytt\u00f6l\u00e4mp\u00f6tila: -10\u00b0C &#8211; 40\u00b0C (14\u00b0F &#8211; 104\u00b0F)<\/li>\n<li>Wi-Fi (2.4G)<\/li>\n<li>Taajuusalue: 20M: 2412 &#8211; 2472 MHz4 \/\/ 0M: 2422 &#8211; 2462 MHz<\/li>\n<li>Suurin l\u00e4ht\u00f6teho: \u226420 dBm.<\/li>\n<li>Bluetooth: Frequency range: 2402-2480 MHz \/\/ Maximum output power: \u226421 dBm<\/li>\n<\/ul>\n<\/div>\n<\/div>\n<\/div>\n<\/div>\n<\/div>\n<\/div>\n","protected":false},"excerpt":{"rendered":"<div class=\"col-12 col-lg-8 col-xl-9\">\n<div class=\"ProductPageContent__description\">\n<div class=\"WysiwygContent\">\n<div class=\"col-12 col-lg-8 col-xl-9\">\n<div class=\"ProductPageContent__description\">\n<div class=\"WysiwygContent\">\n<p><strong>EcoFlow Smart Plug<\/strong>\u00a0on kompakti Wi-Fi-pistorasia, joka mahdollistaa energiaseurannan ja laitteiden \u00e4lykk\u00e4\u00e4n ohjauksen. Se toimii yhdess\u00e4 mikroinvertterin ja EcoFlow-sovelluksen kanssa tarjoten reaaliaikaisia virrankulutustilastoja ja optimoitua s\u00e4hk\u00f6n automaattista jakamista.<\/p>\n<p><strong>Optimoitu energian automaattinen jakaminen<\/strong><br \/>\nKun \u00e4lypistokkeet tarkkailevat, kuinka paljon energiaa laite kuluttaa, mikroinvertteri voi jakaa juuri oikean m\u00e4\u00e4r\u00e4n energiaa kullekin laitteelle ja ylij\u00e4\u00e4m\u00e4n kannettavaan s\u00e4hk\u00f6asemaan. Ruuhka-aikoina j\u00e4rjestelm\u00e4 asettaa kotik\u00e4yt\u00f6n etusijalle. Ja suurin osa energiasta varastoituu ruuhka-aikojen ulkopuolella.<\/p>\n<\/div>\n<\/div>\n<\/div>\n<\/div>\n<\/div>\n<\/div>\n","protected":false},"featured_media":4404,"comment_status":"open","ping_status":"closed","template":"","meta":[],"product_brand":[],"product_cat":[35,15,34],"product_tag":[],"class_list":{"0":"post-4403","1":"product","2":"type-product","3":"status-publish","4":"has-post-thumbnail","6":"product_cat-ess-ratkaisut","7":"product_cat-products","8":"product_cat-virta-asemat","9":"product_shipping_class-campaign-shipping","10":"pa_brands-ecoflow","12":"first","13":"instock","14":"taxable","15":"shipping-taxable","16":"purchasable","17":"product-type-simple"},"_links":{"self":[{"href":"https:\/\/texus.fi\/fi\/wp-json\/wp\/v2\/product\/4403","targetHints":{"allow":["GET"]}}],"collection":[{"href":"https:\/\/texus.fi\/fi\/wp-json\/wp\/v2\/product"}],"about":[{"href":"https:\/\/texus.fi\/fi\/wp-json\/wp\/v2\/types\/product"}],"replies":[{"embeddable":true,"href":"https:\/\/texus.fi\/fi\/wp-json\/wp\/v2\/comments?post=4403"}],"wp:featuredmedia":[{"embeddable":true,"href":"https:\/\/texus.fi\/fi\/wp-json\/wp\/v2\/media\/4404"}],"wp:attachment":[{"href":"https:\/\/texus.fi\/fi\/wp-json\/wp\/v2\/media?parent=4403"}],"wp:term":[{"taxonomy":"product_brand","embeddable":true,"href":"https:\/\/texus.fi\/fi\/wp-json\/wp\/v2\/product_brand?post=4403"},{"taxonomy":"product_cat","embeddable":true,"href":"https:\/\/texus.fi\/fi\/wp-json\/wp\/v2\/product_cat?post=4403"},{"taxonomy":"product_tag","embeddable":true,"href":"https:\/\/texus.fi\/fi\/wp-json\/wp\/v2\/product_tag?post=4403"}],"curies":[{"name":"wp","href":"https:\/\/api.w.org\/{rel}","templated":true}]}}