{"id":4407,"date":"2025-06-02T14:52:47","date_gmt":"2025-06-02T11:52:47","guid":{"rendered":"https:\/\/texus.fi\/?post_type=product&#038;p=4407"},"modified":"2026-01-23T13:07:47","modified_gmt":"2026-01-23T10:07:47","slug":"ecoflow-imukuppikiinnikkeet-aurinkopaneelille-8kpl","status":"publish","type":"product","link":"https:\/\/texus.fi\/fi\/ecoflow-imukuppikiinnikkeet-aurinkopaneelille-8kpl\/","title":{"rendered":"EcoFlow Imukuppikiinnikkeet aurinkopaneelille, 8kpl"},"content":{"rendered":"<div class=\"col-12 col-lg-8 col-xl-9\">\n<div class=\"ProductPageContent__description\">\n<div class=\"WysiwygContent\">\n<div class=\"col-12 col-lg-8 col-xl-9\">\n<div class=\"ProductPageContent__description\">\n<div class=\"WysiwygContent\">\n<p><strong>Nopeasti ja helposti<\/strong><\/p>\n<p>Imukupit voidaan kiinnitt\u00e4\u00e4 EcoFlow -aurinkopaneeleihin helposti muutamassa sekunnissa.<\/p>\n<p><strong>Kest\u00e4v\u00e4 muotoilu<\/strong><\/p>\n<p>Tehokkaan aurinkoenergian saamiseksi miss\u00e4 tahansa oletkin, imukupit kiinnitt\u00e4v\u00e4t EcoFlow -aurinkopaneelit turvallisesti lasipintoihin, auton katolle ja muihin sileisiin pintoihin.<\/p>\n<\/div>\n<\/div>\n<\/div>\n<\/div>\n<\/div>\n<\/div>\n","protected":false},"excerpt":{"rendered":"<div class=\"col-12 col-lg-8 col-xl-9\">\n<div class=\"ProductPageContent__description\">\n<div class=\"WysiwygContent\">\n<div class=\"col-12 col-lg-8 col-xl-9\">\n<div class=\"ProductPageContent__description\">\n<div class=\"WysiwygContent\">\n<p><strong>Nopeasti ja helposti<\/strong><\/p>\n<p>Imukupit voidaan kiinnitt\u00e4\u00e4 EcoFlow -aurinkopaneeleihin helposti muutamassa sekunnissa.<\/p>\n<p><strong>Kest\u00e4v\u00e4 muotoilu<\/strong><\/p>\n<p>Tehokkaan aurinkoenergian saamiseksi miss\u00e4 tahansa oletkin, imukupit kiinnitt\u00e4v\u00e4t EcoFlow -aurinkopaneelit turvallisesti lasipintoihin, auton katolle ja muihin sileisiin pintoihin.<\/p>\n<\/div>\n<\/div>\n<\/div>\n<p><em><strong>Tuotteet l\u00e4hetet\u00e4\u00e4n 5-30\u00a0arkip\u00e4iv\u00e4ss\u00e4<\/strong><\/em><\/p>\n<\/div>\n<\/div>\n<\/div>\n","protected":false},"featured_media":4408,"comment_status":"open","ping_status":"closed","template":"","meta":[],"product_brand":[],"product_cat":[27,15],"product_tag":[],"class_list":{"0":"post-4407","1":"product","2":"type-product","3":"status-publish","4":"has-post-thumbnail","6":"product_cat-aurinkopaneelit","7":"product_cat-products","8":"product_shipping_class-campaign-shipping","9":"pa_brands-ecoflow","11":"first","12":"instock","13":"taxable","14":"shipping-taxable","15":"purchasable","16":"product-type-simple"},"_links":{"self":[{"href":"https:\/\/texus.fi\/fi\/wp-json\/wp\/v2\/product\/4407","targetHints":{"allow":["GET"]}}],"collection":[{"href":"https:\/\/texus.fi\/fi\/wp-json\/wp\/v2\/product"}],"about":[{"href":"https:\/\/texus.fi\/fi\/wp-json\/wp\/v2\/types\/product"}],"replies":[{"embeddable":true,"href":"https:\/\/texus.fi\/fi\/wp-json\/wp\/v2\/comments?post=4407"}],"wp:featuredmedia":[{"embeddable":true,"href":"https:\/\/texus.fi\/fi\/wp-json\/wp\/v2\/media\/4408"}],"wp:attachment":[{"href":"https:\/\/texus.fi\/fi\/wp-json\/wp\/v2\/media?parent=4407"}],"wp:term":[{"taxonomy":"product_brand","embeddable":true,"href":"https:\/\/texus.fi\/fi\/wp-json\/wp\/v2\/product_brand?post=4407"},{"taxonomy":"product_cat","embeddable":true,"href":"https:\/\/texus.fi\/fi\/wp-json\/wp\/v2\/product_cat?post=4407"},{"taxonomy":"product_tag","embeddable":true,"href":"https:\/\/texus.fi\/fi\/wp-json\/wp\/v2\/product_tag?post=4407"}],"curies":[{"name":"wp","href":"https:\/\/api.w.org\/{rel}","templated":true}]}}