{"id":4421,"date":"2025-06-02T15:04:38","date_gmt":"2025-06-02T12:04:38","guid":{"rendered":"https:\/\/texus.fi\/?post_type=product&#038;p=4421"},"modified":"2025-10-05T15:02:23","modified_gmt":"2025-10-05T12:02:23","slug":"ecoflow-solar-mc4-parallel-connection-kaapeli","status":"publish","type":"product","link":"https:\/\/texus.fi\/fi\/ecoflow-solar-mc4-parallel-connection-kaapeli\/","title":{"rendered":"EcoFlow Solar MC4 Parallel Connection Kaapeli"},"content":{"rendered":"<p><strong>Tuotteen kuvaus<\/strong><\/p>\n<p>EcoFlow Solar -rinnakkaiskaapeli yhdist\u00e4\u00e4 aurinkopaneelit rinnakkain EcoFlow virta-asemaan (DELTA\/RIVER-sarja).<\/p>\n<p><strong>Kohokohdat<\/strong><\/p>\n<p>Yhdist\u00e4\u00e4 aurinkopaneelit rinnakkain latausnopeuden tehokkuuden parantamiseksi.<\/p>\n<p>Tarvitaan nelj\u00e4n aurinkopaneelin kytkemist\u00e4 rinnakkain DELTAn lataamiseksi.<\/p>\n<p>Tarvitaan kahden aurinkopaneelin kytkemiseen rinnakkain RIVER-sarjan lataamiseksi.<\/p>\n","protected":false},"excerpt":{"rendered":"<p><strong>Tuotteen kuvaus<\/strong><\/p>\n<p>EcoFlow Solar -rinnakkaiskaapeli yhdist\u00e4\u00e4 aurinkopaneelit rinnakkain EcoFlow virta-asemaan (DELTA\/RIVER-sarja).<\/p>\n<p><strong>Kohokohdat<\/strong><\/p>\n<p>Yhdist\u00e4\u00e4 aurinkopaneelit rinnakkain latausnopeuden tehokkuuden parantamiseksi.<\/p>\n<p>Tarvitaan nelj\u00e4n aurinkopaneelin kytkemist\u00e4 rinnakkain DELTAn lataamiseksi.<\/p>\n<p>Tarvitaan kahden aurinkopaneelin kytkemiseen rinnakkain RIVER-sarjan lataamiseksi.<\/p>\n<div class=\"multistorage-product-availability multistorage-display-text\">\n<div class=\"multistorage-product-processing-time out-of-stock-can-order \"><em><strong>Tuotteet l\u00e4hetet\u00e4\u00e4n 1-2\u00a0arkip\u00e4iv\u00e4ss\u00e4<\/strong><\/em><\/div>\n<\/div>\n","protected":false},"featured_media":4422,"comment_status":"open","ping_status":"closed","template":"","meta":[],"product_brand":[],"product_cat":[27,15],"product_tag":[],"class_list":{"0":"post-4421","1":"product","2":"type-product","3":"status-publish","4":"has-post-thumbnail","6":"product_cat-aurinkopaneelit","7":"product_cat-products","8":"product_shipping_class-campaign-shipping","9":"pa_brands-ecoflow","11":"first","12":"instock","13":"taxable","14":"shipping-taxable","15":"purchasable","16":"product-type-simple"},"_links":{"self":[{"href":"https:\/\/texus.fi\/fi\/wp-json\/wp\/v2\/product\/4421","targetHints":{"allow":["GET"]}}],"collection":[{"href":"https:\/\/texus.fi\/fi\/wp-json\/wp\/v2\/product"}],"about":[{"href":"https:\/\/texus.fi\/fi\/wp-json\/wp\/v2\/types\/product"}],"replies":[{"embeddable":true,"href":"https:\/\/texus.fi\/fi\/wp-json\/wp\/v2\/comments?post=4421"}],"wp:featuredmedia":[{"embeddable":true,"href":"https:\/\/texus.fi\/fi\/wp-json\/wp\/v2\/media\/4422"}],"wp:attachment":[{"href":"https:\/\/texus.fi\/fi\/wp-json\/wp\/v2\/media?parent=4421"}],"wp:term":[{"taxonomy":"product_brand","embeddable":true,"href":"https:\/\/texus.fi\/fi\/wp-json\/wp\/v2\/product_brand?post=4421"},{"taxonomy":"product_cat","embeddable":true,"href":"https:\/\/texus.fi\/fi\/wp-json\/wp\/v2\/product_cat?post=4421"},{"taxonomy":"product_tag","embeddable":true,"href":"https:\/\/texus.fi\/fi\/wp-json\/wp\/v2\/product_tag?post=4421"}],"curies":[{"name":"wp","href":"https:\/\/api.w.org\/{rel}","templated":true}]}}