{"id":4425,"date":"2025-06-02T15:08:55","date_gmt":"2025-06-02T12:08:55","guid":{"rendered":"https:\/\/texus.fi\/?post_type=product&#038;p=4425"},"modified":"2025-10-03T17:15:56","modified_gmt":"2025-10-03T14:15:56","slug":"ecoflow-solar-kulmaopas","status":"publish","type":"product","link":"https:\/\/texus.fi\/fi\/ecoflow-solar-kulmaopas\/","title":{"rendered":"EcoFlow Solar -kulmaopas"},"content":{"rendered":"<p><strong>Ota kiinni jokainen valons\u00e4de<\/strong><\/p>\n<p>Pid\u00e4 auringonvalo 90\u00b0 kulmassa ja keskit\u00e4 auringons\u00e4teet aurinkopaneelin pinnalle. Aurinkokulmaopas auttaa sinua maksimoimaan aurinkoenergian.<\/p>\n<p><strong>Todella helppok\u00e4ytt\u00f6inen<\/strong><\/p>\n<p>Kiinnit\u00e4 aurinkopaneelin reunaan. Kohdista seuraavaksi aurinkopaneeli auringon s\u00e4teisiin kulmaoppaan avulla.<\/p>\n<p><strong>Rakennettu kest\u00e4m\u00e4\u00e4n<\/strong><\/p>\n<p>Aurinkokulmaopas on etulinjassa, kun on kyse auringon s\u00e4teist\u00e4. Sen UV-kest\u00e4vien ominaisuuksien ansiosta voit maksimoida auringonvalon ja lyhent\u00e4\u00e4 latausaikoja.<\/p>\n<p><strong>S\u00e4\u00e4d\u00e4 kulmat oikein<\/strong><\/p>\n<p>L\u00e4pin\u00e4kyv\u00e4n kuoren ansiosta voit kohdistaa auringon varjon kulmaoppaan keskipisteeseen. N\u00e4in varmistat, ett\u00e4 olet kohtisuorassa auringon s\u00e4teisiin n\u00e4hden.<\/p>\n<p><strong>Kuinka k\u00e4ytt\u00e4\u00e4 Solar Angle Guide -opasta?<\/strong><\/p>\n<p>1. Kiinnit\u00e4 opas aurinkopaneelin reunaan.<\/p>\n<p>2. K\u00e4\u00e4nn\u00e4 aurinkopaneeli niin, ett\u00e4 aurinko paistaa ohjaimen l\u00e4pin\u00e4kyv\u00e4n kuoren l\u00e4pi.<\/p>\n<p>3. Kun aurinko paistaa l\u00e4pin\u00e4kyv\u00e4n kuoren l\u00e4pi, s\u00e4\u00e4d\u00e4 aurinkopaneelin kulmaa kunnes varjo osuu oppaan keskelle.<\/p>\n<p>4. Pyri p\u00e4\u00e4sem\u00e4\u00e4n mahdollisimman l\u00e4helle keskikohtaa. Mit\u00e4 l\u00e4hemp\u00e4n\u00e4 auringonvalon kulma on 90\u00b0, sit\u00e4 suurempi on aurinkoenergian saanti ja sit\u00e4 lyhyempi on latausaika.<\/p>\n<p><strong>Tekniset tiedot<\/strong><\/p>\n<p>Mitat: 50*54*30mm.<\/p>\n<p>Paino: 0.06lb \/ 25g<\/p>\n","protected":false},"excerpt":{"rendered":"<p><strong>Ota kiinni jokainen valons\u00e4de<\/strong><\/p>\n<p>Pid\u00e4 auringonvalo 90\u00b0 kulmassa ja keskit\u00e4 auringons\u00e4teet aurinkopaneelin pinnalle. Aurinkokulmaopas auttaa sinua maksimoimaan aurinkoenergian.<\/p>\n<p><strong>Todella helppok\u00e4ytt\u00f6inen<\/strong><\/p>\n<p>Kiinnit\u00e4 aurinkopaneelin reunaan. Kohdista seuraavaksi aurinkopaneeli auringon s\u00e4teisiin kulmaoppaan avulla.<\/p>\n<p><strong>Rakennettu kest\u00e4m\u00e4\u00e4n<\/strong><\/p>\n<p>Aurinkokulmaopas on etulinjassa, kun on kyse auringon s\u00e4teist\u00e4. Sen UV-kest\u00e4vien ominaisuuksien ansiosta voit maksimoida auringonvalon ja lyhent\u00e4\u00e4 latausaikoja.<\/p>\n<p data-start=\"0\" data-end=\"374\"><em><strong>Tuotteet l\u00e4hetet\u00e4\u00e4n 1-2\u00a0arkip\u00e4iv\u00e4ss\u00e4<\/strong><\/em><\/p>\n","protected":false},"featured_media":4426,"comment_status":"open","ping_status":"closed","template":"","meta":[],"product_brand":[],"product_cat":[27,15],"product_tag":[],"class_list":{"0":"post-4425","1":"product","2":"type-product","3":"status-publish","4":"has-post-thumbnail","6":"product_cat-aurinkopaneelit","7":"product_cat-products","8":"product_shipping_class-campaign-shipping","9":"pa_brands-ecoflow","11":"first","12":"instock","13":"taxable","14":"shipping-taxable","15":"purchasable","16":"product-type-simple"},"_links":{"self":[{"href":"https:\/\/texus.fi\/fi\/wp-json\/wp\/v2\/product\/4425","targetHints":{"allow":["GET"]}}],"collection":[{"href":"https:\/\/texus.fi\/fi\/wp-json\/wp\/v2\/product"}],"about":[{"href":"https:\/\/texus.fi\/fi\/wp-json\/wp\/v2\/types\/product"}],"replies":[{"embeddable":true,"href":"https:\/\/texus.fi\/fi\/wp-json\/wp\/v2\/comments?post=4425"}],"wp:featuredmedia":[{"embeddable":true,"href":"https:\/\/texus.fi\/fi\/wp-json\/wp\/v2\/media\/4426"}],"wp:attachment":[{"href":"https:\/\/texus.fi\/fi\/wp-json\/wp\/v2\/media?parent=4425"}],"wp:term":[{"taxonomy":"product_brand","embeddable":true,"href":"https:\/\/texus.fi\/fi\/wp-json\/wp\/v2\/product_brand?post=4425"},{"taxonomy":"product_cat","embeddable":true,"href":"https:\/\/texus.fi\/fi\/wp-json\/wp\/v2\/product_cat?post=4425"},{"taxonomy":"product_tag","embeddable":true,"href":"https:\/\/texus.fi\/fi\/wp-json\/wp\/v2\/product_tag?post=4425"}],"curies":[{"name":"wp","href":"https:\/\/api.w.org\/{rel}","templated":true}]}}